{"id":4708,"date":"2025-11-07T11:49:22","date_gmt":"2025-11-07T10:49:22","guid":{"rendered":"https:\/\/www.kipmi.com\/?page_id=4708"},"modified":"2025-11-07T13:09:25","modified_gmt":"2025-11-07T12:09:25","slug":"relation-client","status":"publish","type":"page","link":"https:\/\/www.kipmi.com\/index.php\/ressources\/ebooks-centre-de-connaissance\/relation-client\/","title":{"rendered":"Relation Client"},"content":{"rendered":"\n<div class=\"wp-block-group has-global-padding is-layout-constrained wp-container-core-group-is-layout-71b76342 wp-block-group-is-layout-constrained has-background\" style=\"padding-top:var(--wp--preset--spacing--50);padding-right:var(--wp--preset--spacing--30);padding-bottom:var(--wp--preset--spacing--30);padding-left:var(--wp--preset--spacing--30);background-image:url(&apos;https:\/\/www.kipmi.com\/wp-content\/uploads\/2025\/07\/header-bg-3-scaled-1.png&apos;);background-size:cover;\"><div style=\"--bb--crumb-gap:.4em; padding-top:var(--wp--preset--spacing--30);padding-bottom:var(--wp--preset--spacing--30);\" class=\"wp-block-boldblocks-breadcrumb-block\"><nav role=\"navigation\" aria-label=\"Breadcrumbs\" class=\"breadcrumb\"><ol class=\"breadcrumb-items\"><li class=\"breadcrumb-item breadcrumb-item--current breadcrumb-item--home\"><span class=\"breadcrumb-item-name\">Accueil<\/span><\/li><\/ol><\/nav><\/div>\n\n\n<div class=\"wp-block-columns is-layout-flex wp-container-core-columns-is-layout-28f84493 wp-block-columns-is-layout-flex\">\n<div class=\"wp-block-column is-layout-flow wp-block-column-is-layout-flow\" style=\"flex-basis:60%\">\n<h2 class=\"wp-block-heading\">Nouveau Paradigme<strong> <\/strong><br><strong>De LA Relation Client<\/strong><\/h2>\n\n\n\n<h3 class=\"wp-block-heading\">Transformez votre relation client dans l&rsquo;assurance<\/h3>\n\n\n\n<p>D\u00e9couvrez comment cette technologie transforme l&rsquo;exp\u00e9rience client, s\u00e9curise les transactions et simplifie vos processus KYC. T\u00e9l\u00e9chargez notre livre blanc pour anticiper les enjeux de 2026 et transformer vos obligations r\u00e9glementaires en avantage concurrentiel.<br><\/p>\n\n\n\n<ul class=\"wp-block-list is-style-checkmark-list\">\n<li><strong>La confiance num\u00e9rique : un enjeux strat\u00e9gique pour l&rsquo;assurance<\/strong><br><\/li>\n\n\n\n<li><strong>L&rsquo;EUDI wallet : Fonctionnement et impacts sur le secteur de l&rsquo;assurance<\/strong><br><\/li>\n\n\n\n<li><strong>Cas d&rsquo;usage concret : transformer l&rsquo;exp\u00e9rience client gr\u00e2ce \u00e0 l&rsquo;EUDI wallet<\/strong><br><\/li>\n\n\n\n<li><strong>Feuille de route strat\u00e9gique pour les assureurs<\/strong><br><\/li>\n<\/ul>\n<\/div>\n\n\n\n<div class=\"wp-block-column is-layout-flow wp-block-column-is-layout-flow\" style=\"flex-basis:5%\"><\/div>\n\n\n\n<div class=\"wp-block-column is-layout-flow wp-block-column-is-layout-flow\" style=\"flex-basis:35%\">\n<figure class=\"wp-block-image size-full\"><img loading=\"lazy\" decoding=\"async\" width=\"509\" height=\"729\" src=\"https:\/\/www.kipmi.com\/wp-content\/uploads\/2025\/11\/cover_relation_client.png\" alt=\"Nouveau Paradigme de la Relation Client\" class=\"wp-image-4712\" srcset=\"https:\/\/www.kipmi.com\/wp-content\/uploads\/2025\/11\/cover_relation_client.png 509w, https:\/\/www.kipmi.com\/wp-content\/uploads\/2025\/11\/cover_relation_client-209x300.png 209w\" sizes=\"auto, (max-width: 509px) 100vw, 509px\" \/><\/figure>\n<\/div>\n<\/div>\n<\/div>\n\n\n\n<div class=\"wp-block-group has-global-padding is-layout-constrained wp-container-core-group-is-layout-7a94f013 wp-block-group-is-layout-constrained\" style=\"padding-top:var(--wp--preset--spacing--30);padding-right:var(--wp--preset--spacing--30);padding-bottom:var(--wp--preset--spacing--30);padding-left:var(--wp--preset--spacing--30)\">\n<p class=\"has-text-align-center desc\">T\u00e9l\u00e9chargement<\/p>\n\n\n\n<h2 class=\"wp-block-heading has-text-align-center\">Demandez votre ebook <br><strong>gratuitement maintenant<\/strong><\/h2>\n\n\n\n<div style=\"height:30px\" aria-hidden=\"true\" class=\"wp-block-spacer\"><\/div>\n\n\n\n<div class=\"wp-block-columns is-layout-flex wp-container-core-columns-is-layout-28f84493 wp-block-columns-is-layout-flex\">\n<div class=\"wp-block-column is-layout-flow wp-block-column-is-layout-flow\">\n<div class=\"wp-block-group has-base-2-background-color has-background has-global-padding is-layout-constrained wp-container-core-group-is-layout-80fb368b wp-block-group-is-layout-constrained\" style=\"border-radius:2rem;padding-top:var(--wp--preset--spacing--30);padding-right:var(--wp--preset--spacing--30);padding-bottom:var(--wp--preset--spacing--30);padding-left:var(--wp--preset--spacing--30)\">\n<div class=\"wpcf7 no-js\" id=\"wpcf7-f4707-o1\" lang=\"fr-FR\" dir=\"ltr\" data-wpcf7-id=\"4707\">\n<div class=\"screen-reader-response\"><p role=\"status\" aria-live=\"polite\" aria-atomic=\"true\"><\/p> <ul><\/ul><\/div>\n<form action=\"\/index.php\/wp-json\/wp\/v2\/pages\/4708#wpcf7-f4707-o1\" method=\"post\" class=\"wpcf7-form init\" aria-label=\"Formulaire de contact\" novalidate=\"novalidate\" data-status=\"init\">\n<fieldset class=\"hidden-fields-container\"><input type=\"hidden\" name=\"_wpcf7\" value=\"4707\" \/><input type=\"hidden\" name=\"_wpcf7_version\" value=\"6.1\" \/><input type=\"hidden\" name=\"_wpcf7_locale\" value=\"fr_FR\" \/><input type=\"hidden\" name=\"_wpcf7_unit_tag\" value=\"wpcf7-f4707-o1\" \/><input type=\"hidden\" name=\"_wpcf7_container_post\" value=\"0\" \/><input type=\"hidden\" name=\"_wpcf7_posted_data_hash\" value=\"\" \/>\n<\/fieldset>\n<p><label> Pr\u00e9nom<br \/>\n<span class=\"wpcf7-form-control-wrap\" data-name=\"your-firstname\"><input size=\"40\" maxlength=\"400\" class=\"wpcf7-form-control wpcf7-text wpcf7-validates-as-required\" autocomplete=\"name\" aria-required=\"true\" aria-invalid=\"false\" value=\"\" type=\"text\" name=\"your-firstname\" \/><\/span> <\/label><br \/>\n<label> Nom<br \/>\n<span class=\"wpcf7-form-control-wrap\" data-name=\"your-lastname\"><input size=\"40\" maxlength=\"400\" class=\"wpcf7-form-control wpcf7-text wpcf7-validates-as-required\" autocomplete=\"name\" aria-required=\"true\" aria-invalid=\"false\" value=\"\" type=\"text\" name=\"your-lastname\" \/><\/span> <\/label><br \/>\n<label> Adresse e-mail professionnelle<br \/>\n<span class=\"wpcf7-form-control-wrap\" data-name=\"your-email\"><input size=\"40\" maxlength=\"400\" class=\"wpcf7-form-control wpcf7-email wpcf7-validates-as-required wpcf7-text wpcf7-validates-as-email\" autocomplete=\"email\" aria-required=\"true\" aria-invalid=\"false\" value=\"\" type=\"email\" name=\"your-email\" \/><\/span> <\/label><br \/>\n<label> Entreprise<br \/>\n<span class=\"wpcf7-form-control-wrap\" data-name=\"your-entreprise\"><input size=\"40\" maxlength=\"400\" class=\"wpcf7-form-control wpcf7-text wpcf7-validates-as-required\" autocomplete=\"entreprise\" aria-required=\"true\" aria-invalid=\"false\" value=\"\" type=\"text\" name=\"your-entreprise\" \/><\/span> <\/label>\n<\/p>\n<p class=\"font-size-small\">Les informations recueillies via ce formulaire sont utilis\u00e9es uniquement pour traiter votre demande. Pour en savoir plus, consultez notre <a href=\"https:\/\/www.kipmi.com\/index.php\/politique-de-confidentialite-2\/\">politique de confidentialit\u00e9<\/a><a>.<\/a>\n<\/p>\n<p><input class=\"wpcf7-form-control wpcf7-submit has-spinner\" type=\"submit\" value=\"Demander\" \/>\n<\/p><div class=\"wpcf7-response-output\" aria-hidden=\"true\"><\/div>\n<\/form>\n<\/div>\n\n<\/div>\n<\/div>\n\n\n\n<div class=\"wp-block-column is-layout-flow wp-block-column-is-layout-flow\">\n<figure class=\"wp-block-image size-large\" style=\"margin-right:var(--wp--preset--spacing--30);margin-left:var(--wp--preset--spacing--30)\"><img loading=\"lazy\" decoding=\"async\" width=\"1024\" height=\"726\" src=\"https:\/\/www.kipmi.com\/wp-content\/uploads\/2025\/11\/Relation-Client-Double-Page-1024x726.jpg\" alt=\"Cas d'usage concrets gr\u00e2ce \u00e0 l'EUDI wallet\" class=\"wp-image-4710\" srcset=\"https:\/\/www.kipmi.com\/wp-content\/uploads\/2025\/11\/Relation-Client-Double-Page-1024x726.jpg 1024w, https:\/\/www.kipmi.com\/wp-content\/uploads\/2025\/11\/Relation-Client-Double-Page-300x213.jpg 300w, https:\/\/www.kipmi.com\/wp-content\/uploads\/2025\/11\/Relation-Client-Double-Page-768x545.jpg 768w, https:\/\/www.kipmi.com\/wp-content\/uploads\/2025\/11\/Relation-Client-Double-Page.jpg 1214w\" sizes=\"auto, (max-width: 1024px) 100vw, 1024px\" \/><\/figure>\n<\/div>\n<\/div>\n<\/div>\n\n\n\n<p><\/p>\n","protected":false},"excerpt":{"rendered":"<p>Nouveau Paradigme De LA Relation Client Transformez votre relation client dans l&rsquo;assurance D\u00e9couvrez comment cette technologie transforme l&rsquo;exp\u00e9rience client, s\u00e9curise les transactions et simplifie vos processus KYC. T\u00e9l\u00e9chargez notre livre blanc pour anticiper les enjeux de 2026 et transformer vos obligations r\u00e9glementaires en avantage concurrentiel. T\u00e9l\u00e9chargement Demandez votre ebook gratuitement maintenant<\/p>\n","protected":false},"author":10,"featured_media":4060,"parent":2251,"menu_order":0,"comment_status":"closed","ping_status":"closed","template":"fullscreen","meta":{"footnotes":""},"class_list":["post-4708","page","type-page","status-publish","has-post-thumbnail","hentry"],"yoast_head":"<!-- This site is optimized with the Yoast SEO plugin v25.5 - https:\/\/yoast.com\/wordpress\/plugins\/seo\/ -->\n<title>Wallet Confiance num\u00e9rique - Kipmi<\/title>\n<meta name=\"description\" content=\"D\u00e9couvrez notre guide pratique - Wallet &amp; Confiance num\u00e9rique - con\u00e7u pour vous fournir toutes les cl\u00e9s pour comprendre et ma\u00eetriser eIDAS 2.\" \/>\n<meta name=\"robots\" content=\"index, follow, max-snippet:-1, max-image-preview:large, max-video-preview:-1\" \/>\n<link rel=\"canonical\" href=\"https:\/\/www.kipmi.com\/index.php\/ressources\/ebooks-centre-de-connaissance\/relation-client\/\" \/>\n<meta property=\"og:locale\" content=\"fr_FR\" \/>\n<meta property=\"og:type\" content=\"article\" \/>\n<meta property=\"og:title\" content=\"Wallet Confiance num\u00e9rique - Kipmi\" \/>\n<meta property=\"og:description\" content=\"D\u00e9couvrez notre guide pratique - Wallet &amp; Confiance num\u00e9rique - con\u00e7u pour vous fournir toutes les cl\u00e9s pour comprendre et ma\u00eetriser eIDAS 2.\" \/>\n<meta property=\"og:url\" content=\"https:\/\/www.kipmi.com\/index.php\/ressources\/ebooks-centre-de-connaissance\/relation-client\/\" \/>\n<meta property=\"og:site_name\" content=\"Kipmi\" \/>\n<meta property=\"article:modified_time\" content=\"2025-11-07T12:09:25+00:00\" \/>\n<meta property=\"og:image\" content=\"https:\/\/www.kipmi.com\/wp-content\/uploads\/2025\/07\/Wallet-et-Confiance-numerique.png\" \/>\n\t<meta property=\"og:image:width\" content=\"752\" \/>\n\t<meta property=\"og:image:height\" content=\"424\" \/>\n\t<meta property=\"og:image:type\" content=\"image\/png\" \/>\n<meta name=\"twitter:card\" content=\"summary_large_image\" \/>\n<meta name=\"twitter:label1\" content=\"Dur\u00e9e de lecture estim\u00e9e\" \/>\n\t<meta name=\"twitter:data1\" content=\"2 minutes\" \/>\n<script type=\"application\/ld+json\" class=\"yoast-schema-graph\">{\"@context\":\"https:\/\/schema.org\",\"@graph\":[{\"@type\":\"WebPage\",\"@id\":\"https:\/\/www.kipmi.com\/index.php\/ressources\/ebooks-centre-de-connaissance\/relation-client\/\",\"url\":\"https:\/\/www.kipmi.com\/index.php\/ressources\/ebooks-centre-de-connaissance\/relation-client\/\",\"name\":\"Wallet Confiance num\u00e9rique - Kipmi\",\"isPartOf\":{\"@id\":\"https:\/\/www.kipmi.com\/#website\"},\"primaryImageOfPage\":{\"@id\":\"https:\/\/www.kipmi.com\/index.php\/ressources\/ebooks-centre-de-connaissance\/relation-client\/#primaryimage\"},\"image\":{\"@id\":\"https:\/\/www.kipmi.com\/index.php\/ressources\/ebooks-centre-de-connaissance\/relation-client\/#primaryimage\"},\"thumbnailUrl\":\"https:\/\/www.kipmi.com\/wp-content\/uploads\/2025\/07\/Wallet-et-Confiance-numerique.png\",\"datePublished\":\"2025-11-07T10:49:22+00:00\",\"dateModified\":\"2025-11-07T12:09:25+00:00\",\"description\":\"D\u00e9couvrez notre guide pratique - Wallet & Confiance num\u00e9rique - con\u00e7u pour vous fournir toutes les cl\u00e9s pour comprendre et ma\u00eetriser eIDAS 2.\",\"breadcrumb\":{\"@id\":\"https:\/\/www.kipmi.com\/index.php\/ressources\/ebooks-centre-de-connaissance\/relation-client\/#breadcrumb\"},\"inLanguage\":\"fr-FR\",\"potentialAction\":[{\"@type\":\"ReadAction\",\"target\":[\"https:\/\/www.kipmi.com\/index.php\/ressources\/ebooks-centre-de-connaissance\/relation-client\/\"]}]},{\"@type\":\"ImageObject\",\"inLanguage\":\"fr-FR\",\"@id\":\"https:\/\/www.kipmi.com\/index.php\/ressources\/ebooks-centre-de-connaissance\/relation-client\/#primaryimage\",\"url\":\"https:\/\/www.kipmi.com\/wp-content\/uploads\/2025\/07\/Wallet-et-Confiance-numerique.png\",\"contentUrl\":\"https:\/\/www.kipmi.com\/wp-content\/uploads\/2025\/07\/Wallet-et-Confiance-numerique.png\",\"width\":752,\"height\":424},{\"@type\":\"BreadcrumbList\",\"@id\":\"https:\/\/www.kipmi.com\/index.php\/ressources\/ebooks-centre-de-connaissance\/relation-client\/#breadcrumb\",\"itemListElement\":[{\"@type\":\"ListItem\",\"position\":1,\"name\":\"Home\",\"item\":\"https:\/\/www.kipmi.com\/\"},{\"@type\":\"ListItem\",\"position\":2,\"name\":\"Ressources\",\"item\":\"https:\/\/www.kipmi.com\/index.php\/ressources\/\"},{\"@type\":\"ListItem\",\"position\":3,\"name\":\"eBooks\",\"item\":\"https:\/\/www.kipmi.com\/index.php\/ressources\/ebooks-centre-de-connaissance\/\"},{\"@type\":\"ListItem\",\"position\":4,\"name\":\"Relation Client\"}]},{\"@type\":\"WebSite\",\"@id\":\"https:\/\/www.kipmi.com\/#website\",\"url\":\"https:\/\/www.kipmi.com\/\",\"name\":\"Kipmi\",\"description\":\"Digital Trust Continuity\",\"publisher\":{\"@id\":\"https:\/\/www.kipmi.com\/#organization\"},\"potentialAction\":[{\"@type\":\"SearchAction\",\"target\":{\"@type\":\"EntryPoint\",\"urlTemplate\":\"https:\/\/www.kipmi.com\/?s={search_term_string}\"},\"query-input\":{\"@type\":\"PropertyValueSpecification\",\"valueRequired\":true,\"valueName\":\"search_term_string\"}}],\"inLanguage\":\"fr-FR\"},{\"@type\":\"Organization\",\"@id\":\"https:\/\/www.kipmi.com\/#organization\",\"name\":\"Kipmi\",\"url\":\"https:\/\/www.kipmi.com\/\",\"logo\":{\"@type\":\"ImageObject\",\"inLanguage\":\"fr-FR\",\"@id\":\"https:\/\/www.kipmi.com\/#\/schema\/logo\/image\/\",\"url\":\"https:\/\/www.kipmi.com\/wp-content\/uploads\/2025\/07\/logo-kipmi.svg\",\"contentUrl\":\"https:\/\/www.kipmi.com\/wp-content\/uploads\/2025\/07\/logo-kipmi.svg\",\"width\":636,\"height\":135,\"caption\":\"Kipmi\"},\"image\":{\"@id\":\"https:\/\/www.kipmi.com\/#\/schema\/logo\/image\/\"}}]}<\/script>\n<!-- \/ Yoast SEO plugin. -->","yoast_head_json":{"title":"Wallet Confiance num\u00e9rique - Kipmi","description":"D\u00e9couvrez notre guide pratique - Wallet & Confiance num\u00e9rique - con\u00e7u pour vous fournir toutes les cl\u00e9s pour comprendre et ma\u00eetriser eIDAS 2.","robots":{"index":"index","follow":"follow","max-snippet":"max-snippet:-1","max-image-preview":"max-image-preview:large","max-video-preview":"max-video-preview:-1"},"canonical":"https:\/\/www.kipmi.com\/index.php\/ressources\/ebooks-centre-de-connaissance\/relation-client\/","og_locale":"fr_FR","og_type":"article","og_title":"Wallet Confiance num\u00e9rique - Kipmi","og_description":"D\u00e9couvrez notre guide pratique - Wallet & Confiance num\u00e9rique - con\u00e7u pour vous fournir toutes les cl\u00e9s pour comprendre et ma\u00eetriser eIDAS 2.","og_url":"https:\/\/www.kipmi.com\/index.php\/ressources\/ebooks-centre-de-connaissance\/relation-client\/","og_site_name":"Kipmi","article_modified_time":"2025-11-07T12:09:25+00:00","og_image":[{"width":752,"height":424,"url":"https:\/\/www.kipmi.com\/wp-content\/uploads\/2025\/07\/Wallet-et-Confiance-numerique.png","type":"image\/png"}],"twitter_card":"summary_large_image","twitter_misc":{"Dur\u00e9e de lecture estim\u00e9e":"2 minutes"},"schema":{"@context":"https:\/\/schema.org","@graph":[{"@type":"WebPage","@id":"https:\/\/www.kipmi.com\/index.php\/ressources\/ebooks-centre-de-connaissance\/relation-client\/","url":"https:\/\/www.kipmi.com\/index.php\/ressources\/ebooks-centre-de-connaissance\/relation-client\/","name":"Wallet Confiance num\u00e9rique - Kipmi","isPartOf":{"@id":"https:\/\/www.kipmi.com\/#website"},"primaryImageOfPage":{"@id":"https:\/\/www.kipmi.com\/index.php\/ressources\/ebooks-centre-de-connaissance\/relation-client\/#primaryimage"},"image":{"@id":"https:\/\/www.kipmi.com\/index.php\/ressources\/ebooks-centre-de-connaissance\/relation-client\/#primaryimage"},"thumbnailUrl":"https:\/\/www.kipmi.com\/wp-content\/uploads\/2025\/07\/Wallet-et-Confiance-numerique.png","datePublished":"2025-11-07T10:49:22+00:00","dateModified":"2025-11-07T12:09:25+00:00","description":"D\u00e9couvrez notre guide pratique - Wallet & Confiance num\u00e9rique - con\u00e7u pour vous fournir toutes les cl\u00e9s pour comprendre et ma\u00eetriser eIDAS 2.","breadcrumb":{"@id":"https:\/\/www.kipmi.com\/index.php\/ressources\/ebooks-centre-de-connaissance\/relation-client\/#breadcrumb"},"inLanguage":"fr-FR","potentialAction":[{"@type":"ReadAction","target":["https:\/\/www.kipmi.com\/index.php\/ressources\/ebooks-centre-de-connaissance\/relation-client\/"]}]},{"@type":"ImageObject","inLanguage":"fr-FR","@id":"https:\/\/www.kipmi.com\/index.php\/ressources\/ebooks-centre-de-connaissance\/relation-client\/#primaryimage","url":"https:\/\/www.kipmi.com\/wp-content\/uploads\/2025\/07\/Wallet-et-Confiance-numerique.png","contentUrl":"https:\/\/www.kipmi.com\/wp-content\/uploads\/2025\/07\/Wallet-et-Confiance-numerique.png","width":752,"height":424},{"@type":"BreadcrumbList","@id":"https:\/\/www.kipmi.com\/index.php\/ressources\/ebooks-centre-de-connaissance\/relation-client\/#breadcrumb","itemListElement":[{"@type":"ListItem","position":1,"name":"Home","item":"https:\/\/www.kipmi.com\/"},{"@type":"ListItem","position":2,"name":"Ressources","item":"https:\/\/www.kipmi.com\/index.php\/ressources\/"},{"@type":"ListItem","position":3,"name":"eBooks","item":"https:\/\/www.kipmi.com\/index.php\/ressources\/ebooks-centre-de-connaissance\/"},{"@type":"ListItem","position":4,"name":"Relation Client"}]},{"@type":"WebSite","@id":"https:\/\/www.kipmi.com\/#website","url":"https:\/\/www.kipmi.com\/","name":"Kipmi","description":"Digital Trust Continuity","publisher":{"@id":"https:\/\/www.kipmi.com\/#organization"},"potentialAction":[{"@type":"SearchAction","target":{"@type":"EntryPoint","urlTemplate":"https:\/\/www.kipmi.com\/?s={search_term_string}"},"query-input":{"@type":"PropertyValueSpecification","valueRequired":true,"valueName":"search_term_string"}}],"inLanguage":"fr-FR"},{"@type":"Organization","@id":"https:\/\/www.kipmi.com\/#organization","name":"Kipmi","url":"https:\/\/www.kipmi.com\/","logo":{"@type":"ImageObject","inLanguage":"fr-FR","@id":"https:\/\/www.kipmi.com\/#\/schema\/logo\/image\/","url":"https:\/\/www.kipmi.com\/wp-content\/uploads\/2025\/07\/logo-kipmi.svg","contentUrl":"https:\/\/www.kipmi.com\/wp-content\/uploads\/2025\/07\/logo-kipmi.svg","width":636,"height":135,"caption":"Kipmi"},"image":{"@id":"https:\/\/www.kipmi.com\/#\/schema\/logo\/image\/"}}]}},"_links":{"self":[{"href":"https:\/\/www.kipmi.com\/index.php\/wp-json\/wp\/v2\/pages\/4708","targetHints":{"allow":["GET"]}}],"collection":[{"href":"https:\/\/www.kipmi.com\/index.php\/wp-json\/wp\/v2\/pages"}],"about":[{"href":"https:\/\/www.kipmi.com\/index.php\/wp-json\/wp\/v2\/types\/page"}],"author":[{"embeddable":true,"href":"https:\/\/www.kipmi.com\/index.php\/wp-json\/wp\/v2\/users\/10"}],"replies":[{"embeddable":true,"href":"https:\/\/www.kipmi.com\/index.php\/wp-json\/wp\/v2\/comments?post=4708"}],"version-history":[{"count":6,"href":"https:\/\/www.kipmi.com\/index.php\/wp-json\/wp\/v2\/pages\/4708\/revisions"}],"predecessor-version":[{"id":4717,"href":"https:\/\/www.kipmi.com\/index.php\/wp-json\/wp\/v2\/pages\/4708\/revisions\/4717"}],"up":[{"embeddable":true,"href":"https:\/\/www.kipmi.com\/index.php\/wp-json\/wp\/v2\/pages\/2251"}],"wp:featuredmedia":[{"embeddable":true,"href":"https:\/\/www.kipmi.com\/index.php\/wp-json\/wp\/v2\/media\/4060"}],"wp:attachment":[{"href":"https:\/\/www.kipmi.com\/index.php\/wp-json\/wp\/v2\/media?parent=4708"}],"curies":[{"name":"wp","href":"https:\/\/api.w.org\/{rel}","templated":true}]}}