{"id":4564,"date":"2025-09-30T11:03:46","date_gmt":"2025-09-30T09:03:46","guid":{"rendered":"https:\/\/www.kipmi.com\/?page_id=4564"},"modified":"2025-09-30T11:03:46","modified_gmt":"2025-09-30T09:03:46","slug":"mentions-legales","status":"publish","type":"page","link":"https:\/\/www.kipmi.com\/index.php\/mentions-legales\/","title":{"rendered":"Mentions l\u00e9gales"},"content":{"rendered":"\n<h3 class=\"wp-block-heading\">\u00c9diteur<\/h3>\n\n\n\n<p>BE INVEST International S.A.<\/p>\n\n\n\n<p>Soci\u00e9t\u00e9 anonyme au capital de 50.000 euros, immatricul\u00e9e au Registre de Commerce et des Soci\u00e9t\u00e9s de Luxembourg sous le num\u00e9ro B208856, avec si\u00e8ge social au 17, rue L\u00e9on Laval, 3372&nbsp;Leudelange, Grand-Duch\u00e9 de Luxembourg<\/p>\n\n\n\n<p>Administrateur D\u00e9l\u00e9gu\u00e9 : Younes EL GUI<\/p>\n\n\n\n<p>Autorisation d\u2019\u00e9tablissement n\u00b010072055 \/ 0<\/p>\n\n\n\n<p>N\u00b0 TVA LU29222134<\/p>\n\n\n\n<p>T\u00e9l\u00e9phone : +352 315 150 915<\/p>\n\n\n\n<p>Email :&nbsp;&nbsp;<a href=\"mailto:contact@be-ys.com\">contact@be-ys.com<\/a><\/p>\n\n\n\n<h3 class=\"wp-block-heading\">Directeur de la publication<\/h3>\n\n\n\n<p>Flora&nbsp;Blanvillain<\/p>\n\n\n\n<p>Responsable Communication<\/p>\n\n\n\n<h3 class=\"wp-block-heading\">H\u00e9bergeur<\/h3>\n\n\n\n<p>BE YS CLOUD FRANCE<\/p>\n\n\n\n<p>Soci\u00e9t\u00e9 par actions simplifi\u00e9e au capital de 510.000 euros, immatricul\u00e9e au Registre du Commerce et des Soci\u00e9t\u00e9s de Clermont-Ferrand sous le num\u00e9ro&nbsp;<\/p>\n\n\n\n<p>838 375 780, avec si\u00e8ge social au 46 rue du ressort, 63100 Clermont-Ferrand, France.<\/p>\n","protected":false},"excerpt":{"rendered":"<p>\u00c9diteur BE INVEST International S.A. Soci\u00e9t\u00e9 anonyme au capital de 50.000 euros, immatricul\u00e9e au Registre de Commerce et des Soci\u00e9t\u00e9s de Luxembourg sous le num\u00e9ro B208856, avec si\u00e8ge social au 17, rue L\u00e9on Laval, 3372&nbsp;Leudelange, Grand-Duch\u00e9 de Luxembourg Administrateur D\u00e9l\u00e9gu\u00e9 : Younes EL GUI Autorisation d\u2019\u00e9tablissement n\u00b010072055 \/ 0 N\u00b0 TVA LU29222134 T\u00e9l\u00e9phone : +352 [&hellip;]<\/p>\n","protected":false},"author":4,"featured_media":0,"parent":0,"menu_order":0,"comment_status":"closed","ping_status":"closed","template":"","meta":{"footnotes":""},"class_list":["post-4564","page","type-page","status-publish","hentry"],"yoast_head":"<!-- This site is optimized with the Yoast SEO plugin v25.5 - https:\/\/yoast.com\/wordpress\/plugins\/seo\/ -->\n<title>Mentions l\u00e9gales - Kipmi<\/title>\n<meta name=\"robots\" content=\"index, follow, max-snippet:-1, max-image-preview:large, max-video-preview:-1\" \/>\n<link rel=\"canonical\" href=\"https:\/\/www.kipmi.com\/index.php\/mentions-legales\/\" \/>\n<meta property=\"og:locale\" content=\"fr_FR\" \/>\n<meta property=\"og:type\" content=\"article\" \/>\n<meta property=\"og:title\" content=\"Mentions l\u00e9gales - Kipmi\" \/>\n<meta property=\"og:description\" content=\"\u00c9diteur BE INVEST International S.A. Soci\u00e9t\u00e9 anonyme au capital de 50.000 euros, immatricul\u00e9e au Registre de Commerce et des Soci\u00e9t\u00e9s de Luxembourg sous le num\u00e9ro B208856, avec si\u00e8ge social au 17, rue L\u00e9on Laval, 3372&nbsp;Leudelange, Grand-Duch\u00e9 de Luxembourg Administrateur D\u00e9l\u00e9gu\u00e9 : Younes EL GUI Autorisation d\u2019\u00e9tablissement n\u00b010072055 \/ 0 N\u00b0 TVA LU29222134 T\u00e9l\u00e9phone : +352 [&hellip;]\" \/>\n<meta property=\"og:url\" content=\"https:\/\/www.kipmi.com\/index.php\/mentions-legales\/\" \/>\n<meta property=\"og:site_name\" content=\"Kipmi\" \/>\n<meta name=\"twitter:card\" content=\"summary_large_image\" \/>\n<meta name=\"twitter:label1\" content=\"Dur\u00e9e de lecture estim\u00e9e\" \/>\n\t<meta name=\"twitter:data1\" content=\"1 minute\" \/>\n<script type=\"application\/ld+json\" class=\"yoast-schema-graph\">{\"@context\":\"https:\/\/schema.org\",\"@graph\":[{\"@type\":\"WebPage\",\"@id\":\"https:\/\/www.kipmi.com\/index.php\/mentions-legales\/\",\"url\":\"https:\/\/www.kipmi.com\/index.php\/mentions-legales\/\",\"name\":\"Mentions l\u00e9gales - Kipmi\",\"isPartOf\":{\"@id\":\"https:\/\/www.kipmi.com\/#website\"},\"datePublished\":\"2025-09-30T09:03:46+00:00\",\"breadcrumb\":{\"@id\":\"https:\/\/www.kipmi.com\/index.php\/mentions-legales\/#breadcrumb\"},\"inLanguage\":\"fr-FR\",\"potentialAction\":[{\"@type\":\"ReadAction\",\"target\":[\"https:\/\/www.kipmi.com\/index.php\/mentions-legales\/\"]}]},{\"@type\":\"BreadcrumbList\",\"@id\":\"https:\/\/www.kipmi.com\/index.php\/mentions-legales\/#breadcrumb\",\"itemListElement\":[{\"@type\":\"ListItem\",\"position\":1,\"name\":\"Home\",\"item\":\"https:\/\/www.kipmi.com\/\"},{\"@type\":\"ListItem\",\"position\":2,\"name\":\"Mentions l\u00e9gales\"}]},{\"@type\":\"WebSite\",\"@id\":\"https:\/\/www.kipmi.com\/#website\",\"url\":\"https:\/\/www.kipmi.com\/\",\"name\":\"Kipmi\",\"description\":\"Digital Trust Continuity\",\"publisher\":{\"@id\":\"https:\/\/www.kipmi.com\/#organization\"},\"potentialAction\":[{\"@type\":\"SearchAction\",\"target\":{\"@type\":\"EntryPoint\",\"urlTemplate\":\"https:\/\/www.kipmi.com\/?s={search_term_string}\"},\"query-input\":{\"@type\":\"PropertyValueSpecification\",\"valueRequired\":true,\"valueName\":\"search_term_string\"}}],\"inLanguage\":\"fr-FR\"},{\"@type\":\"Organization\",\"@id\":\"https:\/\/www.kipmi.com\/#organization\",\"name\":\"Kipmi\",\"url\":\"https:\/\/www.kipmi.com\/\",\"logo\":{\"@type\":\"ImageObject\",\"inLanguage\":\"fr-FR\",\"@id\":\"https:\/\/www.kipmi.com\/#\/schema\/logo\/image\/\",\"url\":\"https:\/\/www.kipmi.com\/wp-content\/uploads\/2025\/07\/logo-kipmi.svg\",\"contentUrl\":\"https:\/\/www.kipmi.com\/wp-content\/uploads\/2025\/07\/logo-kipmi.svg\",\"width\":636,\"height\":135,\"caption\":\"Kipmi\"},\"image\":{\"@id\":\"https:\/\/www.kipmi.com\/#\/schema\/logo\/image\/\"}}]}<\/script>\n<!-- \/ Yoast SEO plugin. -->","yoast_head_json":{"title":"Mentions l\u00e9gales - Kipmi","robots":{"index":"index","follow":"follow","max-snippet":"max-snippet:-1","max-image-preview":"max-image-preview:large","max-video-preview":"max-video-preview:-1"},"canonical":"https:\/\/www.kipmi.com\/index.php\/mentions-legales\/","og_locale":"fr_FR","og_type":"article","og_title":"Mentions l\u00e9gales - Kipmi","og_description":"\u00c9diteur BE INVEST International S.A. Soci\u00e9t\u00e9 anonyme au capital de 50.000 euros, immatricul\u00e9e au Registre de Commerce et des Soci\u00e9t\u00e9s de Luxembourg sous le num\u00e9ro B208856, avec si\u00e8ge social au 17, rue L\u00e9on Laval, 3372&nbsp;Leudelange, Grand-Duch\u00e9 de Luxembourg Administrateur D\u00e9l\u00e9gu\u00e9 : Younes EL GUI Autorisation d\u2019\u00e9tablissement n\u00b010072055 \/ 0 N\u00b0 TVA LU29222134 T\u00e9l\u00e9phone : +352 [&hellip;]","og_url":"https:\/\/www.kipmi.com\/index.php\/mentions-legales\/","og_site_name":"Kipmi","twitter_card":"summary_large_image","twitter_misc":{"Dur\u00e9e de lecture estim\u00e9e":"1 minute"},"schema":{"@context":"https:\/\/schema.org","@graph":[{"@type":"WebPage","@id":"https:\/\/www.kipmi.com\/index.php\/mentions-legales\/","url":"https:\/\/www.kipmi.com\/index.php\/mentions-legales\/","name":"Mentions l\u00e9gales - Kipmi","isPartOf":{"@id":"https:\/\/www.kipmi.com\/#website"},"datePublished":"2025-09-30T09:03:46+00:00","breadcrumb":{"@id":"https:\/\/www.kipmi.com\/index.php\/mentions-legales\/#breadcrumb"},"inLanguage":"fr-FR","potentialAction":[{"@type":"ReadAction","target":["https:\/\/www.kipmi.com\/index.php\/mentions-legales\/"]}]},{"@type":"BreadcrumbList","@id":"https:\/\/www.kipmi.com\/index.php\/mentions-legales\/#breadcrumb","itemListElement":[{"@type":"ListItem","position":1,"name":"Home","item":"https:\/\/www.kipmi.com\/"},{"@type":"ListItem","position":2,"name":"Mentions l\u00e9gales"}]},{"@type":"WebSite","@id":"https:\/\/www.kipmi.com\/#website","url":"https:\/\/www.kipmi.com\/","name":"Kipmi","description":"Digital Trust Continuity","publisher":{"@id":"https:\/\/www.kipmi.com\/#organization"},"potentialAction":[{"@type":"SearchAction","target":{"@type":"EntryPoint","urlTemplate":"https:\/\/www.kipmi.com\/?s={search_term_string}"},"query-input":{"@type":"PropertyValueSpecification","valueRequired":true,"valueName":"search_term_string"}}],"inLanguage":"fr-FR"},{"@type":"Organization","@id":"https:\/\/www.kipmi.com\/#organization","name":"Kipmi","url":"https:\/\/www.kipmi.com\/","logo":{"@type":"ImageObject","inLanguage":"fr-FR","@id":"https:\/\/www.kipmi.com\/#\/schema\/logo\/image\/","url":"https:\/\/www.kipmi.com\/wp-content\/uploads\/2025\/07\/logo-kipmi.svg","contentUrl":"https:\/\/www.kipmi.com\/wp-content\/uploads\/2025\/07\/logo-kipmi.svg","width":636,"height":135,"caption":"Kipmi"},"image":{"@id":"https:\/\/www.kipmi.com\/#\/schema\/logo\/image\/"}}]}},"_links":{"self":[{"href":"https:\/\/www.kipmi.com\/index.php\/wp-json\/wp\/v2\/pages\/4564","targetHints":{"allow":["GET"]}}],"collection":[{"href":"https:\/\/www.kipmi.com\/index.php\/wp-json\/wp\/v2\/pages"}],"about":[{"href":"https:\/\/www.kipmi.com\/index.php\/wp-json\/wp\/v2\/types\/page"}],"author":[{"embeddable":true,"href":"https:\/\/www.kipmi.com\/index.php\/wp-json\/wp\/v2\/users\/4"}],"replies":[{"embeddable":true,"href":"https:\/\/www.kipmi.com\/index.php\/wp-json\/wp\/v2\/comments?post=4564"}],"version-history":[{"count":2,"href":"https:\/\/www.kipmi.com\/index.php\/wp-json\/wp\/v2\/pages\/4564\/revisions"}],"predecessor-version":[{"id":4566,"href":"https:\/\/www.kipmi.com\/index.php\/wp-json\/wp\/v2\/pages\/4564\/revisions\/4566"}],"wp:attachment":[{"href":"https:\/\/www.kipmi.com\/index.php\/wp-json\/wp\/v2\/media?parent=4564"}],"curies":[{"name":"wp","href":"https:\/\/api.w.org\/{rel}","templated":true}]}}