{"id":450,"date":"2024-12-03T15:07:31","date_gmt":"2024-12-03T15:07:31","guid":{"rendered":"http:\/\/localhost\/beys-web\/?page_id=450"},"modified":"2026-03-02T16:44:52","modified_gmt":"2026-03-02T15:44:52","slug":"partenaire-certifie-et-qualifie-contact","status":"publish","type":"page","link":"https:\/\/www.kipmi.com\/index.php\/le-groupe-kipmi\/partenaire-certifie-et-qualifie-contact\/","title":{"rendered":"Contact"},"content":{"rendered":"\n<div class=\"wp-block-group has-global-padding is-layout-constrained wp-container-core-group-is-layout-4dd4bdbc wp-block-group-is-layout-constrained has-background\" style=\"margin-bottom:var(--wp--preset--spacing--40);padding-top:var(--wp--preset--spacing--50);padding-right:var(--wp--preset--spacing--30);padding-bottom:var(--wp--preset--spacing--30);padding-left:var(--wp--preset--spacing--30);background-image:url(&apos;https:\/\/www.kipmi.com\/wp-content\/uploads\/2025\/07\/header-bg-3-scaled-1.png&apos;);background-size:cover;\"><div style=\"--bb--crumb-gap:.4em; padding-top:var(--wp--preset--spacing--30);padding-bottom:var(--wp--preset--spacing--30);\" class=\"wp-block-boldblocks-breadcrumb-block\"><nav role=\"navigation\" aria-label=\"Breadcrumbs\" class=\"breadcrumb\"><ol class=\"breadcrumb-items\"><li class=\"breadcrumb-item breadcrumb-item--current breadcrumb-item--home\"><span class=\"breadcrumb-item-name\">Accueil<\/span><\/li><\/ol><\/nav><\/div>\n\n\n<div class=\"wp-block-columns is-layout-flex wp-container-core-columns-is-layout-28f84493 wp-block-columns-is-layout-flex\">\n<div class=\"wp-block-column is-layout-flow wp-block-column-is-layout-flow\" style=\"flex-basis:60%\">\n<h2 class=\"wp-block-heading has-xx-large-font-size\"><strong>Contactez-nous<\/strong><\/h2>\n\n\n\n<p class=\"desc\">D\u00e9couvrez nos solutions d&rsquo;identit\u00e9 et de confiance num\u00e9riques<\/p>\n\n\n\n<p>Un seul partenaire pour acc\u00e9l\u00e9rer en toute s\u00e9curit\u00e9 votre transformation digitale : identifier et valider l\u2019identit\u00e9 de vos clients, utilisateurs et futurs collaborateurs, signer et adresser tous types de contrats, envoyer vos courriers et documents \u00e9lectroniquement avec toutes les garanties l\u00e9gales, archiver et stocker vos informations, et h\u00e9berger vos solutions sur notre cloud souverain. <br><em>Certains produits sont en cours de<\/em> <em>qualification et certification en cours aupr\u00e8s de l&rsquo;ANSSI. <\/em><\/p>\n<\/div>\n\n\n\n<div class=\"wp-block-column is-layout-flow wp-block-column-is-layout-flow\" style=\"flex-basis:5%\"><\/div>\n\n\n\n<div class=\"wp-block-column is-layout-flow wp-block-column-is-layout-flow\" style=\"flex-basis:35%\"><figure class=\"wp-block-post-featured-image\"><img loading=\"lazy\" decoding=\"async\" width=\"1504\" height=\"848\" src=\"https:\/\/www.kipmi.com\/wp-content\/uploads\/2025\/07\/contact-kipmi.png\" class=\"attachment-post-thumbnail size-post-thumbnail wp-post-image\" alt=\"\" style=\"object-fit:cover;\" srcset=\"https:\/\/www.kipmi.com\/wp-content\/uploads\/2025\/07\/contact-kipmi.png 1504w, https:\/\/www.kipmi.com\/wp-content\/uploads\/2025\/07\/contact-kipmi-300x169.png 300w, https:\/\/www.kipmi.com\/wp-content\/uploads\/2025\/07\/contact-kipmi-1024x577.png 1024w, https:\/\/www.kipmi.com\/wp-content\/uploads\/2025\/07\/contact-kipmi-768x433.png 768w\" sizes=\"auto, (max-width: 1504px) 100vw, 1504px\" \/><\/figure><\/div>\n<\/div>\n<\/div>\n\n\n\n<div class=\"wp-block-group has-global-padding is-layout-constrained wp-container-core-group-is-layout-530ec779 wp-block-group-is-layout-constrained\">\n<div class=\"wp-block-columns has-base-2-background-color has-background is-layout-flex wp-container-core-columns-is-layout-d6668fc8 wp-block-columns-is-layout-flex\" style=\"border-radius:1rem;padding-top:var(--wp--preset--spacing--20);padding-right:var(--wp--preset--spacing--40);padding-bottom:var(--wp--preset--spacing--20);padding-left:var(--wp--preset--spacing--40)\">\n<div class=\"wp-block-column is-vertically-aligned-top is-layout-flow wp-block-column-is-layout-flow\" style=\"padding-top:var(--wp--preset--spacing--40);padding-right:var(--wp--preset--spacing--60);padding-bottom:var(--wp--preset--spacing--40)\">\n<h2 class=\"wp-block-heading has-text-align-left\">Planifiez d\u00e8s maintenant <br><strong>un rendez-vous<\/strong><\/h2>\n\n\n\n<p>Nos \u00e9quipes sont \u00e0 votre \u00e9coute pour \u00e9tudier vos processus m\u00e9tiers afin d\u2019int\u00e9grer <a href=\"https:\/\/www.kipmi.com\/index.php\/solutions-identite-numerique-produits\/confiance-numerique-solutions\/\"><strong>nos solutions<\/strong><\/a> dans votre \u00e9cosyst\u00e8me et fluidifier de fa\u00e7on s\u00e9curis\u00e9e le parcours utilisateurs.&nbsp;<br>Depuis 25 ans, nous accompagnons les entreprises de tous secteurs pour traiter et g\u00e9rer leurs donn\u00e9es dans notre environnement hautement s\u00e9curis\u00e9.<\/p>\n<\/div>\n\n\n\n<div class=\"wp-block-column is-vertically-aligned-center is-layout-flow wp-block-column-is-layout-flow\" style=\"padding-top:var(--wp--preset--spacing--20);padding-right:0;padding-bottom:var(--wp--preset--spacing--20);padding-left:0;flex-basis:35%\">\n<div class=\"wpcf7 no-js\" id=\"wpcf7-f4119-o1\" lang=\"fr-FR\" dir=\"ltr\" data-wpcf7-id=\"4119\">\n<div class=\"screen-reader-response\"><p role=\"status\" aria-live=\"polite\" aria-atomic=\"true\"><\/p> <ul><\/ul><\/div>\n<form action=\"\/index.php\/wp-json\/wp\/v2\/pages\/450#wpcf7-f4119-o1\" method=\"post\" class=\"wpcf7-form init\" aria-label=\"Formulaire de contact\" novalidate=\"novalidate\" data-status=\"init\">\n<fieldset class=\"hidden-fields-container\"><input type=\"hidden\" name=\"_wpcf7\" value=\"4119\" \/><input type=\"hidden\" name=\"_wpcf7_version\" value=\"6.1\" \/><input type=\"hidden\" name=\"_wpcf7_locale\" value=\"fr_FR\" \/><input type=\"hidden\" name=\"_wpcf7_unit_tag\" value=\"wpcf7-f4119-o1\" \/><input type=\"hidden\" name=\"_wpcf7_container_post\" value=\"0\" \/><input type=\"hidden\" name=\"_wpcf7_posted_data_hash\" value=\"\" \/>\n<\/fieldset>\n<p><label> Votre nom<br \/>\n<span class=\"wpcf7-form-control-wrap\" data-name=\"your-name\"><input size=\"40\" maxlength=\"400\" class=\"wpcf7-form-control wpcf7-text wpcf7-validates-as-required\" autocomplete=\"name\" aria-required=\"true\" aria-invalid=\"false\" value=\"\" type=\"text\" name=\"your-name\" \/><\/span> <\/label>\n<\/p>\n<p><label> Votre e-mail<br \/>\n<span class=\"wpcf7-form-control-wrap\" data-name=\"your-email\"><input size=\"40\" maxlength=\"400\" class=\"wpcf7-form-control wpcf7-email wpcf7-validates-as-required wpcf7-text wpcf7-validates-as-email\" autocomplete=\"email\" aria-required=\"true\" aria-invalid=\"false\" value=\"\" type=\"email\" name=\"your-email\" \/><\/span> <\/label>\n<\/p>\n<p><label> Objet<br \/>\n<span class=\"wpcf7-form-control-wrap\" data-name=\"your-subject\"><input size=\"40\" maxlength=\"400\" class=\"wpcf7-form-control wpcf7-text wpcf7-validates-as-required\" aria-required=\"true\" aria-invalid=\"false\" value=\"\" type=\"text\" name=\"your-subject\" \/><\/span> <\/label>\n<\/p>\n<p><label> Votre message (facultatif)<br \/>\n<span class=\"wpcf7-form-control-wrap\" data-name=\"your-message\"><textarea cols=\"40\" rows=\"10\" maxlength=\"2000\" class=\"wpcf7-form-control wpcf7-textarea\" aria-invalid=\"false\" name=\"your-message\"><\/textarea><\/span> <\/label>\n<\/p>\n<p class=\"font-size-small\">Les informations recueillies via ce formulaire sont utilis\u00e9es uniquement pour traiter votre demande. Pour en savoir plus, consultez notre <a href=\"https:\/\/www.kipmi.com\/index.php\/politique-de-confidentialite-2\/\">politique de confidentialit\u00e9<\/a><a>.<\/a>\n<\/p>\n<p><input class=\"wpcf7-form-control wpcf7-submit has-spinner\" type=\"submit\" value=\"Envoyer\" \/>\n<\/p><div class=\"wpcf7-response-output\" aria-hidden=\"true\"><\/div>\n<\/form>\n<\/div>\n\n<\/div>\n<\/div>\n\n\n\n<p>&nbsp;<\/p>\n<\/div>\n\n\n\n<div class=\"wp-block-group has-global-padding is-layout-constrained wp-container-core-group-is-layout-7a94f013 wp-block-group-is-layout-constrained\" style=\"padding-top:var(--wp--preset--spacing--30);padding-right:var(--wp--preset--spacing--30);padding-bottom:var(--wp--preset--spacing--30);padding-left:var(--wp--preset--spacing--30)\">\n<h2 class=\"wp-block-heading has-text-align-center\">o\u00f9 <strong>nous trouver ?<\/strong><\/h2>\n\n\n\n<p class=\"has-text-align-center\">Avec une \u00e9quipe d&rsquo;experts, nous proposons des services sur mesure pour l&rsquo;<a href=\"https:\/\/www.kipmi.com\/index.php\/cas-dusage\/solutions-identite-secteurs-dactivites\/transactions-immobilieres-immobilier\/\"><strong>immobilier<\/strong><\/a>, <br>les <a href=\"https:\/\/www.kipmi.com\/index.php\/cas-dusage\/solutions-identite-secteurs-dactivites\/ressources-humaines\/\"><strong>ressources humaines<\/strong><\/a> et l&rsquo;<a href=\"https:\/\/www.kipmi.com\/index.php\/cas-dusage\/solutions-identite-secteurs-dactivites\/assurance\/\"><strong>assurance<\/strong><\/a>. Rejoignez-nous pour fa\u00e7onner un avenir num\u00e9rique s\u00e9curis\u00e9 !<\/p>\n\n\n\n<div class=\"wp-block-columns is-layout-flex wp-container-core-columns-is-layout-28f84493 wp-block-columns-is-layout-flex\">\n<div class=\"wp-block-column has-border-color is-layout-flow wp-block-column-is-layout-flow\" style=\"border-color:#b5bdbc;border-width:1px;border-radius:2rem;padding-top:var(--wp--preset--spacing--30);padding-right:var(--wp--preset--spacing--30);padding-bottom:var(--wp--preset--spacing--30);padding-left:var(--wp--preset--spacing--30);flex-basis:33.33%\">\n<figure class=\"wp-block-image size-full is-resized\"><img decoding=\"async\" src=\"https:\/\/www.kipmi.com\/wp-content\/uploads\/2025\/07\/Capture-decran-2025-04-28-a-10.25.50.png\" alt=\"\" class=\"wp-image-3391\" style=\"width:82px;height:auto\"\/><\/figure>\n\n\n\n<h3 class=\"wp-block-heading\"><strong>Paris<\/strong><\/h3>\n\n\n\n<p>Notre bureau \u00e0 Paris est un centre dynamique pour les solutions de cybers\u00e9curit\u00e9 et d\u2019identit\u00e9 num\u00e9rique.<\/p>\n<\/div>\n\n\n\n<div class=\"wp-block-column is-layout-flow wp-block-column-is-layout-flow\" style=\"border-radius:2rem;flex-basis:66.66%\">\n<iframe src=\"https:\/\/www.openstreetmap.org\/export\/embed.html?bbox=2.338124513626099%2C48.87144220403947%2C2.3416650295257573%2C48.87296647123768&amp;layer=mapnik&amp;marker=48.87220434344342%2C2.3398947715759277\" width=\"100%\" height=\"450\" style=\"border:0;\" allowfullscreen=\"\" loading=\"lazy\" referrerpolicy=\"no-referrer-when-downgrade\"><\/iframe>\n<\/div>\n<\/div>\n\n\n\n<div class=\"wp-block-columns is-layout-flex wp-container-core-columns-is-layout-28f84493 wp-block-columns-is-layout-flex\">\n<div class=\"wp-block-column has-border-color is-layout-flow wp-block-column-is-layout-flow\" style=\"border-color:#b5bdbc;border-width:1px;border-radius:2rem;padding-top:var(--wp--preset--spacing--30);padding-right:var(--wp--preset--spacing--30);padding-bottom:var(--wp--preset--spacing--30);padding-left:var(--wp--preset--spacing--30);flex-basis:33.33%\">\n<figure class=\"wp-block-image size-full is-resized\"><img decoding=\"async\" src=\"https:\/\/www.kipmi.com\/wp-content\/uploads\/2025\/07\/Capture-decran-2025-04-28-a-10.25.50.png\" alt=\"\" class=\"wp-image-3391\" style=\"width:82px;height:auto\"\/><\/figure>\n\n\n\n<h3 class=\"wp-block-heading\"><strong>Clermont-Ferrand<\/strong><\/h3>\n\n\n\n<p>Notre espace de travail moderne favorise la collaboration et l\u2019innovation, nous permettant de mener dans le paysage en constante \u00e9volution de la cybers\u00e9curit\u00e9.<\/p>\n<\/div>\n\n\n\n<div class=\"wp-block-column is-layout-flow wp-block-column-is-layout-flow\" style=\"border-radius:2rem;flex-basis:66.66%\">\n<iframe src=\"https:\/\/www.openstreetmap.org\/export\/embed.html?bbox=3.1052148342132573%2C45.784045470686465%2C3.1193768978118896%2C45.79050946752472&amp;layer=mapnik&amp;marker=45.787277562802686%2C3.1122958660125732\" width=\"100%\" height=\"450\" style=\"border:0;\" allowfullscreen=\"\" loading=\"lazy\" referrerpolicy=\"no-referrer-when-downgrade\"><\/iframe>\n<\/div>\n<\/div>\n<\/div>\n\n\n\n<div style=\"height:84px\" aria-hidden=\"true\" class=\"wp-block-spacer\"><\/div>\n\n\n\n<div class=\"wp-block-group bg-info has-global-padding is-layout-constrained wp-container-core-group-is-layout-908fb752 wp-block-group-is-layout-constrained\" style=\"padding-top:var(--wp--preset--spacing--50);padding-right:var(--wp--preset--spacing--30);padding-bottom:var(--wp--preset--spacing--40);padding-left:var(--wp--preset--spacing--30)\">\n<h2 class=\"wp-block-heading\">Demandes <strong>g\u00e9n\u00e9rales<\/strong><\/h2>\n\n\n\n<p>Pour toute demande g\u00e9n\u00e9rale, y compris les opportunit\u00e9s de partenariat, <br>veuillez envoyer un email \u00e0 <a href=\"mailto:contact@be-ys.com\"><strong>contact@be-ys.com<\/strong><\/a><\/p>\n\n\n\n<div class=\"wp-block-buttons is-layout-flex wp-block-buttons-is-layout-flex\">\n<div class=\"wp-block-button\"><a class=\"wp-block-button__link wp-element-button\" href=\"https:\/\/www.kipmi.com\/index.php\/le-groupe-kipmi\/partenaire-certifie-et-qualifie-contact\/\">Contactez-nous<\/a><\/div>\n<\/div>\n<\/div>\n","protected":false},"excerpt":{"rendered":"<p>D\u00e9couvrez nos solutions d\u2019identit\u00e9 et de confiance num\u00e9rique.<\/p>\n<p>Un seul partenaire certifi\u00e9 et qualifi\u00e9 pour acc\u00e9l\u00e9rer en toute s\u00e9curit\u00e9 votre transformation digitale : identifier et valider l\u2019identit\u00e9 de vos clients, utilisateurs et futurs collaborateurs, signer et adresser tous types de contrats, envoyer vos courriers et documents \u00e9lectroniquement avec toutes les garanties l\u00e9gales, archiver et stocker vos informations, et h\u00e9berger vos solutions sur notre cloud souverain.\u00a0<\/p>\n<p>Planifiez d\u00e8s maintenant un rendez-vous. Nos \u00e9quipes sont \u00e0 votre \u00e9coute pour \u00e9tudier vos processus m\u00e9tiers afin d\u2019int\u00e9grer nos solutions dans votre \u00e9cosyst\u00e8me et fluidifier de fa\u00e7on s\u00e9curis\u00e9e le parcours utilisateurs.\u00a0<br \/>\nDepuis 25 ans, nous accompagnons les entreprises de tous secteurs pour traiter et g\u00e9rer leurs donn\u00e9es dans notre environnement hautement s\u00e9curis\u00e9.\u00a0<\/p>\n","protected":false},"author":2,"featured_media":3950,"parent":445,"menu_order":0,"comment_status":"closed","ping_status":"closed","template":"fullscreen","meta":{"footnotes":""},"class_list":["post-450","page","type-page","status-publish","has-post-thumbnail","hentry"],"yoast_head":"<!-- This site is optimized with the Yoast SEO plugin v25.5 - https:\/\/yoast.com\/wordpress\/plugins\/seo\/ -->\n<title>Partenaire certifi\u00e9 et qualifi\u00e9 - Contact - Kipmi<\/title>\n<meta name=\"description\" content=\"Contactez le seul partenaire certifi\u00e9 et qualifi\u00e9 pour acc\u00e9l\u00e9rer en toute s\u00e9curit\u00e9 votre transformation digitale.\" \/>\n<meta name=\"robots\" content=\"index, follow, max-snippet:-1, max-image-preview:large, max-video-preview:-1\" \/>\n<link rel=\"canonical\" href=\"https:\/\/www.kipmi.com\/index.php\/le-groupe-kipmi\/partenaire-certifie-et-qualifie-contact\/\" \/>\n<meta property=\"og:locale\" content=\"fr_FR\" \/>\n<meta property=\"og:type\" content=\"article\" \/>\n<meta property=\"og:title\" content=\"Partenaire certifi\u00e9 et qualifi\u00e9 - Contact - Kipmi\" \/>\n<meta property=\"og:description\" content=\"Contactez le seul partenaire certifi\u00e9 et qualifi\u00e9 pour acc\u00e9l\u00e9rer en toute s\u00e9curit\u00e9 votre transformation digitale.\" \/>\n<meta property=\"og:url\" content=\"https:\/\/www.kipmi.com\/index.php\/le-groupe-kipmi\/partenaire-certifie-et-qualifie-contact\/\" \/>\n<meta property=\"og:site_name\" content=\"Kipmi\" \/>\n<meta property=\"article:modified_time\" content=\"2026-03-02T15:44:52+00:00\" \/>\n<meta property=\"og:image\" content=\"https:\/\/www.kipmi.com\/wp-content\/uploads\/2025\/07\/contact-kipmi.png\" \/>\n\t<meta property=\"og:image:width\" content=\"1504\" \/>\n\t<meta property=\"og:image:height\" content=\"848\" \/>\n\t<meta property=\"og:image:type\" content=\"image\/png\" \/>\n<meta name=\"twitter:card\" content=\"summary_large_image\" \/>\n<meta name=\"twitter:label1\" content=\"Dur\u00e9e de lecture estim\u00e9e\" \/>\n\t<meta name=\"twitter:data1\" content=\"2 minutes\" \/>\n<script type=\"application\/ld+json\" class=\"yoast-schema-graph\">{\"@context\":\"https:\/\/schema.org\",\"@graph\":[{\"@type\":\"WebPage\",\"@id\":\"https:\/\/www.kipmi.com\/index.php\/le-groupe-kipmi\/partenaire-certifie-et-qualifie-contact\/\",\"url\":\"https:\/\/www.kipmi.com\/index.php\/le-groupe-kipmi\/partenaire-certifie-et-qualifie-contact\/\",\"name\":\"Partenaire certifi\u00e9 et qualifi\u00e9 - Contact - Kipmi\",\"isPartOf\":{\"@id\":\"https:\/\/www.kipmi.com\/#website\"},\"primaryImageOfPage\":{\"@id\":\"https:\/\/www.kipmi.com\/index.php\/le-groupe-kipmi\/partenaire-certifie-et-qualifie-contact\/#primaryimage\"},\"image\":{\"@id\":\"https:\/\/www.kipmi.com\/index.php\/le-groupe-kipmi\/partenaire-certifie-et-qualifie-contact\/#primaryimage\"},\"thumbnailUrl\":\"https:\/\/www.kipmi.com\/wp-content\/uploads\/2025\/07\/contact-kipmi.png\",\"datePublished\":\"2024-12-03T15:07:31+00:00\",\"dateModified\":\"2026-03-02T15:44:52+00:00\",\"description\":\"Contactez le seul partenaire certifi\u00e9 et qualifi\u00e9 pour acc\u00e9l\u00e9rer en toute s\u00e9curit\u00e9 votre transformation digitale.\",\"breadcrumb\":{\"@id\":\"https:\/\/www.kipmi.com\/index.php\/le-groupe-kipmi\/partenaire-certifie-et-qualifie-contact\/#breadcrumb\"},\"inLanguage\":\"fr-FR\",\"potentialAction\":[{\"@type\":\"ReadAction\",\"target\":[\"https:\/\/www.kipmi.com\/index.php\/le-groupe-kipmi\/partenaire-certifie-et-qualifie-contact\/\"]}]},{\"@type\":\"ImageObject\",\"inLanguage\":\"fr-FR\",\"@id\":\"https:\/\/www.kipmi.com\/index.php\/le-groupe-kipmi\/partenaire-certifie-et-qualifie-contact\/#primaryimage\",\"url\":\"https:\/\/www.kipmi.com\/wp-content\/uploads\/2025\/07\/contact-kipmi.png\",\"contentUrl\":\"https:\/\/www.kipmi.com\/wp-content\/uploads\/2025\/07\/contact-kipmi.png\",\"width\":1504,\"height\":848},{\"@type\":\"BreadcrumbList\",\"@id\":\"https:\/\/www.kipmi.com\/index.php\/le-groupe-kipmi\/partenaire-certifie-et-qualifie-contact\/#breadcrumb\",\"itemListElement\":[{\"@type\":\"ListItem\",\"position\":1,\"name\":\"Home\",\"item\":\"https:\/\/www.kipmi.com\/\"},{\"@type\":\"ListItem\",\"position\":2,\"name\":\"Le groupe\",\"item\":\"https:\/\/www.kipmi.com\/index.php\/le-groupe-kipmi\/\"},{\"@type\":\"ListItem\",\"position\":3,\"name\":\"Contact\"}]},{\"@type\":\"WebSite\",\"@id\":\"https:\/\/www.kipmi.com\/#website\",\"url\":\"https:\/\/www.kipmi.com\/\",\"name\":\"Kipmi\",\"description\":\"Digital Trust Continuity\",\"publisher\":{\"@id\":\"https:\/\/www.kipmi.com\/#organization\"},\"potentialAction\":[{\"@type\":\"SearchAction\",\"target\":{\"@type\":\"EntryPoint\",\"urlTemplate\":\"https:\/\/www.kipmi.com\/?s={search_term_string}\"},\"query-input\":{\"@type\":\"PropertyValueSpecification\",\"valueRequired\":true,\"valueName\":\"search_term_string\"}}],\"inLanguage\":\"fr-FR\"},{\"@type\":\"Organization\",\"@id\":\"https:\/\/www.kipmi.com\/#organization\",\"name\":\"Kipmi\",\"url\":\"https:\/\/www.kipmi.com\/\",\"logo\":{\"@type\":\"ImageObject\",\"inLanguage\":\"fr-FR\",\"@id\":\"https:\/\/www.kipmi.com\/#\/schema\/logo\/image\/\",\"url\":\"https:\/\/www.kipmi.com\/wp-content\/uploads\/2025\/07\/logo-kipmi.svg\",\"contentUrl\":\"https:\/\/www.kipmi.com\/wp-content\/uploads\/2025\/07\/logo-kipmi.svg\",\"width\":636,\"height\":135,\"caption\":\"Kipmi\"},\"image\":{\"@id\":\"https:\/\/www.kipmi.com\/#\/schema\/logo\/image\/\"}}]}<\/script>\n<!-- \/ Yoast SEO plugin. -->","yoast_head_json":{"title":"Partenaire certifi\u00e9 et qualifi\u00e9 - Contact - Kipmi","description":"Contactez le seul partenaire certifi\u00e9 et qualifi\u00e9 pour acc\u00e9l\u00e9rer en toute s\u00e9curit\u00e9 votre transformation digitale.","robots":{"index":"index","follow":"follow","max-snippet":"max-snippet:-1","max-image-preview":"max-image-preview:large","max-video-preview":"max-video-preview:-1"},"canonical":"https:\/\/www.kipmi.com\/index.php\/le-groupe-kipmi\/partenaire-certifie-et-qualifie-contact\/","og_locale":"fr_FR","og_type":"article","og_title":"Partenaire certifi\u00e9 et qualifi\u00e9 - Contact - Kipmi","og_description":"Contactez le seul partenaire certifi\u00e9 et qualifi\u00e9 pour acc\u00e9l\u00e9rer en toute s\u00e9curit\u00e9 votre transformation digitale.","og_url":"https:\/\/www.kipmi.com\/index.php\/le-groupe-kipmi\/partenaire-certifie-et-qualifie-contact\/","og_site_name":"Kipmi","article_modified_time":"2026-03-02T15:44:52+00:00","og_image":[{"width":1504,"height":848,"url":"https:\/\/www.kipmi.com\/wp-content\/uploads\/2025\/07\/contact-kipmi.png","type":"image\/png"}],"twitter_card":"summary_large_image","twitter_misc":{"Dur\u00e9e de lecture estim\u00e9e":"2 minutes"},"schema":{"@context":"https:\/\/schema.org","@graph":[{"@type":"WebPage","@id":"https:\/\/www.kipmi.com\/index.php\/le-groupe-kipmi\/partenaire-certifie-et-qualifie-contact\/","url":"https:\/\/www.kipmi.com\/index.php\/le-groupe-kipmi\/partenaire-certifie-et-qualifie-contact\/","name":"Partenaire certifi\u00e9 et qualifi\u00e9 - Contact - Kipmi","isPartOf":{"@id":"https:\/\/www.kipmi.com\/#website"},"primaryImageOfPage":{"@id":"https:\/\/www.kipmi.com\/index.php\/le-groupe-kipmi\/partenaire-certifie-et-qualifie-contact\/#primaryimage"},"image":{"@id":"https:\/\/www.kipmi.com\/index.php\/le-groupe-kipmi\/partenaire-certifie-et-qualifie-contact\/#primaryimage"},"thumbnailUrl":"https:\/\/www.kipmi.com\/wp-content\/uploads\/2025\/07\/contact-kipmi.png","datePublished":"2024-12-03T15:07:31+00:00","dateModified":"2026-03-02T15:44:52+00:00","description":"Contactez le seul partenaire certifi\u00e9 et qualifi\u00e9 pour acc\u00e9l\u00e9rer en toute s\u00e9curit\u00e9 votre transformation digitale.","breadcrumb":{"@id":"https:\/\/www.kipmi.com\/index.php\/le-groupe-kipmi\/partenaire-certifie-et-qualifie-contact\/#breadcrumb"},"inLanguage":"fr-FR","potentialAction":[{"@type":"ReadAction","target":["https:\/\/www.kipmi.com\/index.php\/le-groupe-kipmi\/partenaire-certifie-et-qualifie-contact\/"]}]},{"@type":"ImageObject","inLanguage":"fr-FR","@id":"https:\/\/www.kipmi.com\/index.php\/le-groupe-kipmi\/partenaire-certifie-et-qualifie-contact\/#primaryimage","url":"https:\/\/www.kipmi.com\/wp-content\/uploads\/2025\/07\/contact-kipmi.png","contentUrl":"https:\/\/www.kipmi.com\/wp-content\/uploads\/2025\/07\/contact-kipmi.png","width":1504,"height":848},{"@type":"BreadcrumbList","@id":"https:\/\/www.kipmi.com\/index.php\/le-groupe-kipmi\/partenaire-certifie-et-qualifie-contact\/#breadcrumb","itemListElement":[{"@type":"ListItem","position":1,"name":"Home","item":"https:\/\/www.kipmi.com\/"},{"@type":"ListItem","position":2,"name":"Le groupe","item":"https:\/\/www.kipmi.com\/index.php\/le-groupe-kipmi\/"},{"@type":"ListItem","position":3,"name":"Contact"}]},{"@type":"WebSite","@id":"https:\/\/www.kipmi.com\/#website","url":"https:\/\/www.kipmi.com\/","name":"Kipmi","description":"Digital Trust Continuity","publisher":{"@id":"https:\/\/www.kipmi.com\/#organization"},"potentialAction":[{"@type":"SearchAction","target":{"@type":"EntryPoint","urlTemplate":"https:\/\/www.kipmi.com\/?s={search_term_string}"},"query-input":{"@type":"PropertyValueSpecification","valueRequired":true,"valueName":"search_term_string"}}],"inLanguage":"fr-FR"},{"@type":"Organization","@id":"https:\/\/www.kipmi.com\/#organization","name":"Kipmi","url":"https:\/\/www.kipmi.com\/","logo":{"@type":"ImageObject","inLanguage":"fr-FR","@id":"https:\/\/www.kipmi.com\/#\/schema\/logo\/image\/","url":"https:\/\/www.kipmi.com\/wp-content\/uploads\/2025\/07\/logo-kipmi.svg","contentUrl":"https:\/\/www.kipmi.com\/wp-content\/uploads\/2025\/07\/logo-kipmi.svg","width":636,"height":135,"caption":"Kipmi"},"image":{"@id":"https:\/\/www.kipmi.com\/#\/schema\/logo\/image\/"}}]}},"_links":{"self":[{"href":"https:\/\/www.kipmi.com\/index.php\/wp-json\/wp\/v2\/pages\/450","targetHints":{"allow":["GET"]}}],"collection":[{"href":"https:\/\/www.kipmi.com\/index.php\/wp-json\/wp\/v2\/pages"}],"about":[{"href":"https:\/\/www.kipmi.com\/index.php\/wp-json\/wp\/v2\/types\/page"}],"author":[{"embeddable":true,"href":"https:\/\/www.kipmi.com\/index.php\/wp-json\/wp\/v2\/users\/2"}],"replies":[{"embeddable":true,"href":"https:\/\/www.kipmi.com\/index.php\/wp-json\/wp\/v2\/comments?post=450"}],"version-history":[{"count":4,"href":"https:\/\/www.kipmi.com\/index.php\/wp-json\/wp\/v2\/pages\/450\/revisions"}],"predecessor-version":[{"id":4934,"href":"https:\/\/www.kipmi.com\/index.php\/wp-json\/wp\/v2\/pages\/450\/revisions\/4934"}],"up":[{"embeddable":true,"href":"https:\/\/www.kipmi.com\/index.php\/wp-json\/wp\/v2\/pages\/445"}],"wp:featuredmedia":[{"embeddable":true,"href":"https:\/\/www.kipmi.com\/index.php\/wp-json\/wp\/v2\/media\/3950"}],"wp:attachment":[{"href":"https:\/\/www.kipmi.com\/index.php\/wp-json\/wp\/v2\/media?parent=450"}],"curies":[{"name":"wp","href":"https:\/\/api.w.org\/{rel}","templated":true}]}}