{"id":2748,"date":"2025-04-28T12:13:32","date_gmt":"2025-04-28T10:13:32","guid":{"rendered":"http:\/\/localhost:8888\/MAMP\/kipmi\/?page_id=2748"},"modified":"2026-02-10T14:30:09","modified_gmt":"2026-02-10T13:30:09","slug":"solutions-pour-entreprise-kipmi","status":"publish","type":"page","link":"https:\/\/www.kipmi.com\/index.php\/cas-dusage\/solutions-pour-entreprise-kipmi\/","title":{"rendered":"KIPMI"},"content":{"rendered":"\n<div class=\"wp-block-group has-global-padding is-layout-constrained wp-container-core-group-is-layout-71b76342 wp-block-group-is-layout-constrained has-background\" style=\"padding-top:var(--wp--preset--spacing--50);padding-right:var(--wp--preset--spacing--30);padding-bottom:var(--wp--preset--spacing--30);padding-left:var(--wp--preset--spacing--30);background-image:url(&apos;https:\/\/www.kipmi.com\/wp-content\/uploads\/2025\/07\/header-bg-3-scaled-1.png&apos;);background-size:cover;\"><div style=\"--bb--crumb-gap:.4em; padding-top:var(--wp--preset--spacing--30);padding-bottom:var(--wp--preset--spacing--30);\" class=\"wp-block-boldblocks-breadcrumb-block\"><nav role=\"navigation\" aria-label=\"Breadcrumbs\" class=\"breadcrumb\"><ol class=\"breadcrumb-items\"><li class=\"breadcrumb-item breadcrumb-item--current breadcrumb-item--home\"><span class=\"breadcrumb-item-name\">Accueil<\/span><\/li><\/ol><\/nav><\/div>\n\n\n<div class=\"wp-block-columns is-layout-flex wp-container-core-columns-is-layout-28f84493 wp-block-columns-is-layout-flex\">\n<div class=\"wp-block-column is-layout-flow wp-block-column-is-layout-flow\" style=\"flex-basis:60%\">\n<h2 class=\"wp-block-heading\">Kipmi<\/h2>\n\n\n\n<p>R\u00e9inventez vos processus avec nos solutions d\u2019identit\u00e9 et de confiance num\u00e9riques pour votre entreprise. Proposez \u00e0 vos clients et partenaires une exp\u00e9rience simplifi\u00e9e, \u00e9quipez votre entreprise d\u2019une plateforme \u00e9volutive, modulaire et s\u00e9curis\u00e9e, et am\u00e9liorez l\u2019efficacit\u00e9 de vos processus pour faire face \u00e0 la pression concurrentielle.<\/p>\n<\/div>\n\n\n\n<div class=\"wp-block-column is-layout-flow wp-block-column-is-layout-flow\" style=\"flex-basis:5%\"><\/div>\n\n\n\n<div class=\"wp-block-column is-layout-flow wp-block-column-is-layout-flow\" style=\"flex-basis:35%\"><figure class=\"wp-block-post-featured-image\"><img loading=\"lazy\" decoding=\"async\" width=\"1200\" height=\"677\" src=\"https:\/\/www.kipmi.com\/wp-content\/uploads\/2025\/07\/UseCases_Kipmi_Hero02.png\" class=\"attachment-post-thumbnail size-post-thumbnail wp-post-image\" alt=\"\" style=\"object-fit:cover;\" srcset=\"https:\/\/www.kipmi.com\/wp-content\/uploads\/2025\/07\/UseCases_Kipmi_Hero02.png 1200w, https:\/\/www.kipmi.com\/wp-content\/uploads\/2025\/07\/UseCases_Kipmi_Hero02-300x169.png 300w, https:\/\/www.kipmi.com\/wp-content\/uploads\/2025\/07\/UseCases_Kipmi_Hero02-1024x578.png 1024w, https:\/\/www.kipmi.com\/wp-content\/uploads\/2025\/07\/UseCases_Kipmi_Hero02-768x433.png 768w\" sizes=\"auto, (max-width: 1200px) 100vw, 1200px\" \/><\/figure><\/div>\n<\/div>\n<\/div>\n\n\n\n<div class=\"wp-block-group has-global-padding is-layout-constrained wp-container-core-group-is-layout-7a94f013 wp-block-group-is-layout-constrained\" style=\"padding-top:var(--wp--preset--spacing--30);padding-right:var(--wp--preset--spacing--30);padding-bottom:var(--wp--preset--spacing--30);padding-left:var(--wp--preset--spacing--30)\">\n<p class=\"has-text-align-center desc\">Cas d&rsquo;usage<\/p>\n\n\n\n<h2 class=\"wp-block-heading has-text-align-center\">Comment utiliser <strong>nos solutions<\/strong><\/h2>\n\n\n\n<div class=\"wp-block-columns is-layout-flex wp-container-core-columns-is-layout-73586557 wp-block-columns-is-layout-flex\" style=\"margin-top:var(--wp--preset--spacing--40);margin-bottom:var(--wp--preset--spacing--40);padding-right:0;padding-left:0\">\n<div class=\"wp-block-column is-layout-flow wp-block-column-is-layout-flow\">\n<div class=\"wp-block-group has-global-padding is-layout-constrained wp-block-group-is-layout-constrained\">\n<figure class=\"wp-block-image size-full\"><a href=\"https:\/\/www.kipmi.com\/index.php\/cas-dusage\/solutions-pour-entreprise-kipmi\/strategie-rh-employee-life\/\"><img decoding=\"async\" src=\"https:\/\/www.kipmi.com\/wp-content\/uploads\/2025\/07\/UseCase_EL_Hero-2.png\" alt=\"solutions  pour entreprise - KIPMI - Strat\u00e9gie RH\" class=\"wp-image-3280\"\/><\/a><\/figure>\n\n\n\n<h3 class=\"wp-block-heading\"><a href=\"https:\/\/www.kipmi.com\/index.php\/cas-dusage\/kipmi\/strategie-rh-employee-life\/\">Employee Life<\/a><\/h3>\n<\/div>\n<\/div>\n\n\n\n<div class=\"wp-block-column is-layout-flow wp-block-column-is-layout-flow\">\n<div class=\"wp-block-group has-global-padding is-layout-constrained wp-block-group-is-layout-constrained\">\n<figure class=\"wp-block-image size-full\"><a href=\"https:\/\/www.kipmi.com\/index.php\/cas-dusage\/solutions-pour-entreprise-kipmi\/solutions-assurance-insurance-life\/\"><img decoding=\"async\" src=\"https:\/\/www.kipmi.com\/wp-content\/uploads\/2025\/07\/UseCases_Occupation_InsuranceLife.png\" alt=\"solutions pour entreprise KIPMI - Insurance Life\" class=\"wp-image-3752\"\/><\/a><\/figure>\n\n\n\n<h3 class=\"wp-block-heading\"><a href=\"https:\/\/www.kipmi.com\/index.php\/cas-dusage\/kipmi\/solutions-assurance-insurance-life\/\">Insurance Life<\/a><\/h3>\n<\/div>\n<\/div>\n\n\n\n<div class=\"wp-block-column is-layout-flow wp-block-column-is-layout-flow\"><\/div>\n<\/div>\n<\/div>\n","protected":false},"excerpt":{"rendered":"<p>Kipmi R\u00e9inventez vos processus avec nos solutions d\u2019identit\u00e9 et de confiance num\u00e9riques pour votre entreprise. Proposez \u00e0 vos clients et partenaires une exp\u00e9rience simplifi\u00e9e, \u00e9quipez votre entreprise d\u2019une plateforme \u00e9volutive, modulaire et s\u00e9curis\u00e9e, et am\u00e9liorez l\u2019efficacit\u00e9 de vos processus pour faire face \u00e0 la pression concurrentielle. Cas d&rsquo;usage Comment utiliser nos solutions<\/p>\n","protected":false},"author":2,"featured_media":4057,"parent":2171,"menu_order":0,"comment_status":"closed","ping_status":"closed","template":"fullscreen","meta":{"footnotes":""},"class_list":["post-2748","page","type-page","status-publish","has-post-thumbnail","hentry"],"yoast_head":"<!-- This site is optimized with the Yoast SEO plugin v25.5 - https:\/\/yoast.com\/wordpress\/plugins\/seo\/ -->\n<title>Solutions pour entreprise d\u2019identit\u00e9 num\u00e9rique - KIPMI - Kipmi<\/title>\n<meta name=\"description\" content=\"R\u00e9inventez vos processus avec nos solutions d\u2019identit\u00e9 et de confiance num\u00e9rique pour votre entreprise. Proposez \u00e0 vos clients et...\" \/>\n<meta name=\"robots\" content=\"index, follow, max-snippet:-1, max-image-preview:large, max-video-preview:-1\" \/>\n<link rel=\"canonical\" href=\"https:\/\/www.kipmi.com\/index.php\/cas-dusage\/solutions-pour-entreprise-kipmi\/\" \/>\n<meta property=\"og:locale\" content=\"fr_FR\" \/>\n<meta property=\"og:type\" content=\"article\" \/>\n<meta property=\"og:title\" content=\"Solutions pour entreprise d\u2019identit\u00e9 num\u00e9rique - KIPMI - Kipmi\" \/>\n<meta property=\"og:description\" content=\"R\u00e9inventez vos processus avec nos solutions d\u2019identit\u00e9 et de confiance num\u00e9rique pour votre entreprise. Proposez \u00e0 vos clients et...\" \/>\n<meta property=\"og:url\" content=\"https:\/\/www.kipmi.com\/index.php\/cas-dusage\/solutions-pour-entreprise-kipmi\/\" \/>\n<meta property=\"og:site_name\" content=\"Kipmi\" \/>\n<meta property=\"article:modified_time\" content=\"2026-02-10T13:30:09+00:00\" \/>\n<meta property=\"og:image\" content=\"https:\/\/www.kipmi.com\/wp-content\/uploads\/2025\/07\/UseCases_Kipmi_Hero02.png\" \/>\n\t<meta property=\"og:image:width\" content=\"1200\" \/>\n\t<meta property=\"og:image:height\" content=\"677\" \/>\n\t<meta property=\"og:image:type\" content=\"image\/png\" \/>\n<meta name=\"twitter:card\" content=\"summary_large_image\" \/>\n<meta name=\"twitter:label1\" content=\"Dur\u00e9e de lecture estim\u00e9e\" \/>\n\t<meta name=\"twitter:data1\" content=\"1 minute\" \/>\n<script type=\"application\/ld+json\" class=\"yoast-schema-graph\">{\"@context\":\"https:\/\/schema.org\",\"@graph\":[{\"@type\":\"WebPage\",\"@id\":\"https:\/\/www.kipmi.com\/index.php\/cas-dusage\/solutions-pour-entreprise-kipmi\/\",\"url\":\"https:\/\/www.kipmi.com\/index.php\/cas-dusage\/solutions-pour-entreprise-kipmi\/\",\"name\":\"Solutions pour entreprise d\u2019identit\u00e9 num\u00e9rique - KIPMI - Kipmi\",\"isPartOf\":{\"@id\":\"https:\/\/www.kipmi.com\/#website\"},\"primaryImageOfPage\":{\"@id\":\"https:\/\/www.kipmi.com\/index.php\/cas-dusage\/solutions-pour-entreprise-kipmi\/#primaryimage\"},\"image\":{\"@id\":\"https:\/\/www.kipmi.com\/index.php\/cas-dusage\/solutions-pour-entreprise-kipmi\/#primaryimage\"},\"thumbnailUrl\":\"https:\/\/www.kipmi.com\/wp-content\/uploads\/2025\/07\/UseCases_Kipmi_Hero02.png\",\"datePublished\":\"2025-04-28T10:13:32+00:00\",\"dateModified\":\"2026-02-10T13:30:09+00:00\",\"description\":\"R\u00e9inventez vos processus avec nos solutions d\u2019identit\u00e9 et de confiance num\u00e9rique pour votre entreprise. Proposez \u00e0 vos clients et...\",\"breadcrumb\":{\"@id\":\"https:\/\/www.kipmi.com\/index.php\/cas-dusage\/solutions-pour-entreprise-kipmi\/#breadcrumb\"},\"inLanguage\":\"fr-FR\",\"potentialAction\":[{\"@type\":\"ReadAction\",\"target\":[\"https:\/\/www.kipmi.com\/index.php\/cas-dusage\/solutions-pour-entreprise-kipmi\/\"]}]},{\"@type\":\"ImageObject\",\"inLanguage\":\"fr-FR\",\"@id\":\"https:\/\/www.kipmi.com\/index.php\/cas-dusage\/solutions-pour-entreprise-kipmi\/#primaryimage\",\"url\":\"https:\/\/www.kipmi.com\/wp-content\/uploads\/2025\/07\/UseCases_Kipmi_Hero02.png\",\"contentUrl\":\"https:\/\/www.kipmi.com\/wp-content\/uploads\/2025\/07\/UseCases_Kipmi_Hero02.png\",\"width\":1200,\"height\":677},{\"@type\":\"BreadcrumbList\",\"@id\":\"https:\/\/www.kipmi.com\/index.php\/cas-dusage\/solutions-pour-entreprise-kipmi\/#breadcrumb\",\"itemListElement\":[{\"@type\":\"ListItem\",\"position\":1,\"name\":\"Home\",\"item\":\"https:\/\/www.kipmi.com\/\"},{\"@type\":\"ListItem\",\"position\":2,\"name\":\"Cas d&rsquo;usage\",\"item\":\"https:\/\/www.kipmi.com\/index.php\/cas-dusage\/\"},{\"@type\":\"ListItem\",\"position\":3,\"name\":\"KIPMI\"}]},{\"@type\":\"WebSite\",\"@id\":\"https:\/\/www.kipmi.com\/#website\",\"url\":\"https:\/\/www.kipmi.com\/\",\"name\":\"Kipmi\",\"description\":\"Digital Trust Continuity\",\"publisher\":{\"@id\":\"https:\/\/www.kipmi.com\/#organization\"},\"potentialAction\":[{\"@type\":\"SearchAction\",\"target\":{\"@type\":\"EntryPoint\",\"urlTemplate\":\"https:\/\/www.kipmi.com\/?s={search_term_string}\"},\"query-input\":{\"@type\":\"PropertyValueSpecification\",\"valueRequired\":true,\"valueName\":\"search_term_string\"}}],\"inLanguage\":\"fr-FR\"},{\"@type\":\"Organization\",\"@id\":\"https:\/\/www.kipmi.com\/#organization\",\"name\":\"Kipmi\",\"url\":\"https:\/\/www.kipmi.com\/\",\"logo\":{\"@type\":\"ImageObject\",\"inLanguage\":\"fr-FR\",\"@id\":\"https:\/\/www.kipmi.com\/#\/schema\/logo\/image\/\",\"url\":\"https:\/\/www.kipmi.com\/wp-content\/uploads\/2025\/07\/logo-kipmi.svg\",\"contentUrl\":\"https:\/\/www.kipmi.com\/wp-content\/uploads\/2025\/07\/logo-kipmi.svg\",\"width\":636,\"height\":135,\"caption\":\"Kipmi\"},\"image\":{\"@id\":\"https:\/\/www.kipmi.com\/#\/schema\/logo\/image\/\"}}]}<\/script>\n<!-- \/ Yoast SEO plugin. -->","yoast_head_json":{"title":"Solutions pour entreprise d\u2019identit\u00e9 num\u00e9rique - KIPMI - Kipmi","description":"R\u00e9inventez vos processus avec nos solutions d\u2019identit\u00e9 et de confiance num\u00e9rique pour votre entreprise. Proposez \u00e0 vos clients et...","robots":{"index":"index","follow":"follow","max-snippet":"max-snippet:-1","max-image-preview":"max-image-preview:large","max-video-preview":"max-video-preview:-1"},"canonical":"https:\/\/www.kipmi.com\/index.php\/cas-dusage\/solutions-pour-entreprise-kipmi\/","og_locale":"fr_FR","og_type":"article","og_title":"Solutions pour entreprise d\u2019identit\u00e9 num\u00e9rique - KIPMI - Kipmi","og_description":"R\u00e9inventez vos processus avec nos solutions d\u2019identit\u00e9 et de confiance num\u00e9rique pour votre entreprise. Proposez \u00e0 vos clients et...","og_url":"https:\/\/www.kipmi.com\/index.php\/cas-dusage\/solutions-pour-entreprise-kipmi\/","og_site_name":"Kipmi","article_modified_time":"2026-02-10T13:30:09+00:00","og_image":[{"width":1200,"height":677,"url":"https:\/\/www.kipmi.com\/wp-content\/uploads\/2025\/07\/UseCases_Kipmi_Hero02.png","type":"image\/png"}],"twitter_card":"summary_large_image","twitter_misc":{"Dur\u00e9e de lecture estim\u00e9e":"1 minute"},"schema":{"@context":"https:\/\/schema.org","@graph":[{"@type":"WebPage","@id":"https:\/\/www.kipmi.com\/index.php\/cas-dusage\/solutions-pour-entreprise-kipmi\/","url":"https:\/\/www.kipmi.com\/index.php\/cas-dusage\/solutions-pour-entreprise-kipmi\/","name":"Solutions pour entreprise d\u2019identit\u00e9 num\u00e9rique - KIPMI - Kipmi","isPartOf":{"@id":"https:\/\/www.kipmi.com\/#website"},"primaryImageOfPage":{"@id":"https:\/\/www.kipmi.com\/index.php\/cas-dusage\/solutions-pour-entreprise-kipmi\/#primaryimage"},"image":{"@id":"https:\/\/www.kipmi.com\/index.php\/cas-dusage\/solutions-pour-entreprise-kipmi\/#primaryimage"},"thumbnailUrl":"https:\/\/www.kipmi.com\/wp-content\/uploads\/2025\/07\/UseCases_Kipmi_Hero02.png","datePublished":"2025-04-28T10:13:32+00:00","dateModified":"2026-02-10T13:30:09+00:00","description":"R\u00e9inventez vos processus avec nos solutions d\u2019identit\u00e9 et de confiance num\u00e9rique pour votre entreprise. Proposez \u00e0 vos clients et...","breadcrumb":{"@id":"https:\/\/www.kipmi.com\/index.php\/cas-dusage\/solutions-pour-entreprise-kipmi\/#breadcrumb"},"inLanguage":"fr-FR","potentialAction":[{"@type":"ReadAction","target":["https:\/\/www.kipmi.com\/index.php\/cas-dusage\/solutions-pour-entreprise-kipmi\/"]}]},{"@type":"ImageObject","inLanguage":"fr-FR","@id":"https:\/\/www.kipmi.com\/index.php\/cas-dusage\/solutions-pour-entreprise-kipmi\/#primaryimage","url":"https:\/\/www.kipmi.com\/wp-content\/uploads\/2025\/07\/UseCases_Kipmi_Hero02.png","contentUrl":"https:\/\/www.kipmi.com\/wp-content\/uploads\/2025\/07\/UseCases_Kipmi_Hero02.png","width":1200,"height":677},{"@type":"BreadcrumbList","@id":"https:\/\/www.kipmi.com\/index.php\/cas-dusage\/solutions-pour-entreprise-kipmi\/#breadcrumb","itemListElement":[{"@type":"ListItem","position":1,"name":"Home","item":"https:\/\/www.kipmi.com\/"},{"@type":"ListItem","position":2,"name":"Cas d&rsquo;usage","item":"https:\/\/www.kipmi.com\/index.php\/cas-dusage\/"},{"@type":"ListItem","position":3,"name":"KIPMI"}]},{"@type":"WebSite","@id":"https:\/\/www.kipmi.com\/#website","url":"https:\/\/www.kipmi.com\/","name":"Kipmi","description":"Digital Trust Continuity","publisher":{"@id":"https:\/\/www.kipmi.com\/#organization"},"potentialAction":[{"@type":"SearchAction","target":{"@type":"EntryPoint","urlTemplate":"https:\/\/www.kipmi.com\/?s={search_term_string}"},"query-input":{"@type":"PropertyValueSpecification","valueRequired":true,"valueName":"search_term_string"}}],"inLanguage":"fr-FR"},{"@type":"Organization","@id":"https:\/\/www.kipmi.com\/#organization","name":"Kipmi","url":"https:\/\/www.kipmi.com\/","logo":{"@type":"ImageObject","inLanguage":"fr-FR","@id":"https:\/\/www.kipmi.com\/#\/schema\/logo\/image\/","url":"https:\/\/www.kipmi.com\/wp-content\/uploads\/2025\/07\/logo-kipmi.svg","contentUrl":"https:\/\/www.kipmi.com\/wp-content\/uploads\/2025\/07\/logo-kipmi.svg","width":636,"height":135,"caption":"Kipmi"},"image":{"@id":"https:\/\/www.kipmi.com\/#\/schema\/logo\/image\/"}}]}},"_links":{"self":[{"href":"https:\/\/www.kipmi.com\/index.php\/wp-json\/wp\/v2\/pages\/2748","targetHints":{"allow":["GET"]}}],"collection":[{"href":"https:\/\/www.kipmi.com\/index.php\/wp-json\/wp\/v2\/pages"}],"about":[{"href":"https:\/\/www.kipmi.com\/index.php\/wp-json\/wp\/v2\/types\/page"}],"author":[{"embeddable":true,"href":"https:\/\/www.kipmi.com\/index.php\/wp-json\/wp\/v2\/users\/2"}],"replies":[{"embeddable":true,"href":"https:\/\/www.kipmi.com\/index.php\/wp-json\/wp\/v2\/comments?post=2748"}],"version-history":[{"count":3,"href":"https:\/\/www.kipmi.com\/index.php\/wp-json\/wp\/v2\/pages\/2748\/revisions"}],"predecessor-version":[{"id":4748,"href":"https:\/\/www.kipmi.com\/index.php\/wp-json\/wp\/v2\/pages\/2748\/revisions\/4748"}],"up":[{"embeddable":true,"href":"https:\/\/www.kipmi.com\/index.php\/wp-json\/wp\/v2\/pages\/2171"}],"wp:featuredmedia":[{"embeddable":true,"href":"https:\/\/www.kipmi.com\/index.php\/wp-json\/wp\/v2\/media\/4057"}],"wp:attachment":[{"href":"https:\/\/www.kipmi.com\/index.php\/wp-json\/wp\/v2\/media?parent=2748"}],"curies":[{"name":"wp","href":"https:\/\/api.w.org\/{rel}","templated":true}]}}