{"id":2744,"date":"2025-04-28T12:16:17","date_gmt":"2025-04-28T10:16:17","guid":{"rendered":"http:\/\/localhost:8888\/MAMP\/kipmi\/?page_id=2744"},"modified":"2025-07-16T18:40:43","modified_gmt":"2025-07-16T16:40:43","slug":"solutions-identite-secteurs-dactivites","status":"publish","type":"page","link":"https:\/\/www.kipmi.com\/index.php\/cas-dusage\/solutions-identite-secteurs-dactivites\/","title":{"rendered":"Secteurs d&rsquo;activit\u00e9"},"content":{"rendered":"\n<div class=\"wp-block-group has-global-padding is-layout-constrained wp-container-core-group-is-layout-71b76342 wp-block-group-is-layout-constrained has-background\" style=\"padding-top:var(--wp--preset--spacing--50);padding-right:var(--wp--preset--spacing--30);padding-bottom:var(--wp--preset--spacing--30);padding-left:var(--wp--preset--spacing--30);background-image:url(&apos;https:\/\/www.kipmi.com\/wp-content\/uploads\/2025\/07\/header-bg-3-scaled-1.png&apos;);background-size:cover;\"><div style=\"--bb--crumb-gap:.4em; padding-top:var(--wp--preset--spacing--30);padding-bottom:var(--wp--preset--spacing--30);\" class=\"wp-block-boldblocks-breadcrumb-block\"><nav role=\"navigation\" aria-label=\"Breadcrumbs\" class=\"breadcrumb\"><ol class=\"breadcrumb-items\"><li class=\"breadcrumb-item breadcrumb-item--current breadcrumb-item--home\"><span class=\"breadcrumb-item-name\">Accueil<\/span><\/li><\/ol><\/nav><\/div>\n\n\n<div class=\"wp-block-columns is-layout-flex wp-container-core-columns-is-layout-28f84493 wp-block-columns-is-layout-flex\">\n<div class=\"wp-block-column is-layout-flow wp-block-column-is-layout-flow\" style=\"flex-basis:60%\">\n<h2 class=\"wp-block-heading\">Secteurs d&rsquo;activit\u00e9<\/h2>\n\n\n\n<p>Transformez vos op\u00e9rations gr\u00e2ce \u00e0 nos solutions d\u2019identit\u00e9 et de confiance num\u00e9riques, adapt\u00e9es \u00e0 votre secteur. Simplifiez les interactions avec vos clients et partenaires, renforcez la s\u00e9curit\u00e9 de vos processus m\u00e9tier et r\u00e9pondez aux exigences sp\u00e9cifiques de votre industrie.<\/p>\n<\/div>\n\n\n\n<div class=\"wp-block-column is-layout-flow wp-block-column-is-layout-flow\" style=\"flex-basis:5%\"><\/div>\n\n\n\n<div class=\"wp-block-column is-layout-flow wp-block-column-is-layout-flow\" style=\"flex-basis:35%\"><figure class=\"wp-block-post-featured-image\"><img loading=\"lazy\" decoding=\"async\" width=\"752\" height=\"424\" src=\"https:\/\/www.kipmi.com\/wp-content\/uploads\/2025\/07\/secteurs-activite-kipmi.png\" class=\"attachment-post-thumbnail size-post-thumbnail wp-post-image\" alt=\"\" style=\"object-fit:cover;\" srcset=\"https:\/\/www.kipmi.com\/wp-content\/uploads\/2025\/07\/secteurs-activite-kipmi.png 752w, https:\/\/www.kipmi.com\/wp-content\/uploads\/2025\/07\/secteurs-activite-kipmi-300x169.png 300w\" sizes=\"auto, (max-width: 752px) 100vw, 752px\" \/><\/figure><\/div>\n<\/div>\n<\/div>\n\n\n\n<div class=\"wp-block-group has-global-padding is-layout-constrained wp-container-core-group-is-layout-7a94f013 wp-block-group-is-layout-constrained\" style=\"padding-top:var(--wp--preset--spacing--30);padding-right:var(--wp--preset--spacing--30);padding-bottom:var(--wp--preset--spacing--30);padding-left:var(--wp--preset--spacing--30)\">\n<p class=\"has-text-align-center desc\">Cas d&rsquo;usage<\/p>\n\n\n\n<h2 class=\"wp-block-heading has-text-align-center\">nos solutions adapt\u00e9es <br><strong>a votre secteur d&rsquo;activit\u00e9<\/strong><\/h2>\n\n\n\n<div class=\"wp-block-columns is-layout-flex wp-container-core-columns-is-layout-73586557 wp-block-columns-is-layout-flex\" style=\"margin-top:var(--wp--preset--spacing--40);margin-bottom:var(--wp--preset--spacing--40);padding-right:0;padding-left:0\">\n<div class=\"wp-block-column is-layout-flow wp-block-column-is-layout-flow\">\n<div class=\"wp-block-group has-global-padding is-layout-constrained wp-block-group-is-layout-constrained\">\n<figure class=\"wp-block-image size-full\"><a href=\"https:\/\/www.kipmi.com\/index.php\/cas-dusage\/solutions-identite-secteurs-dactivites\/assurance\/\"><img decoding=\"async\" src=\"https:\/\/www.kipmi.com\/wp-content\/uploads\/2025\/07\/UseCase_Insurance_Hero.png\" alt=\"digitalisation assurance - solutions identit\u00e9\" class=\"wp-image-3283\"\/><\/a><\/figure>\n\n\n\n<h3 class=\"wp-block-heading\"><a href=\"https:\/\/www.kipmi.com\/index.php\/cas-dusage\/secteurs-dactivites\/assurance\/\">Assurance<\/a><\/h3>\n<\/div>\n<\/div>\n\n\n\n<div class=\"wp-block-column is-layout-flow wp-block-column-is-layout-flow\">\n<div class=\"wp-block-group has-global-padding is-layout-constrained wp-block-group-is-layout-constrained\">\n<figure class=\"wp-block-image size-full\"><a href=\"https:\/\/www.kipmi.com\/index.php\/cas-dusage\/solutions-identite-secteurs-dactivites\/transactions-immobilieres-immobilier\/\"><img decoding=\"async\" src=\"https:\/\/www.kipmi.com\/wp-content\/uploads\/2025\/07\/UseCase_RealEstates_Hero.png\" alt=\"Transactions immobilieres - solutions identit\u00e9\" class=\"wp-image-3281\"\/><\/a><\/figure>\n\n\n\n<h3 class=\"wp-block-heading\"><a href=\"https:\/\/www.kipmi.com\/index.php\/cas-dusage\/solutions-identite-secteurs-dactivites\/transactions-immobilieres-immobilier\/\">Immobilier<\/a><\/h3>\n<\/div>\n<\/div>\n\n\n\n<div class=\"wp-block-column is-layout-flow wp-block-column-is-layout-flow\">\n<div class=\"wp-block-group has-global-padding is-layout-constrained wp-block-group-is-layout-constrained\">\n<figure class=\"wp-block-image size-large\"><a href=\"https:\/\/www.kipmi.com\/index.php\/cas-dusage\/solutions-identite-secteurs-dactivites\/ressources-humaines\/\"><img decoding=\"async\" src=\"https:\/\/www.kipmi.com\/wp-content\/uploads\/2025\/07\/ressources-humaines-kipmi-1024x577.png\" alt=\"Ressources humaines - solutions identit\u00e9\" class=\"wp-image-3278\"\/><\/a><\/figure>\n\n\n\n<h3 class=\"wp-block-heading\"><a href=\"https:\/\/www.kipmi.com\/index.php\/cas-dusage\/secteurs-dactivites\/ressources-humaines\/\">Ressources humaines<\/a><\/h3>\n<\/div>\n<\/div>\n<\/div>\n<\/div>\n","protected":false},"excerpt":{"rendered":"<p>Secteurs d&rsquo;activit\u00e9 Transformez vos op\u00e9rations gr\u00e2ce \u00e0 nos solutions d\u2019identit\u00e9 et de confiance num\u00e9riques, adapt\u00e9es \u00e0 votre secteur. Simplifiez les interactions avec vos clients et partenaires, renforcez la s\u00e9curit\u00e9 de vos processus m\u00e9tier et r\u00e9pondez aux exigences sp\u00e9cifiques de votre industrie. Cas d&rsquo;usage nos solutions adapt\u00e9es a votre secteur d&rsquo;activit\u00e9<\/p>\n","protected":false},"author":2,"featured_media":4028,"parent":2171,"menu_order":0,"comment_status":"closed","ping_status":"closed","template":"fullscreen","meta":{"footnotes":""},"class_list":["post-2744","page","type-page","status-publish","has-post-thumbnail","hentry"],"yoast_head":"<!-- This site is optimized with the Yoast SEO plugin v25.5 - https:\/\/yoast.com\/wordpress\/plugins\/seo\/ -->\n<title>Solutions identit\u00e9 - Secteurs d&#039;activit\u00e9 - Kipmi<\/title>\n<meta name=\"description\" content=\"Transformez vos op\u00e9rations gr\u00e2ce \u00e0 nos solutions d\u2019identit\u00e9 et de confiance num\u00e9rique, adapt\u00e9es \u00e0 votre secteur.\" \/>\n<meta name=\"robots\" content=\"index, follow, max-snippet:-1, max-image-preview:large, max-video-preview:-1\" \/>\n<link rel=\"canonical\" href=\"https:\/\/www.kipmi.com\/index.php\/cas-dusage\/solutions-identite-secteurs-dactivites\/\" \/>\n<meta property=\"og:locale\" content=\"fr_FR\" \/>\n<meta property=\"og:type\" content=\"article\" \/>\n<meta property=\"og:title\" content=\"Solutions identit\u00e9 - Secteurs d&#039;activit\u00e9 - Kipmi\" \/>\n<meta property=\"og:description\" content=\"Transformez vos op\u00e9rations gr\u00e2ce \u00e0 nos solutions d\u2019identit\u00e9 et de confiance num\u00e9rique, adapt\u00e9es \u00e0 votre secteur.\" \/>\n<meta property=\"og:url\" content=\"https:\/\/www.kipmi.com\/index.php\/cas-dusage\/solutions-identite-secteurs-dactivites\/\" \/>\n<meta property=\"og:site_name\" content=\"Kipmi\" \/>\n<meta property=\"article:modified_time\" content=\"2025-07-16T16:40:43+00:00\" \/>\n<meta property=\"og:image\" content=\"https:\/\/www.kipmi.com\/wp-content\/uploads\/2025\/07\/secteurs-activite-kipmi.png\" \/>\n\t<meta property=\"og:image:width\" content=\"752\" \/>\n\t<meta property=\"og:image:height\" content=\"424\" \/>\n\t<meta property=\"og:image:type\" content=\"image\/png\" \/>\n<meta name=\"twitter:card\" content=\"summary_large_image\" \/>\n<meta name=\"twitter:label1\" content=\"Dur\u00e9e de lecture estim\u00e9e\" \/>\n\t<meta name=\"twitter:data1\" content=\"1 minute\" \/>\n<script type=\"application\/ld+json\" class=\"yoast-schema-graph\">{\"@context\":\"https:\/\/schema.org\",\"@graph\":[{\"@type\":\"WebPage\",\"@id\":\"https:\/\/www.kipmi.com\/index.php\/cas-dusage\/solutions-identite-secteurs-dactivites\/\",\"url\":\"https:\/\/www.kipmi.com\/index.php\/cas-dusage\/solutions-identite-secteurs-dactivites\/\",\"name\":\"Solutions identit\u00e9 - Secteurs d'activit\u00e9 - Kipmi\",\"isPartOf\":{\"@id\":\"https:\/\/www.kipmi.com\/#website\"},\"primaryImageOfPage\":{\"@id\":\"https:\/\/www.kipmi.com\/index.php\/cas-dusage\/solutions-identite-secteurs-dactivites\/#primaryimage\"},\"image\":{\"@id\":\"https:\/\/www.kipmi.com\/index.php\/cas-dusage\/solutions-identite-secteurs-dactivites\/#primaryimage\"},\"thumbnailUrl\":\"https:\/\/www.kipmi.com\/wp-content\/uploads\/2025\/07\/secteurs-activite-kipmi.png\",\"datePublished\":\"2025-04-28T10:16:17+00:00\",\"dateModified\":\"2025-07-16T16:40:43+00:00\",\"description\":\"Transformez vos op\u00e9rations gr\u00e2ce \u00e0 nos solutions d\u2019identit\u00e9 et de confiance num\u00e9rique, adapt\u00e9es \u00e0 votre secteur.\",\"breadcrumb\":{\"@id\":\"https:\/\/www.kipmi.com\/index.php\/cas-dusage\/solutions-identite-secteurs-dactivites\/#breadcrumb\"},\"inLanguage\":\"fr-FR\",\"potentialAction\":[{\"@type\":\"ReadAction\",\"target\":[\"https:\/\/www.kipmi.com\/index.php\/cas-dusage\/solutions-identite-secteurs-dactivites\/\"]}]},{\"@type\":\"ImageObject\",\"inLanguage\":\"fr-FR\",\"@id\":\"https:\/\/www.kipmi.com\/index.php\/cas-dusage\/solutions-identite-secteurs-dactivites\/#primaryimage\",\"url\":\"https:\/\/www.kipmi.com\/wp-content\/uploads\/2025\/07\/secteurs-activite-kipmi.png\",\"contentUrl\":\"https:\/\/www.kipmi.com\/wp-content\/uploads\/2025\/07\/secteurs-activite-kipmi.png\",\"width\":752,\"height\":424},{\"@type\":\"BreadcrumbList\",\"@id\":\"https:\/\/www.kipmi.com\/index.php\/cas-dusage\/solutions-identite-secteurs-dactivites\/#breadcrumb\",\"itemListElement\":[{\"@type\":\"ListItem\",\"position\":1,\"name\":\"Home\",\"item\":\"https:\/\/www.kipmi.com\/\"},{\"@type\":\"ListItem\",\"position\":2,\"name\":\"Cas d&rsquo;usage\",\"item\":\"https:\/\/www.kipmi.com\/index.php\/cas-dusage\/\"},{\"@type\":\"ListItem\",\"position\":3,\"name\":\"Secteurs d&rsquo;activit\u00e9\"}]},{\"@type\":\"WebSite\",\"@id\":\"https:\/\/www.kipmi.com\/#website\",\"url\":\"https:\/\/www.kipmi.com\/\",\"name\":\"Kipmi\",\"description\":\"Digital Trust Continuity\",\"publisher\":{\"@id\":\"https:\/\/www.kipmi.com\/#organization\"},\"potentialAction\":[{\"@type\":\"SearchAction\",\"target\":{\"@type\":\"EntryPoint\",\"urlTemplate\":\"https:\/\/www.kipmi.com\/?s={search_term_string}\"},\"query-input\":{\"@type\":\"PropertyValueSpecification\",\"valueRequired\":true,\"valueName\":\"search_term_string\"}}],\"inLanguage\":\"fr-FR\"},{\"@type\":\"Organization\",\"@id\":\"https:\/\/www.kipmi.com\/#organization\",\"name\":\"Kipmi\",\"url\":\"https:\/\/www.kipmi.com\/\",\"logo\":{\"@type\":\"ImageObject\",\"inLanguage\":\"fr-FR\",\"@id\":\"https:\/\/www.kipmi.com\/#\/schema\/logo\/image\/\",\"url\":\"https:\/\/www.kipmi.com\/wp-content\/uploads\/2025\/07\/logo-kipmi.svg\",\"contentUrl\":\"https:\/\/www.kipmi.com\/wp-content\/uploads\/2025\/07\/logo-kipmi.svg\",\"width\":636,\"height\":135,\"caption\":\"Kipmi\"},\"image\":{\"@id\":\"https:\/\/www.kipmi.com\/#\/schema\/logo\/image\/\"}}]}<\/script>\n<!-- \/ Yoast SEO plugin. -->","yoast_head_json":{"title":"Solutions identit\u00e9 - Secteurs d'activit\u00e9 - Kipmi","description":"Transformez vos op\u00e9rations gr\u00e2ce \u00e0 nos solutions d\u2019identit\u00e9 et de confiance num\u00e9rique, adapt\u00e9es \u00e0 votre secteur.","robots":{"index":"index","follow":"follow","max-snippet":"max-snippet:-1","max-image-preview":"max-image-preview:large","max-video-preview":"max-video-preview:-1"},"canonical":"https:\/\/www.kipmi.com\/index.php\/cas-dusage\/solutions-identite-secteurs-dactivites\/","og_locale":"fr_FR","og_type":"article","og_title":"Solutions identit\u00e9 - Secteurs d'activit\u00e9 - Kipmi","og_description":"Transformez vos op\u00e9rations gr\u00e2ce \u00e0 nos solutions d\u2019identit\u00e9 et de confiance num\u00e9rique, adapt\u00e9es \u00e0 votre secteur.","og_url":"https:\/\/www.kipmi.com\/index.php\/cas-dusage\/solutions-identite-secteurs-dactivites\/","og_site_name":"Kipmi","article_modified_time":"2025-07-16T16:40:43+00:00","og_image":[{"width":752,"height":424,"url":"https:\/\/www.kipmi.com\/wp-content\/uploads\/2025\/07\/secteurs-activite-kipmi.png","type":"image\/png"}],"twitter_card":"summary_large_image","twitter_misc":{"Dur\u00e9e de lecture estim\u00e9e":"1 minute"},"schema":{"@context":"https:\/\/schema.org","@graph":[{"@type":"WebPage","@id":"https:\/\/www.kipmi.com\/index.php\/cas-dusage\/solutions-identite-secteurs-dactivites\/","url":"https:\/\/www.kipmi.com\/index.php\/cas-dusage\/solutions-identite-secteurs-dactivites\/","name":"Solutions identit\u00e9 - Secteurs d'activit\u00e9 - Kipmi","isPartOf":{"@id":"https:\/\/www.kipmi.com\/#website"},"primaryImageOfPage":{"@id":"https:\/\/www.kipmi.com\/index.php\/cas-dusage\/solutions-identite-secteurs-dactivites\/#primaryimage"},"image":{"@id":"https:\/\/www.kipmi.com\/index.php\/cas-dusage\/solutions-identite-secteurs-dactivites\/#primaryimage"},"thumbnailUrl":"https:\/\/www.kipmi.com\/wp-content\/uploads\/2025\/07\/secteurs-activite-kipmi.png","datePublished":"2025-04-28T10:16:17+00:00","dateModified":"2025-07-16T16:40:43+00:00","description":"Transformez vos op\u00e9rations gr\u00e2ce \u00e0 nos solutions d\u2019identit\u00e9 et de confiance num\u00e9rique, adapt\u00e9es \u00e0 votre secteur.","breadcrumb":{"@id":"https:\/\/www.kipmi.com\/index.php\/cas-dusage\/solutions-identite-secteurs-dactivites\/#breadcrumb"},"inLanguage":"fr-FR","potentialAction":[{"@type":"ReadAction","target":["https:\/\/www.kipmi.com\/index.php\/cas-dusage\/solutions-identite-secteurs-dactivites\/"]}]},{"@type":"ImageObject","inLanguage":"fr-FR","@id":"https:\/\/www.kipmi.com\/index.php\/cas-dusage\/solutions-identite-secteurs-dactivites\/#primaryimage","url":"https:\/\/www.kipmi.com\/wp-content\/uploads\/2025\/07\/secteurs-activite-kipmi.png","contentUrl":"https:\/\/www.kipmi.com\/wp-content\/uploads\/2025\/07\/secteurs-activite-kipmi.png","width":752,"height":424},{"@type":"BreadcrumbList","@id":"https:\/\/www.kipmi.com\/index.php\/cas-dusage\/solutions-identite-secteurs-dactivites\/#breadcrumb","itemListElement":[{"@type":"ListItem","position":1,"name":"Home","item":"https:\/\/www.kipmi.com\/"},{"@type":"ListItem","position":2,"name":"Cas d&rsquo;usage","item":"https:\/\/www.kipmi.com\/index.php\/cas-dusage\/"},{"@type":"ListItem","position":3,"name":"Secteurs d&rsquo;activit\u00e9"}]},{"@type":"WebSite","@id":"https:\/\/www.kipmi.com\/#website","url":"https:\/\/www.kipmi.com\/","name":"Kipmi","description":"Digital Trust Continuity","publisher":{"@id":"https:\/\/www.kipmi.com\/#organization"},"potentialAction":[{"@type":"SearchAction","target":{"@type":"EntryPoint","urlTemplate":"https:\/\/www.kipmi.com\/?s={search_term_string}"},"query-input":{"@type":"PropertyValueSpecification","valueRequired":true,"valueName":"search_term_string"}}],"inLanguage":"fr-FR"},{"@type":"Organization","@id":"https:\/\/www.kipmi.com\/#organization","name":"Kipmi","url":"https:\/\/www.kipmi.com\/","logo":{"@type":"ImageObject","inLanguage":"fr-FR","@id":"https:\/\/www.kipmi.com\/#\/schema\/logo\/image\/","url":"https:\/\/www.kipmi.com\/wp-content\/uploads\/2025\/07\/logo-kipmi.svg","contentUrl":"https:\/\/www.kipmi.com\/wp-content\/uploads\/2025\/07\/logo-kipmi.svg","width":636,"height":135,"caption":"Kipmi"},"image":{"@id":"https:\/\/www.kipmi.com\/#\/schema\/logo\/image\/"}}]}},"_links":{"self":[{"href":"https:\/\/www.kipmi.com\/index.php\/wp-json\/wp\/v2\/pages\/2744","targetHints":{"allow":["GET"]}}],"collection":[{"href":"https:\/\/www.kipmi.com\/index.php\/wp-json\/wp\/v2\/pages"}],"about":[{"href":"https:\/\/www.kipmi.com\/index.php\/wp-json\/wp\/v2\/types\/page"}],"author":[{"embeddable":true,"href":"https:\/\/www.kipmi.com\/index.php\/wp-json\/wp\/v2\/users\/2"}],"replies":[{"embeddable":true,"href":"https:\/\/www.kipmi.com\/index.php\/wp-json\/wp\/v2\/comments?post=2744"}],"version-history":[{"count":2,"href":"https:\/\/www.kipmi.com\/index.php\/wp-json\/wp\/v2\/pages\/2744\/revisions"}],"predecessor-version":[{"id":4414,"href":"https:\/\/www.kipmi.com\/index.php\/wp-json\/wp\/v2\/pages\/2744\/revisions\/4414"}],"up":[{"embeddable":true,"href":"https:\/\/www.kipmi.com\/index.php\/wp-json\/wp\/v2\/pages\/2171"}],"wp:featuredmedia":[{"embeddable":true,"href":"https:\/\/www.kipmi.com\/index.php\/wp-json\/wp\/v2\/media\/4028"}],"wp:attachment":[{"href":"https:\/\/www.kipmi.com\/index.php\/wp-json\/wp\/v2\/media?parent=2744"}],"curies":[{"name":"wp","href":"https:\/\/api.w.org\/{rel}","templated":true}]}}