{"id":2577,"date":"2025-04-25T16:49:13","date_gmt":"2025-04-25T14:49:13","guid":{"rendered":"http:\/\/localhost:8888\/MAMP\/kipmi\/?page_id=2577"},"modified":"2025-07-16T18:43:59","modified_gmt":"2025-07-16T16:43:59","slug":"comprendre-la-reglementation-eidas-les-services-de-confiance","status":"publish","type":"page","link":"https:\/\/www.kipmi.com\/index.php\/ressources\/ebooks-centre-de-connaissance\/comprendre-la-reglementation-eidas-les-services-de-confiance\/","title":{"rendered":"Comprendre la r\u00e9glementation eIDAS &#8211; Les services de confiance"},"content":{"rendered":"\n<div class=\"wp-block-group has-global-padding is-layout-constrained wp-container-core-group-is-layout-71b76342 wp-block-group-is-layout-constrained has-background\" style=\"padding-top:var(--wp--preset--spacing--50);padding-right:var(--wp--preset--spacing--30);padding-bottom:var(--wp--preset--spacing--30);padding-left:var(--wp--preset--spacing--30);background-image:url(&apos;https:\/\/www.kipmi.com\/wp-content\/uploads\/2025\/07\/header-bg-3-scaled-1.png&apos;);background-size:cover;\"><div style=\"--bb--crumb-gap:.4em; padding-top:var(--wp--preset--spacing--30);padding-bottom:var(--wp--preset--spacing--30);\" class=\"wp-block-boldblocks-breadcrumb-block\"><nav role=\"navigation\" aria-label=\"Breadcrumbs\" class=\"breadcrumb\"><ol class=\"breadcrumb-items\"><li class=\"breadcrumb-item breadcrumb-item--current breadcrumb-item--home\"><span class=\"breadcrumb-item-name\">Accueil<\/span><\/li><\/ol><\/nav><\/div>\n\n\n<div class=\"wp-block-columns is-layout-flex wp-container-core-columns-is-layout-28f84493 wp-block-columns-is-layout-flex\">\n<div class=\"wp-block-column is-layout-flow wp-block-column-is-layout-flow\" style=\"flex-basis:60%\">\n<h2 class=\"wp-block-heading\">Comprendre la r\u00e9gl\u00e9mentation eIDAS &#8211; <strong>Les services de confiance<\/strong><\/h2>\n\n\n\n<p>Dans ce nouveau guide, nous vous d\u00e9voilons la valeur juridique des diff\u00e9rents niveaux de services de confiance.<br>Ce guide se veut \u00e9galement pratique pour accompagner dans la mise en oeuvre de services de confiance.<br><\/p>\n\n\n\n<ul class=\"wp-block-list is-style-checkmark-list\">\n<li><strong>La valeur juridique des diff\u00e9rents niveaux de services de confiance<\/strong><br>Le r\u00e8glement eIDAS d\u00e9finit des niveaux de fiabilit\u00e9 avec diff\u00e9rentes pr\u00e9somptions juridiques. L&rsquo;horodatage, l&rsquo;envoi recommand\u00e9 \u00e9lectronique et l&rsquo;authentification de site peuvent \u00eatre qualifi\u00e9s ou non. Les signatures et cachets \u00e9lectroniques ont quatre niveaux : simple, avanc\u00e9, avanc\u00e9 avec certificat qualifi\u00e9 et qualifi\u00e9.<\/li>\n\n\n\n<li><strong>Pour quelles raisons mettre en place un service de confiance<\/strong><br>Le r\u00e8glement eIDAS d\u00e9finit des niveaux de fiabilit\u00e9 avec des pr\u00e9somptions juridiques. L&rsquo;horodatage, l&rsquo;envoi recommand\u00e9 et l&rsquo;authentification de site peuvent \u00eatre qualifi\u00e9s ou non. Les signatures et cachets \u00e9lectroniques sont class\u00e9s en quatre niveaux de fiabilit\u00e9 : simple, avanc\u00e9, avanc\u00e9 avec certificat qualifi\u00e9 et qualifi\u00e9.<\/li>\n<\/ul>\n<\/div>\n\n\n\n<div class=\"wp-block-column is-layout-flow wp-block-column-is-layout-flow\" style=\"flex-basis:5%\"><\/div>\n\n\n\n<div class=\"wp-block-column is-layout-flow wp-block-column-is-layout-flow\" style=\"flex-basis:35%\">\n<figure class=\"wp-block-image size-large\"><img decoding=\"async\" src=\"https:\/\/www.kipmi.com\/wp-content\/uploads\/2025\/07\/ebook-comprendre-la-reglementation-eidas-731x1024.png\" alt=\"\" class=\"wp-image-3349\"\/><\/figure>\n<\/div>\n<\/div>\n<\/div>\n\n\n\n<div class=\"wp-block-group has-global-padding is-layout-constrained wp-container-core-group-is-layout-7a94f013 wp-block-group-is-layout-constrained\" style=\"padding-top:var(--wp--preset--spacing--30);padding-right:var(--wp--preset--spacing--30);padding-bottom:var(--wp--preset--spacing--30);padding-left:var(--wp--preset--spacing--30)\">\n<p class=\"has-text-align-center desc\">T\u00e9l\u00e9chargement<\/p>\n\n\n\n<h2 class=\"wp-block-heading has-text-align-center\">Demandez votre ebook <br><strong>gratuitement maintenant<\/strong><\/h2>\n\n\n\n<div style=\"height:30px\" aria-hidden=\"true\" class=\"wp-block-spacer\"><\/div>\n\n\n\n<div class=\"wp-block-columns is-layout-flex wp-container-core-columns-is-layout-28f84493 wp-block-columns-is-layout-flex\">\n<div class=\"wp-block-column is-layout-flow wp-block-column-is-layout-flow\">\n<div class=\"wp-block-group has-base-2-background-color has-background has-global-padding is-layout-constrained wp-container-core-group-is-layout-80fb368b wp-block-group-is-layout-constrained\" style=\"border-radius:2rem;padding-top:var(--wp--preset--spacing--30);padding-right:var(--wp--preset--spacing--30);padding-bottom:var(--wp--preset--spacing--30);padding-left:var(--wp--preset--spacing--30)\">\n<div class=\"wpcf7 no-js\" id=\"wpcf7-f2843-o1\" lang=\"fr-FR\" dir=\"ltr\" data-wpcf7-id=\"2843\">\n<div class=\"screen-reader-response\"><p role=\"status\" aria-live=\"polite\" aria-atomic=\"true\"><\/p> <ul><\/ul><\/div>\n<form action=\"\/index.php\/wp-json\/wp\/v2\/pages\/2577#wpcf7-f2843-o1\" method=\"post\" class=\"wpcf7-form init\" aria-label=\"Formulaire de contact\" novalidate=\"novalidate\" data-status=\"init\">\n<fieldset class=\"hidden-fields-container\"><input type=\"hidden\" name=\"_wpcf7\" value=\"2843\" \/><input type=\"hidden\" name=\"_wpcf7_version\" value=\"6.1\" \/><input type=\"hidden\" name=\"_wpcf7_locale\" value=\"fr_FR\" \/><input type=\"hidden\" name=\"_wpcf7_unit_tag\" value=\"wpcf7-f2843-o1\" \/><input type=\"hidden\" name=\"_wpcf7_container_post\" value=\"0\" \/><input type=\"hidden\" name=\"_wpcf7_posted_data_hash\" value=\"\" \/>\n<\/fieldset>\n<p><label> Pr\u00e9nom<br \/>\n<span class=\"wpcf7-form-control-wrap\" data-name=\"your-firstname\"><input size=\"40\" maxlength=\"400\" class=\"wpcf7-form-control wpcf7-text wpcf7-validates-as-required\" autocomplete=\"name\" aria-required=\"true\" aria-invalid=\"false\" value=\"\" type=\"text\" name=\"your-firstname\" \/><\/span> <\/label><br \/>\n<label> Nom<br \/>\n<span class=\"wpcf7-form-control-wrap\" data-name=\"your-lastname\"><input size=\"40\" maxlength=\"400\" class=\"wpcf7-form-control wpcf7-text wpcf7-validates-as-required\" autocomplete=\"name\" aria-required=\"true\" aria-invalid=\"false\" value=\"\" type=\"text\" name=\"your-lastname\" \/><\/span> <\/label><br \/>\n<label> Adresse e-mail professionnelle<br \/>\n<span class=\"wpcf7-form-control-wrap\" data-name=\"your-email\"><input size=\"40\" maxlength=\"400\" class=\"wpcf7-form-control wpcf7-email wpcf7-validates-as-required wpcf7-text wpcf7-validates-as-email\" autocomplete=\"email\" aria-required=\"true\" aria-invalid=\"false\" value=\"\" type=\"email\" name=\"your-email\" \/><\/span> <\/label><br \/>\n<label> Entreprise<br \/>\n<span class=\"wpcf7-form-control-wrap\" data-name=\"your-entreprise\"><input size=\"40\" maxlength=\"400\" class=\"wpcf7-form-control wpcf7-text wpcf7-validates-as-required\" autocomplete=\"entreprise\" aria-required=\"true\" aria-invalid=\"false\" value=\"\" type=\"text\" name=\"your-entreprise\" \/><\/span> <\/label>\n<\/p>\n<p class=\"font-size-small\">Les informations recueillies via ce formulaire sont utilis\u00e9es uniquement pour traiter votre demande. Pour en savoir plus, consultez notre <a href=\"#\">politique de confidentialit\u00e9<\/a><a>.<\/a>\n<\/p>\n<p><input class=\"wpcf7-form-control wpcf7-submit has-spinner\" type=\"submit\" value=\"Demander\" \/>\n<\/p><div class=\"wpcf7-response-output\" aria-hidden=\"true\"><\/div>\n<\/form>\n<\/div>\n\n<\/div>\n<\/div>\n\n\n\n<div class=\"wp-block-column is-layout-flow wp-block-column-is-layout-flow\">\n<figure class=\"wp-block-image size-full\" style=\"margin-right:var(--wp--preset--spacing--30);margin-left:var(--wp--preset--spacing--30)\"><img decoding=\"async\" src=\"https:\/\/www.kipmi.com\/wp-content\/uploads\/2025\/07\/Ebook_eidas-Section2.png\" alt=\"\" class=\"wp-image-3350\"\/><\/figure>\n<\/div>\n<\/div>\n<\/div>\n\n\n\n<div class=\"wp-block-group has-global-padding is-layout-constrained wp-container-core-group-is-layout-7a94f013 wp-block-group-is-layout-constrained\" style=\"padding-top:var(--wp--preset--spacing--30);padding-right:var(--wp--preset--spacing--30);padding-bottom:var(--wp--preset--spacing--30);padding-left:var(--wp--preset--spacing--30)\">\n<p class=\"has-text-align-center desc\">Aper\u00e7u<\/p>\n\n\n\n<h2 class=\"wp-block-heading has-text-align-center\">Votre aper\u00e7u <strong>rapide<\/strong><\/h2>\n\n\n\n<div style=\"height:30px\" aria-hidden=\"true\" class=\"wp-block-spacer\"><\/div>\n\n\n\n<div class=\"wp-block-columns is-layout-flex wp-container-core-columns-is-layout-28f84493 wp-block-columns-is-layout-flex\">\n<div class=\"wp-block-column is-layout-flow wp-block-column-is-layout-flow\">\n<div class=\"wp-block-columns is-layout-flex wp-container-core-columns-is-layout-28f84493 wp-block-columns-is-layout-flex\">\n<div class=\"wp-block-column is-layout-flow wp-block-column-is-layout-flow\">\n<figure class=\"wp-block-gallery has-nested-images columns-3 is-cropped wp-block-gallery-1 is-layout-flex wp-block-gallery-is-layout-flex\">\n<figure class=\"wp-block-image size-full\"><img decoding=\"async\" data-id=\"3351\" src=\"https:\/\/www.kipmi.com\/wp-content\/uploads\/2025\/07\/Ebookeidas2.png\" alt=\"\" class=\"wp-image-3351\"\/><\/figure>\n\n\n\n<figure class=\"wp-block-image size-full\"><img decoding=\"async\" data-id=\"3352\" src=\"https:\/\/www.kipmi.com\/wp-content\/uploads\/2025\/07\/Ebookeidas3.png\" alt=\"\" class=\"wp-image-3352\"\/><\/figure>\n\n\n\n<figure class=\"wp-block-image size-large\"><img decoding=\"async\" data-id=\"3354\" src=\"https:\/\/www.kipmi.com\/wp-content\/uploads\/2025\/07\/Ebookeidas4.png\" alt=\"\" class=\"wp-image-3354\"\/><\/figure>\n\n\n\n<figure class=\"wp-block-image size-full\"><img decoding=\"async\" data-id=\"3355\" src=\"https:\/\/www.kipmi.com\/wp-content\/uploads\/2025\/07\/Ebookeidas5.png\" alt=\"\" class=\"wp-image-3355\"\/><\/figure>\n\n\n\n<figure class=\"wp-block-image size-full\"><img decoding=\"async\" data-id=\"3356\" src=\"https:\/\/www.kipmi.com\/wp-content\/uploads\/2025\/07\/Ebookeidas1.png\" alt=\"\" class=\"wp-image-3356\"\/><\/figure>\n<\/figure>\n<\/div>\n<\/div>\n<\/div>\n<\/div>\n<\/div>\n","protected":false},"excerpt":{"rendered":"<p>Comprendre la r\u00e9gl\u00e9mentation eIDAS &#8211; Les services de confiance Dans ce nouveau guide, nous vous d\u00e9voilons la valeur juridique des diff\u00e9rents niveaux de services de confiance.Ce guide se veut \u00e9galement pratique pour accompagner dans la mise en oeuvre de services de confiance. T\u00e9l\u00e9chargement Demandez votre ebook gratuitement maintenant Aper\u00e7u Votre aper\u00e7u rapide<\/p>\n","protected":false},"author":2,"featured_media":3966,"parent":2251,"menu_order":0,"comment_status":"closed","ping_status":"closed","template":"fullscreen","meta":{"footnotes":""},"class_list":["post-2577","page","type-page","status-publish","has-post-thumbnail","hentry"],"yoast_head":"<!-- This site is optimized with the Yoast SEO plugin v25.5 - https:\/\/yoast.com\/wordpress\/plugins\/seo\/ -->\n<title>Comprendre la r\u00e9glementation eIDAS - Les services de confiance - Kipmi<\/title>\n<meta name=\"robots\" content=\"index, follow, max-snippet:-1, max-image-preview:large, max-video-preview:-1\" \/>\n<link rel=\"canonical\" href=\"https:\/\/www.kipmi.com\/index.php\/ressources\/ebooks-centre-de-connaissance\/comprendre-la-reglementation-eidas-les-services-de-confiance\/\" \/>\n<meta property=\"og:locale\" content=\"fr_FR\" \/>\n<meta property=\"og:type\" content=\"article\" \/>\n<meta property=\"og:title\" content=\"Comprendre la r\u00e9glementation eIDAS - Les services de confiance - Kipmi\" \/>\n<meta property=\"og:description\" content=\"Comprendre la r\u00e9gl\u00e9mentation eIDAS &#8211; Les services de confiance Dans ce nouveau guide, nous vous d\u00e9voilons la valeur juridique des diff\u00e9rents niveaux de services de confiance.Ce guide se veut \u00e9galement pratique pour accompagner dans la mise en oeuvre de services de confiance. T\u00e9l\u00e9chargement Demandez votre ebook gratuitement maintenant Aper\u00e7u Votre aper\u00e7u rapide\" \/>\n<meta property=\"og:url\" content=\"https:\/\/www.kipmi.com\/index.php\/ressources\/ebooks-centre-de-connaissance\/comprendre-la-reglementation-eidas-les-services-de-confiance\/\" \/>\n<meta property=\"og:site_name\" content=\"Kipmi\" \/>\n<meta property=\"article:modified_time\" content=\"2025-07-16T16:43:59+00:00\" \/>\n<meta property=\"og:image\" content=\"https:\/\/www.kipmi.com\/wp-content\/uploads\/2025\/07\/ebook-comprendre-la-reglementation-eidas.png\" \/>\n\t<meta property=\"og:image:width\" content=\"1200\" \/>\n\t<meta property=\"og:image:height\" content=\"1682\" \/>\n\t<meta property=\"og:image:type\" content=\"image\/png\" \/>\n<meta name=\"twitter:card\" content=\"summary_large_image\" \/>\n<meta name=\"twitter:label1\" content=\"Dur\u00e9e de lecture estim\u00e9e\" \/>\n\t<meta name=\"twitter:data1\" content=\"3 minutes\" \/>\n<script type=\"application\/ld+json\" class=\"yoast-schema-graph\">{\"@context\":\"https:\/\/schema.org\",\"@graph\":[{\"@type\":\"WebPage\",\"@id\":\"https:\/\/www.kipmi.com\/index.php\/ressources\/ebooks-centre-de-connaissance\/comprendre-la-reglementation-eidas-les-services-de-confiance\/\",\"url\":\"https:\/\/www.kipmi.com\/index.php\/ressources\/ebooks-centre-de-connaissance\/comprendre-la-reglementation-eidas-les-services-de-confiance\/\",\"name\":\"Comprendre la r\u00e9glementation eIDAS - Les services de confiance - Kipmi\",\"isPartOf\":{\"@id\":\"https:\/\/www.kipmi.com\/#website\"},\"primaryImageOfPage\":{\"@id\":\"https:\/\/www.kipmi.com\/index.php\/ressources\/ebooks-centre-de-connaissance\/comprendre-la-reglementation-eidas-les-services-de-confiance\/#primaryimage\"},\"image\":{\"@id\":\"https:\/\/www.kipmi.com\/index.php\/ressources\/ebooks-centre-de-connaissance\/comprendre-la-reglementation-eidas-les-services-de-confiance\/#primaryimage\"},\"thumbnailUrl\":\"https:\/\/www.kipmi.com\/wp-content\/uploads\/2025\/07\/ebook-comprendre-la-reglementation-eidas.png\",\"datePublished\":\"2025-04-25T14:49:13+00:00\",\"dateModified\":\"2025-07-16T16:43:59+00:00\",\"breadcrumb\":{\"@id\":\"https:\/\/www.kipmi.com\/index.php\/ressources\/ebooks-centre-de-connaissance\/comprendre-la-reglementation-eidas-les-services-de-confiance\/#breadcrumb\"},\"inLanguage\":\"fr-FR\",\"potentialAction\":[{\"@type\":\"ReadAction\",\"target\":[\"https:\/\/www.kipmi.com\/index.php\/ressources\/ebooks-centre-de-connaissance\/comprendre-la-reglementation-eidas-les-services-de-confiance\/\"]}]},{\"@type\":\"ImageObject\",\"inLanguage\":\"fr-FR\",\"@id\":\"https:\/\/www.kipmi.com\/index.php\/ressources\/ebooks-centre-de-connaissance\/comprendre-la-reglementation-eidas-les-services-de-confiance\/#primaryimage\",\"url\":\"https:\/\/www.kipmi.com\/wp-content\/uploads\/2025\/07\/ebook-comprendre-la-reglementation-eidas.png\",\"contentUrl\":\"https:\/\/www.kipmi.com\/wp-content\/uploads\/2025\/07\/ebook-comprendre-la-reglementation-eidas.png\",\"width\":1200,\"height\":1682},{\"@type\":\"BreadcrumbList\",\"@id\":\"https:\/\/www.kipmi.com\/index.php\/ressources\/ebooks-centre-de-connaissance\/comprendre-la-reglementation-eidas-les-services-de-confiance\/#breadcrumb\",\"itemListElement\":[{\"@type\":\"ListItem\",\"position\":1,\"name\":\"Home\",\"item\":\"https:\/\/www.kipmi.com\/\"},{\"@type\":\"ListItem\",\"position\":2,\"name\":\"Ressources\",\"item\":\"https:\/\/www.kipmi.com\/index.php\/ressources\/\"},{\"@type\":\"ListItem\",\"position\":3,\"name\":\"eBooks\",\"item\":\"https:\/\/www.kipmi.com\/index.php\/ressources\/ebooks-centre-de-connaissance\/\"},{\"@type\":\"ListItem\",\"position\":4,\"name\":\"Comprendre la r\u00e9glementation eIDAS &#8211; Les services de confiance\"}]},{\"@type\":\"WebSite\",\"@id\":\"https:\/\/www.kipmi.com\/#website\",\"url\":\"https:\/\/www.kipmi.com\/\",\"name\":\"Kipmi\",\"description\":\"Digital Trust Continuity\",\"publisher\":{\"@id\":\"https:\/\/www.kipmi.com\/#organization\"},\"potentialAction\":[{\"@type\":\"SearchAction\",\"target\":{\"@type\":\"EntryPoint\",\"urlTemplate\":\"https:\/\/www.kipmi.com\/?s={search_term_string}\"},\"query-input\":{\"@type\":\"PropertyValueSpecification\",\"valueRequired\":true,\"valueName\":\"search_term_string\"}}],\"inLanguage\":\"fr-FR\"},{\"@type\":\"Organization\",\"@id\":\"https:\/\/www.kipmi.com\/#organization\",\"name\":\"Kipmi\",\"url\":\"https:\/\/www.kipmi.com\/\",\"logo\":{\"@type\":\"ImageObject\",\"inLanguage\":\"fr-FR\",\"@id\":\"https:\/\/www.kipmi.com\/#\/schema\/logo\/image\/\",\"url\":\"https:\/\/www.kipmi.com\/wp-content\/uploads\/2025\/07\/logo-kipmi.svg\",\"contentUrl\":\"https:\/\/www.kipmi.com\/wp-content\/uploads\/2025\/07\/logo-kipmi.svg\",\"width\":636,\"height\":135,\"caption\":\"Kipmi\"},\"image\":{\"@id\":\"https:\/\/www.kipmi.com\/#\/schema\/logo\/image\/\"}}]}<\/script>\n<!-- \/ Yoast SEO plugin. -->","yoast_head_json":{"title":"Comprendre la r\u00e9glementation eIDAS - Les services de confiance - Kipmi","robots":{"index":"index","follow":"follow","max-snippet":"max-snippet:-1","max-image-preview":"max-image-preview:large","max-video-preview":"max-video-preview:-1"},"canonical":"https:\/\/www.kipmi.com\/index.php\/ressources\/ebooks-centre-de-connaissance\/comprendre-la-reglementation-eidas-les-services-de-confiance\/","og_locale":"fr_FR","og_type":"article","og_title":"Comprendre la r\u00e9glementation eIDAS - Les services de confiance - Kipmi","og_description":"Comprendre la r\u00e9gl\u00e9mentation eIDAS &#8211; Les services de confiance Dans ce nouveau guide, nous vous d\u00e9voilons la valeur juridique des diff\u00e9rents niveaux de services de confiance.Ce guide se veut \u00e9galement pratique pour accompagner dans la mise en oeuvre de services de confiance. T\u00e9l\u00e9chargement Demandez votre ebook gratuitement maintenant Aper\u00e7u Votre aper\u00e7u rapide","og_url":"https:\/\/www.kipmi.com\/index.php\/ressources\/ebooks-centre-de-connaissance\/comprendre-la-reglementation-eidas-les-services-de-confiance\/","og_site_name":"Kipmi","article_modified_time":"2025-07-16T16:43:59+00:00","og_image":[{"width":1200,"height":1682,"url":"https:\/\/www.kipmi.com\/wp-content\/uploads\/2025\/07\/ebook-comprendre-la-reglementation-eidas.png","type":"image\/png"}],"twitter_card":"summary_large_image","twitter_misc":{"Dur\u00e9e de lecture estim\u00e9e":"3 minutes"},"schema":{"@context":"https:\/\/schema.org","@graph":[{"@type":"WebPage","@id":"https:\/\/www.kipmi.com\/index.php\/ressources\/ebooks-centre-de-connaissance\/comprendre-la-reglementation-eidas-les-services-de-confiance\/","url":"https:\/\/www.kipmi.com\/index.php\/ressources\/ebooks-centre-de-connaissance\/comprendre-la-reglementation-eidas-les-services-de-confiance\/","name":"Comprendre la r\u00e9glementation eIDAS - Les services de confiance - Kipmi","isPartOf":{"@id":"https:\/\/www.kipmi.com\/#website"},"primaryImageOfPage":{"@id":"https:\/\/www.kipmi.com\/index.php\/ressources\/ebooks-centre-de-connaissance\/comprendre-la-reglementation-eidas-les-services-de-confiance\/#primaryimage"},"image":{"@id":"https:\/\/www.kipmi.com\/index.php\/ressources\/ebooks-centre-de-connaissance\/comprendre-la-reglementation-eidas-les-services-de-confiance\/#primaryimage"},"thumbnailUrl":"https:\/\/www.kipmi.com\/wp-content\/uploads\/2025\/07\/ebook-comprendre-la-reglementation-eidas.png","datePublished":"2025-04-25T14:49:13+00:00","dateModified":"2025-07-16T16:43:59+00:00","breadcrumb":{"@id":"https:\/\/www.kipmi.com\/index.php\/ressources\/ebooks-centre-de-connaissance\/comprendre-la-reglementation-eidas-les-services-de-confiance\/#breadcrumb"},"inLanguage":"fr-FR","potentialAction":[{"@type":"ReadAction","target":["https:\/\/www.kipmi.com\/index.php\/ressources\/ebooks-centre-de-connaissance\/comprendre-la-reglementation-eidas-les-services-de-confiance\/"]}]},{"@type":"ImageObject","inLanguage":"fr-FR","@id":"https:\/\/www.kipmi.com\/index.php\/ressources\/ebooks-centre-de-connaissance\/comprendre-la-reglementation-eidas-les-services-de-confiance\/#primaryimage","url":"https:\/\/www.kipmi.com\/wp-content\/uploads\/2025\/07\/ebook-comprendre-la-reglementation-eidas.png","contentUrl":"https:\/\/www.kipmi.com\/wp-content\/uploads\/2025\/07\/ebook-comprendre-la-reglementation-eidas.png","width":1200,"height":1682},{"@type":"BreadcrumbList","@id":"https:\/\/www.kipmi.com\/index.php\/ressources\/ebooks-centre-de-connaissance\/comprendre-la-reglementation-eidas-les-services-de-confiance\/#breadcrumb","itemListElement":[{"@type":"ListItem","position":1,"name":"Home","item":"https:\/\/www.kipmi.com\/"},{"@type":"ListItem","position":2,"name":"Ressources","item":"https:\/\/www.kipmi.com\/index.php\/ressources\/"},{"@type":"ListItem","position":3,"name":"eBooks","item":"https:\/\/www.kipmi.com\/index.php\/ressources\/ebooks-centre-de-connaissance\/"},{"@type":"ListItem","position":4,"name":"Comprendre la r\u00e9glementation eIDAS &#8211; Les services de confiance"}]},{"@type":"WebSite","@id":"https:\/\/www.kipmi.com\/#website","url":"https:\/\/www.kipmi.com\/","name":"Kipmi","description":"Digital Trust Continuity","publisher":{"@id":"https:\/\/www.kipmi.com\/#organization"},"potentialAction":[{"@type":"SearchAction","target":{"@type":"EntryPoint","urlTemplate":"https:\/\/www.kipmi.com\/?s={search_term_string}"},"query-input":{"@type":"PropertyValueSpecification","valueRequired":true,"valueName":"search_term_string"}}],"inLanguage":"fr-FR"},{"@type":"Organization","@id":"https:\/\/www.kipmi.com\/#organization","name":"Kipmi","url":"https:\/\/www.kipmi.com\/","logo":{"@type":"ImageObject","inLanguage":"fr-FR","@id":"https:\/\/www.kipmi.com\/#\/schema\/logo\/image\/","url":"https:\/\/www.kipmi.com\/wp-content\/uploads\/2025\/07\/logo-kipmi.svg","contentUrl":"https:\/\/www.kipmi.com\/wp-content\/uploads\/2025\/07\/logo-kipmi.svg","width":636,"height":135,"caption":"Kipmi"},"image":{"@id":"https:\/\/www.kipmi.com\/#\/schema\/logo\/image\/"}}]}},"_links":{"self":[{"href":"https:\/\/www.kipmi.com\/index.php\/wp-json\/wp\/v2\/pages\/2577","targetHints":{"allow":["GET"]}}],"collection":[{"href":"https:\/\/www.kipmi.com\/index.php\/wp-json\/wp\/v2\/pages"}],"about":[{"href":"https:\/\/www.kipmi.com\/index.php\/wp-json\/wp\/v2\/types\/page"}],"author":[{"embeddable":true,"href":"https:\/\/www.kipmi.com\/index.php\/wp-json\/wp\/v2\/users\/2"}],"replies":[{"embeddable":true,"href":"https:\/\/www.kipmi.com\/index.php\/wp-json\/wp\/v2\/comments?post=2577"}],"version-history":[{"count":1,"href":"https:\/\/www.kipmi.com\/index.php\/wp-json\/wp\/v2\/pages\/2577\/revisions"}],"predecessor-version":[{"id":4419,"href":"https:\/\/www.kipmi.com\/index.php\/wp-json\/wp\/v2\/pages\/2577\/revisions\/4419"}],"up":[{"embeddable":true,"href":"https:\/\/www.kipmi.com\/index.php\/wp-json\/wp\/v2\/pages\/2251"}],"wp:featuredmedia":[{"embeddable":true,"href":"https:\/\/www.kipmi.com\/index.php\/wp-json\/wp\/v2\/media\/3966"}],"wp:attachment":[{"href":"https:\/\/www.kipmi.com\/index.php\/wp-json\/wp\/v2\/media?parent=2577"}],"curies":[{"name":"wp","href":"https:\/\/api.w.org\/{rel}","templated":true}]}}