{"id":2562,"date":"2025-04-25T16:37:16","date_gmt":"2025-04-25T14:37:16","guid":{"rendered":"http:\/\/localhost:8888\/MAMP\/kipmi\/?page_id=2562"},"modified":"2025-07-16T18:44:48","modified_gmt":"2025-07-16T16:44:48","slug":"know-your-customer-kyc","status":"publish","type":"page","link":"https:\/\/www.kipmi.com\/index.php\/ressources\/ebooks-centre-de-connaissance\/know-your-customer-kyc\/","title":{"rendered":"KYC : Comment faire d&rsquo;une obligation une opportunit\u00e9 business ?"},"content":{"rendered":"\n<div class=\"wp-block-group has-global-padding is-layout-constrained wp-container-core-group-is-layout-71b76342 wp-block-group-is-layout-constrained has-background\" style=\"padding-top:var(--wp--preset--spacing--50);padding-right:var(--wp--preset--spacing--30);padding-bottom:var(--wp--preset--spacing--30);padding-left:var(--wp--preset--spacing--30);background-image:url(&apos;https:\/\/www.kipmi.com\/wp-content\/uploads\/2025\/07\/header-bg-3-scaled-1.png&apos;);background-size:cover;\"><div style=\"--bb--crumb-gap:.4em; padding-top:var(--wp--preset--spacing--30);padding-bottom:var(--wp--preset--spacing--30);\" class=\"wp-block-boldblocks-breadcrumb-block\"><nav role=\"navigation\" aria-label=\"Breadcrumbs\" class=\"breadcrumb\"><ol class=\"breadcrumb-items\"><li class=\"breadcrumb-item breadcrumb-item--current breadcrumb-item--home\"><span class=\"breadcrumb-item-name\">Accueil<\/span><\/li><\/ol><\/nav><\/div>\n\n\n<div class=\"wp-block-columns is-layout-flex wp-container-core-columns-is-layout-28f84493 wp-block-columns-is-layout-flex\">\n<div class=\"wp-block-column is-layout-flow wp-block-column-is-layout-flow\" style=\"flex-basis:60%\">\n<h2 class=\"wp-block-heading\">KYC : Comment faire d\u2019une<br><strong>obligation une opportunit\u00e9 business ?<\/strong><\/h2>\n\n\n\n<p>Le processus Know Your Customer (KYC) a investi, ces derni\u00e8res ann\u00e9es, de plus en plus de secteurs d\u2019activit\u00e9. La raison d\u2019un tel succ\u00e8s ? Une efficacit\u00e9 sans pareille ! Pour les entreprises comme pour les organisations, un processus de v\u00e9rification d\u2019identit\u00e9 bien d\u00e9ploy\u00e9 constitue, en effet, un rempart solide contre la fraude et l\u2019usurpation d\u2019identit\u00e9. Mais la liste des avantages offerts aux entreprises, \u00e0 leurs utilisateurs et \u00e0 leurs business ne s\u2019arr\u00eate pas l\u00e0.<br><\/p>\n\n\n\n<ul class=\"wp-block-list is-style-checkmark-list\">\n<li><strong>Know Your Customer (KYC) : en quelques mots ?<\/strong> <br>Le KYC est important pour plusieurs raisons. Il permet de lutter contre le blanchiment d\u2019argent et le financement du terrorisme, de prot\u00e9ger les clients contre l\u2019usurpation d\u2019identit\u00e9 et d\u2019am\u00e9liorer la connaissance des clients. En quelques mots, le KYC est une proc\u00e9dure essentielle qui prot\u00e8ge votre entreprise et vos clients.<\/li>\n\n\n\n<li><strong>Le KYC : quelques aspects r\u00e9glementaires<\/strong> <br>eIDAS 2.0 offre de nouvelles perspectives pour acc\u00e9der \u00e0 des services priv\u00e9s. Pour les entreprises, la cr\u00e9ation du portefeuille d\u2019identit\u00e9 num\u00e9rique est le gage de nouvelles opportunit\u00e9s et d\u2019une exp\u00e9rience consommateur simplifi\u00e9e.<\/li>\n<\/ul>\n<\/div>\n\n\n\n<div class=\"wp-block-column is-layout-flow wp-block-column-is-layout-flow\" style=\"flex-basis:5%\"><\/div>\n\n\n\n<div class=\"wp-block-column is-layout-flow wp-block-column-is-layout-flow\" style=\"flex-basis:35%\">\n<figure class=\"wp-block-image size-large\"><img decoding=\"async\" src=\"https:\/\/www.kipmi.com\/wp-content\/uploads\/2025\/07\/ebook-kipmi-kyc--731x1024.png\" alt=\"Know Your Customer\" class=\"wp-image-3358\"\/><\/figure>\n<\/div>\n<\/div>\n<\/div>\n\n\n\n<div class=\"wp-block-group has-global-padding is-layout-constrained wp-container-core-group-is-layout-7a94f013 wp-block-group-is-layout-constrained\" style=\"padding-top:var(--wp--preset--spacing--30);padding-right:var(--wp--preset--spacing--30);padding-bottom:var(--wp--preset--spacing--30);padding-left:var(--wp--preset--spacing--30)\">\n<p class=\"has-text-align-center desc\">T\u00e9l\u00e9chargement<\/p>\n\n\n\n<h2 class=\"wp-block-heading has-text-align-center\">Demandez votre ebook <br><strong>gratuitement maintenant<\/strong><\/h2>\n\n\n\n<div style=\"height:30px\" aria-hidden=\"true\" class=\"wp-block-spacer\"><\/div>\n\n\n\n<div class=\"wp-block-columns is-layout-flex wp-container-core-columns-is-layout-28f84493 wp-block-columns-is-layout-flex\">\n<div class=\"wp-block-column is-layout-flow wp-block-column-is-layout-flow\">\n<div class=\"wp-block-group has-base-2-background-color has-background has-global-padding is-layout-constrained wp-container-core-group-is-layout-80fb368b wp-block-group-is-layout-constrained\" style=\"border-radius:2rem;padding-top:var(--wp--preset--spacing--30);padding-right:var(--wp--preset--spacing--30);padding-bottom:var(--wp--preset--spacing--30);padding-left:var(--wp--preset--spacing--30)\">\n<div class=\"wpcf7 no-js\" id=\"wpcf7-f2841-o1\" lang=\"fr-FR\" dir=\"ltr\" data-wpcf7-id=\"2841\">\n<div class=\"screen-reader-response\"><p role=\"status\" aria-live=\"polite\" aria-atomic=\"true\"><\/p> <ul><\/ul><\/div>\n<form action=\"\/index.php\/wp-json\/wp\/v2\/pages\/2562#wpcf7-f2841-o1\" method=\"post\" class=\"wpcf7-form init\" aria-label=\"Formulaire de contact\" novalidate=\"novalidate\" data-status=\"init\">\n<fieldset class=\"hidden-fields-container\"><input type=\"hidden\" name=\"_wpcf7\" value=\"2841\" \/><input type=\"hidden\" name=\"_wpcf7_version\" value=\"6.1\" \/><input type=\"hidden\" name=\"_wpcf7_locale\" value=\"fr_FR\" \/><input type=\"hidden\" name=\"_wpcf7_unit_tag\" value=\"wpcf7-f2841-o1\" \/><input type=\"hidden\" name=\"_wpcf7_container_post\" value=\"0\" \/><input type=\"hidden\" name=\"_wpcf7_posted_data_hash\" value=\"\" \/>\n<\/fieldset>\n<p><label> Pr\u00e9nom<br \/>\n<span class=\"wpcf7-form-control-wrap\" data-name=\"your-firstname\"><input size=\"40\" maxlength=\"400\" class=\"wpcf7-form-control wpcf7-text wpcf7-validates-as-required\" autocomplete=\"name\" aria-required=\"true\" aria-invalid=\"false\" value=\"\" type=\"text\" name=\"your-firstname\" \/><\/span> <\/label><br \/>\n<label> Nom<br \/>\n<span class=\"wpcf7-form-control-wrap\" data-name=\"your-lastname\"><input size=\"40\" maxlength=\"400\" class=\"wpcf7-form-control wpcf7-text wpcf7-validates-as-required\" autocomplete=\"name\" aria-required=\"true\" aria-invalid=\"false\" value=\"\" type=\"text\" name=\"your-lastname\" \/><\/span> <\/label><br \/>\n<label> Adresse e-mail professionnelle<br \/>\n<span class=\"wpcf7-form-control-wrap\" data-name=\"your-email\"><input size=\"40\" maxlength=\"400\" class=\"wpcf7-form-control wpcf7-email wpcf7-validates-as-required wpcf7-text wpcf7-validates-as-email\" autocomplete=\"email\" aria-required=\"true\" aria-invalid=\"false\" value=\"\" type=\"email\" name=\"your-email\" \/><\/span> <\/label><br \/>\n<label> Entreprise<br \/>\n<span class=\"wpcf7-form-control-wrap\" data-name=\"your-entreprise\"><input size=\"40\" maxlength=\"400\" class=\"wpcf7-form-control wpcf7-text wpcf7-validates-as-required\" autocomplete=\"entreprise\" aria-required=\"true\" aria-invalid=\"false\" value=\"\" type=\"text\" name=\"your-entreprise\" \/><\/span> <\/label>\n<\/p>\n<p class=\"font-size-small\">Les informations recueillies via ce formulaire sont utilis\u00e9es uniquement pour traiter votre demande. Pour en savoir plus, consultez notre <a href=\"https:\/\/www.kipmi.com\/index.php\/politique-de-confidentialite-2\/\">politique de confidentialit\u00e9<\/a><a>.<\/a>\n<\/p>\n<p><input class=\"wpcf7-form-control wpcf7-submit has-spinner\" type=\"submit\" value=\"Demander\" \/>\n<\/p><div class=\"wpcf7-response-output\" aria-hidden=\"true\"><\/div>\n<\/form>\n<\/div>\n\n<\/div>\n<\/div>\n\n\n\n<div class=\"wp-block-column is-layout-flow wp-block-column-is-layout-flow\">\n<figure class=\"wp-block-image size-large\" style=\"margin-right:var(--wp--preset--spacing--30);margin-left:var(--wp--preset--spacing--30)\"><img decoding=\"async\" src=\"https:\/\/www.kipmi.com\/wp-content\/uploads\/2025\/07\/ebook-gratuit-KYC-1024x669.png\" alt=\"Know Your Customer\" class=\"wp-image-3359\"\/><\/figure>\n<\/div>\n<\/div>\n<\/div>\n\n\n\n<div class=\"wp-block-group has-global-padding is-layout-constrained wp-container-core-group-is-layout-7a94f013 wp-block-group-is-layout-constrained\" style=\"padding-top:var(--wp--preset--spacing--30);padding-right:var(--wp--preset--spacing--30);padding-bottom:var(--wp--preset--spacing--30);padding-left:var(--wp--preset--spacing--30)\">\n<p class=\"has-text-align-center desc\">Aper\u00e7u<\/p>\n\n\n\n<h2 class=\"wp-block-heading has-text-align-center\">Votre aper\u00e7u <strong>rapide<\/strong><\/h2>\n\n\n\n<div style=\"height:30px\" aria-hidden=\"true\" class=\"wp-block-spacer\"><\/div>\n\n\n\n<div class=\"wp-block-columns is-layout-flex wp-container-core-columns-is-layout-28f84493 wp-block-columns-is-layout-flex\">\n<div class=\"wp-block-column is-layout-flow wp-block-column-is-layout-flow\">\n<div class=\"wp-block-columns is-layout-flex wp-container-core-columns-is-layout-28f84493 wp-block-columns-is-layout-flex\">\n<div class=\"wp-block-column is-layout-flow wp-block-column-is-layout-flow\">\n<figure class=\"wp-block-gallery has-nested-images columns-3 is-cropped wp-block-gallery-1 is-layout-flex wp-block-gallery-is-layout-flex\">\n<figure class=\"wp-block-image size-full\"><img decoding=\"async\" data-id=\"3360\" src=\"https:\/\/www.kipmi.com\/wp-content\/uploads\/2025\/07\/Ebook_KYC_onePage.png\" alt=\"\" class=\"wp-image-3360\"\/><\/figure>\n\n\n\n<figure class=\"wp-block-image size-large\"><img decoding=\"async\" data-id=\"3361\" src=\"https:\/\/www.kipmi.com\/wp-content\/uploads\/2025\/07\/eBooks_KYC_eReader-1024x1024.png\" alt=\"\" class=\"wp-image-3361\"\/><\/figure>\n\n\n\n<figure class=\"wp-block-image size-large\"><img decoding=\"async\" data-id=\"3362\" src=\"https:\/\/www.kipmi.com\/wp-content\/uploads\/2025\/07\/eBooc_KYC_newspaper-1024x768.png\" alt=\"\" class=\"wp-image-3362\"\/><\/figure>\n\n\n\n<figure class=\"wp-block-image size-full\"><img decoding=\"async\" data-id=\"3363\" src=\"https:\/\/www.kipmi.com\/wp-content\/uploads\/2025\/07\/eBook_KYC_section3_3Images.png\" alt=\"\" class=\"wp-image-3363\"\/><\/figure>\n\n\n\n<figure class=\"wp-block-image size-full\"><img decoding=\"async\" data-id=\"3365\" src=\"https:\/\/www.kipmi.com\/wp-content\/uploads\/2025\/07\/Ebook_KYC_onePageSmall.png\" alt=\"\" class=\"wp-image-3365\"\/><\/figure>\n<\/figure>\n<\/div>\n<\/div>\n<\/div>\n<\/div>\n<\/div>\n","protected":false},"excerpt":{"rendered":"<p>KYC : Comment faire d\u2019uneobligation une opportunit\u00e9 business ? Le processus Know Your Customer (KYC) a investi, ces derni\u00e8res ann\u00e9es, de plus en plus de secteurs d\u2019activit\u00e9. La raison d\u2019un tel succ\u00e8s ? Une efficacit\u00e9 sans pareille ! Pour les entreprises comme pour les organisations, un processus de v\u00e9rification d\u2019identit\u00e9 bien d\u00e9ploy\u00e9 constitue, en effet, [&hellip;]<\/p>\n","protected":false},"author":2,"featured_media":4009,"parent":2251,"menu_order":0,"comment_status":"closed","ping_status":"closed","template":"fullscreen","meta":{"footnotes":""},"class_list":["post-2562","page","type-page","status-publish","has-post-thumbnail","hentry"],"yoast_head":"<!-- This site is optimized with the Yoast SEO plugin v25.5 - https:\/\/yoast.com\/wordpress\/plugins\/seo\/ -->\n<title>Know Your Customer - Kipmi<\/title>\n<meta name=\"description\" content=\"Le processus Know Your Customer (KYC) a investi, ces derni\u00e8res ann\u00e9es, de plus en plus de secteurs d\u2019activit\u00e9.\" \/>\n<meta name=\"robots\" content=\"index, follow, max-snippet:-1, max-image-preview:large, max-video-preview:-1\" \/>\n<link rel=\"canonical\" href=\"https:\/\/www.kipmi.com\/index.php\/ressources\/ebooks-centre-de-connaissance\/know-your-customer-kyc\/\" \/>\n<meta property=\"og:locale\" content=\"fr_FR\" \/>\n<meta property=\"og:type\" content=\"article\" \/>\n<meta property=\"og:title\" content=\"Know Your Customer - Kipmi\" \/>\n<meta property=\"og:description\" content=\"Le processus Know Your Customer (KYC) a investi, ces derni\u00e8res ann\u00e9es, de plus en plus de secteurs d\u2019activit\u00e9.\" \/>\n<meta property=\"og:url\" content=\"https:\/\/www.kipmi.com\/index.php\/ressources\/ebooks-centre-de-connaissance\/know-your-customer-kyc\/\" \/>\n<meta property=\"og:site_name\" content=\"Kipmi\" \/>\n<meta property=\"article:modified_time\" content=\"2025-07-16T16:44:48+00:00\" \/>\n<meta property=\"og:image\" content=\"https:\/\/www.kipmi.com\/wp-content\/uploads\/2025\/07\/KYC-mapping-des-reglementations-europeennes.jpg\" \/>\n\t<meta property=\"og:image:width\" content=\"1000\" \/>\n\t<meta property=\"og:image:height\" content=\"567\" \/>\n\t<meta property=\"og:image:type\" content=\"image\/jpeg\" \/>\n<meta name=\"twitter:card\" content=\"summary_large_image\" \/>\n<meta name=\"twitter:label1\" content=\"Dur\u00e9e de lecture estim\u00e9e\" \/>\n\t<meta name=\"twitter:data1\" content=\"3 minutes\" \/>\n<script type=\"application\/ld+json\" class=\"yoast-schema-graph\">{\"@context\":\"https:\/\/schema.org\",\"@graph\":[{\"@type\":\"WebPage\",\"@id\":\"https:\/\/www.kipmi.com\/index.php\/ressources\/ebooks-centre-de-connaissance\/know-your-customer-kyc\/\",\"url\":\"https:\/\/www.kipmi.com\/index.php\/ressources\/ebooks-centre-de-connaissance\/know-your-customer-kyc\/\",\"name\":\"Know Your Customer - Kipmi\",\"isPartOf\":{\"@id\":\"https:\/\/www.kipmi.com\/#website\"},\"primaryImageOfPage\":{\"@id\":\"https:\/\/www.kipmi.com\/index.php\/ressources\/ebooks-centre-de-connaissance\/know-your-customer-kyc\/#primaryimage\"},\"image\":{\"@id\":\"https:\/\/www.kipmi.com\/index.php\/ressources\/ebooks-centre-de-connaissance\/know-your-customer-kyc\/#primaryimage\"},\"thumbnailUrl\":\"https:\/\/www.kipmi.com\/wp-content\/uploads\/2025\/07\/KYC-mapping-des-reglementations-europeennes.jpg\",\"datePublished\":\"2025-04-25T14:37:16+00:00\",\"dateModified\":\"2025-07-16T16:44:48+00:00\",\"description\":\"Le processus Know Your Customer (KYC) a investi, ces derni\u00e8res ann\u00e9es, de plus en plus de secteurs d\u2019activit\u00e9.\",\"breadcrumb\":{\"@id\":\"https:\/\/www.kipmi.com\/index.php\/ressources\/ebooks-centre-de-connaissance\/know-your-customer-kyc\/#breadcrumb\"},\"inLanguage\":\"fr-FR\",\"potentialAction\":[{\"@type\":\"ReadAction\",\"target\":[\"https:\/\/www.kipmi.com\/index.php\/ressources\/ebooks-centre-de-connaissance\/know-your-customer-kyc\/\"]}]},{\"@type\":\"ImageObject\",\"inLanguage\":\"fr-FR\",\"@id\":\"https:\/\/www.kipmi.com\/index.php\/ressources\/ebooks-centre-de-connaissance\/know-your-customer-kyc\/#primaryimage\",\"url\":\"https:\/\/www.kipmi.com\/wp-content\/uploads\/2025\/07\/KYC-mapping-des-reglementations-europeennes.jpg\",\"contentUrl\":\"https:\/\/www.kipmi.com\/wp-content\/uploads\/2025\/07\/KYC-mapping-des-reglementations-europeennes.jpg\",\"width\":1000,\"height\":567},{\"@type\":\"BreadcrumbList\",\"@id\":\"https:\/\/www.kipmi.com\/index.php\/ressources\/ebooks-centre-de-connaissance\/know-your-customer-kyc\/#breadcrumb\",\"itemListElement\":[{\"@type\":\"ListItem\",\"position\":1,\"name\":\"Home\",\"item\":\"https:\/\/www.kipmi.com\/\"},{\"@type\":\"ListItem\",\"position\":2,\"name\":\"Ressources\",\"item\":\"https:\/\/www.kipmi.com\/index.php\/ressources\/\"},{\"@type\":\"ListItem\",\"position\":3,\"name\":\"eBooks\",\"item\":\"https:\/\/www.kipmi.com\/index.php\/ressources\/ebooks-centre-de-connaissance\/\"},{\"@type\":\"ListItem\",\"position\":4,\"name\":\"KYC : Comment faire d&rsquo;une obligation une opportunit\u00e9 business ?\"}]},{\"@type\":\"WebSite\",\"@id\":\"https:\/\/www.kipmi.com\/#website\",\"url\":\"https:\/\/www.kipmi.com\/\",\"name\":\"Kipmi\",\"description\":\"Digital Trust Continuity\",\"publisher\":{\"@id\":\"https:\/\/www.kipmi.com\/#organization\"},\"potentialAction\":[{\"@type\":\"SearchAction\",\"target\":{\"@type\":\"EntryPoint\",\"urlTemplate\":\"https:\/\/www.kipmi.com\/?s={search_term_string}\"},\"query-input\":{\"@type\":\"PropertyValueSpecification\",\"valueRequired\":true,\"valueName\":\"search_term_string\"}}],\"inLanguage\":\"fr-FR\"},{\"@type\":\"Organization\",\"@id\":\"https:\/\/www.kipmi.com\/#organization\",\"name\":\"Kipmi\",\"url\":\"https:\/\/www.kipmi.com\/\",\"logo\":{\"@type\":\"ImageObject\",\"inLanguage\":\"fr-FR\",\"@id\":\"https:\/\/www.kipmi.com\/#\/schema\/logo\/image\/\",\"url\":\"https:\/\/www.kipmi.com\/wp-content\/uploads\/2025\/07\/logo-kipmi.svg\",\"contentUrl\":\"https:\/\/www.kipmi.com\/wp-content\/uploads\/2025\/07\/logo-kipmi.svg\",\"width\":636,\"height\":135,\"caption\":\"Kipmi\"},\"image\":{\"@id\":\"https:\/\/www.kipmi.com\/#\/schema\/logo\/image\/\"}}]}<\/script>\n<!-- \/ Yoast SEO plugin. -->","yoast_head_json":{"title":"Know Your Customer - Kipmi","description":"Le processus Know Your Customer (KYC) a investi, ces derni\u00e8res ann\u00e9es, de plus en plus de secteurs d\u2019activit\u00e9.","robots":{"index":"index","follow":"follow","max-snippet":"max-snippet:-1","max-image-preview":"max-image-preview:large","max-video-preview":"max-video-preview:-1"},"canonical":"https:\/\/www.kipmi.com\/index.php\/ressources\/ebooks-centre-de-connaissance\/know-your-customer-kyc\/","og_locale":"fr_FR","og_type":"article","og_title":"Know Your Customer - Kipmi","og_description":"Le processus Know Your Customer (KYC) a investi, ces derni\u00e8res ann\u00e9es, de plus en plus de secteurs d\u2019activit\u00e9.","og_url":"https:\/\/www.kipmi.com\/index.php\/ressources\/ebooks-centre-de-connaissance\/know-your-customer-kyc\/","og_site_name":"Kipmi","article_modified_time":"2025-07-16T16:44:48+00:00","og_image":[{"width":1000,"height":567,"url":"https:\/\/www.kipmi.com\/wp-content\/uploads\/2025\/07\/KYC-mapping-des-reglementations-europeennes.jpg","type":"image\/jpeg"}],"twitter_card":"summary_large_image","twitter_misc":{"Dur\u00e9e de lecture estim\u00e9e":"3 minutes"},"schema":{"@context":"https:\/\/schema.org","@graph":[{"@type":"WebPage","@id":"https:\/\/www.kipmi.com\/index.php\/ressources\/ebooks-centre-de-connaissance\/know-your-customer-kyc\/","url":"https:\/\/www.kipmi.com\/index.php\/ressources\/ebooks-centre-de-connaissance\/know-your-customer-kyc\/","name":"Know Your Customer - Kipmi","isPartOf":{"@id":"https:\/\/www.kipmi.com\/#website"},"primaryImageOfPage":{"@id":"https:\/\/www.kipmi.com\/index.php\/ressources\/ebooks-centre-de-connaissance\/know-your-customer-kyc\/#primaryimage"},"image":{"@id":"https:\/\/www.kipmi.com\/index.php\/ressources\/ebooks-centre-de-connaissance\/know-your-customer-kyc\/#primaryimage"},"thumbnailUrl":"https:\/\/www.kipmi.com\/wp-content\/uploads\/2025\/07\/KYC-mapping-des-reglementations-europeennes.jpg","datePublished":"2025-04-25T14:37:16+00:00","dateModified":"2025-07-16T16:44:48+00:00","description":"Le processus Know Your Customer (KYC) a investi, ces derni\u00e8res ann\u00e9es, de plus en plus de secteurs d\u2019activit\u00e9.","breadcrumb":{"@id":"https:\/\/www.kipmi.com\/index.php\/ressources\/ebooks-centre-de-connaissance\/know-your-customer-kyc\/#breadcrumb"},"inLanguage":"fr-FR","potentialAction":[{"@type":"ReadAction","target":["https:\/\/www.kipmi.com\/index.php\/ressources\/ebooks-centre-de-connaissance\/know-your-customer-kyc\/"]}]},{"@type":"ImageObject","inLanguage":"fr-FR","@id":"https:\/\/www.kipmi.com\/index.php\/ressources\/ebooks-centre-de-connaissance\/know-your-customer-kyc\/#primaryimage","url":"https:\/\/www.kipmi.com\/wp-content\/uploads\/2025\/07\/KYC-mapping-des-reglementations-europeennes.jpg","contentUrl":"https:\/\/www.kipmi.com\/wp-content\/uploads\/2025\/07\/KYC-mapping-des-reglementations-europeennes.jpg","width":1000,"height":567},{"@type":"BreadcrumbList","@id":"https:\/\/www.kipmi.com\/index.php\/ressources\/ebooks-centre-de-connaissance\/know-your-customer-kyc\/#breadcrumb","itemListElement":[{"@type":"ListItem","position":1,"name":"Home","item":"https:\/\/www.kipmi.com\/"},{"@type":"ListItem","position":2,"name":"Ressources","item":"https:\/\/www.kipmi.com\/index.php\/ressources\/"},{"@type":"ListItem","position":3,"name":"eBooks","item":"https:\/\/www.kipmi.com\/index.php\/ressources\/ebooks-centre-de-connaissance\/"},{"@type":"ListItem","position":4,"name":"KYC : Comment faire d&rsquo;une obligation une opportunit\u00e9 business ?"}]},{"@type":"WebSite","@id":"https:\/\/www.kipmi.com\/#website","url":"https:\/\/www.kipmi.com\/","name":"Kipmi","description":"Digital Trust Continuity","publisher":{"@id":"https:\/\/www.kipmi.com\/#organization"},"potentialAction":[{"@type":"SearchAction","target":{"@type":"EntryPoint","urlTemplate":"https:\/\/www.kipmi.com\/?s={search_term_string}"},"query-input":{"@type":"PropertyValueSpecification","valueRequired":true,"valueName":"search_term_string"}}],"inLanguage":"fr-FR"},{"@type":"Organization","@id":"https:\/\/www.kipmi.com\/#organization","name":"Kipmi","url":"https:\/\/www.kipmi.com\/","logo":{"@type":"ImageObject","inLanguage":"fr-FR","@id":"https:\/\/www.kipmi.com\/#\/schema\/logo\/image\/","url":"https:\/\/www.kipmi.com\/wp-content\/uploads\/2025\/07\/logo-kipmi.svg","contentUrl":"https:\/\/www.kipmi.com\/wp-content\/uploads\/2025\/07\/logo-kipmi.svg","width":636,"height":135,"caption":"Kipmi"},"image":{"@id":"https:\/\/www.kipmi.com\/#\/schema\/logo\/image\/"}}]}},"_links":{"self":[{"href":"https:\/\/www.kipmi.com\/index.php\/wp-json\/wp\/v2\/pages\/2562","targetHints":{"allow":["GET"]}}],"collection":[{"href":"https:\/\/www.kipmi.com\/index.php\/wp-json\/wp\/v2\/pages"}],"about":[{"href":"https:\/\/www.kipmi.com\/index.php\/wp-json\/wp\/v2\/types\/page"}],"author":[{"embeddable":true,"href":"https:\/\/www.kipmi.com\/index.php\/wp-json\/wp\/v2\/users\/2"}],"replies":[{"embeddable":true,"href":"https:\/\/www.kipmi.com\/index.php\/wp-json\/wp\/v2\/comments?post=2562"}],"version-history":[{"count":1,"href":"https:\/\/www.kipmi.com\/index.php\/wp-json\/wp\/v2\/pages\/2562\/revisions"}],"predecessor-version":[{"id":4420,"href":"https:\/\/www.kipmi.com\/index.php\/wp-json\/wp\/v2\/pages\/2562\/revisions\/4420"}],"up":[{"embeddable":true,"href":"https:\/\/www.kipmi.com\/index.php\/wp-json\/wp\/v2\/pages\/2251"}],"wp:featuredmedia":[{"embeddable":true,"href":"https:\/\/www.kipmi.com\/index.php\/wp-json\/wp\/v2\/media\/4009"}],"wp:attachment":[{"href":"https:\/\/www.kipmi.com\/index.php\/wp-json\/wp\/v2\/media?parent=2562"}],"curies":[{"name":"wp","href":"https:\/\/api.w.org\/{rel}","templated":true}]}}