{"id":2286,"date":"2025-04-25T11:13:22","date_gmt":"2025-04-25T09:13:22","guid":{"rendered":"http:\/\/localhost:8888\/MAMP\/kipmi\/?page_id=2286"},"modified":"2025-07-17T14:28:04","modified_gmt":"2025-07-17T12:28:04","slug":"fournisseurs-identite","status":"publish","type":"page","link":"https:\/\/www.kipmi.com\/index.php\/produits\/fournisseurs-identite\/","title":{"rendered":"Fournisseur"},"content":{"rendered":"\n<div class=\"wp-block-group has-global-padding is-layout-constrained wp-container-core-group-is-layout-71b76342 wp-block-group-is-layout-constrained has-background\" style=\"padding-top:var(--wp--preset--spacing--50);padding-right:var(--wp--preset--spacing--30);padding-bottom:var(--wp--preset--spacing--30);padding-left:var(--wp--preset--spacing--30);background-image:url(&apos;https:\/\/www.kipmi.com\/wp-content\/uploads\/2025\/07\/header-bg-3-scaled.png&apos;);background-position:100% 100%;background-size:cover;\"><div style=\"--bb--crumb-gap:.4em; padding-top:var(--wp--preset--spacing--30);padding-bottom:var(--wp--preset--spacing--30);\" class=\"wp-block-boldblocks-breadcrumb-block\"><nav role=\"navigation\" aria-label=\"Breadcrumbs\" class=\"breadcrumb\"><ol class=\"breadcrumb-items\"><li class=\"breadcrumb-item breadcrumb-item--current breadcrumb-item--home\"><span class=\"breadcrumb-item-name\">Accueil<\/span><\/li><\/ol><\/nav><\/div>\n\n\n<div class=\"wp-block-columns is-layout-flex wp-container-core-columns-is-layout-28f84493 wp-block-columns-is-layout-flex\">\n<div class=\"wp-block-column is-layout-flow wp-block-column-is-layout-flow\" style=\"flex-basis:60%\">\n<h2 class=\"wp-block-heading\">Fournisseur<\/h2>\n\n\n\n<p>Fournisseurs de solutions d\u2019identit\u00e9 num\u00e9rique et \u00e9lectronique, ces plateformes offrent des services tels que signature \u00e9lectronique, gestion des profils utilisateurs et traitement des donn\u00e9es. Elles garantissent s\u00e9curit\u00e9, simplicit\u00e9 et conformit\u00e9 r\u00e9glementaire, tout en optimisant les interactions num\u00e9riques. Innovantes et fiables, elles accompagnent entreprises et particuliers dans leur transformation digitale.<\/p>\n<\/div>\n\n\n\n<div class=\"wp-block-column is-layout-flow wp-block-column-is-layout-flow\" style=\"flex-basis:5%\"><\/div>\n\n\n\n<div class=\"wp-block-column is-layout-flow wp-block-column-is-layout-flow\" style=\"flex-basis:35%\"><figure class=\"wp-block-post-featured-image\"><img loading=\"lazy\" decoding=\"async\" width=\"1024\" height=\"577\" src=\"https:\/\/www.kipmi.com\/wp-content\/uploads\/2025\/07\/fournisseurs-1024x577-1.png\" class=\"attachment-post-thumbnail size-post-thumbnail wp-post-image\" alt=\"\" style=\"object-fit:cover;\" srcset=\"https:\/\/www.kipmi.com\/wp-content\/uploads\/2025\/07\/fournisseurs-1024x577-1.png 1024w, https:\/\/www.kipmi.com\/wp-content\/uploads\/2025\/07\/fournisseurs-1024x577-1-300x169.png 300w, https:\/\/www.kipmi.com\/wp-content\/uploads\/2025\/07\/fournisseurs-1024x577-1-768x433.png 768w\" sizes=\"auto, (max-width: 1024px) 100vw, 1024px\" \/><\/figure><\/div>\n<\/div>\n<\/div>\n\n\n\n<div class=\"wp-block-group has-global-padding is-layout-constrained wp-container-core-group-is-layout-7a94f013 wp-block-group-is-layout-constrained\" style=\"padding-top:var(--wp--preset--spacing--30);padding-right:var(--wp--preset--spacing--30);padding-bottom:var(--wp--preset--spacing--30);padding-left:var(--wp--preset--spacing--30)\">\n<p class=\"has-text-align-center desc\">Fournisseur<\/p>\n\n\n\n<h2 class=\"wp-block-heading has-text-align-center\"><\/h2>\n\n\n\n<div class=\"wp-block-columns is-layout-flex wp-container-core-columns-is-layout-73586557 wp-block-columns-is-layout-flex\" style=\"margin-top:var(--wp--preset--spacing--40);margin-bottom:var(--wp--preset--spacing--40);padding-right:0;padding-left:0\">\n<div class=\"wp-block-column is-layout-flow wp-block-column-is-layout-flow\">\n<div class=\"wp-block-group has-global-padding is-layout-constrained wp-block-group-is-layout-constrained\">\n<figure class=\"wp-block-image size-large\"><a href=\"https:\/\/www.kipmi.com\/index.php\/produits\/fournisseurs-identite\/transformation-digitale-tinqin\/\"><img decoding=\"async\" src=\"https:\/\/www.kipmi.com\/wp-content\/uploads\/2025\/07\/Tinqin_FeatureImages.webp\" alt=\"\"\/><\/a><\/figure>\n\n\n\n<h3 class=\"wp-block-heading\"><a href=\"https:\/\/www.kipmi.com\/index.php\/produits\/fournisseurs-identite\/transformation-digitale-tinqin\/\">Tinqin<\/a><\/h3>\n<\/div>\n<\/div>\n\n\n\n<div class=\"wp-block-column is-layout-flow wp-block-column-is-layout-flow\"><\/div>\n\n\n\n<div class=\"wp-block-column is-layout-flow wp-block-column-is-layout-flow\"><\/div>\n<\/div>\n<\/div>\n","protected":false},"excerpt":{"rendered":"<p>Fournisseur Fournisseurs de solutions d\u2019identit\u00e9 num\u00e9rique et \u00e9lectronique, ces plateformes offrent des services tels que signature \u00e9lectronique, gestion des profils utilisateurs et traitement des donn\u00e9es. Elles garantissent s\u00e9curit\u00e9, simplicit\u00e9 et conformit\u00e9 r\u00e9glementaire, tout en optimisant les interactions num\u00e9riques. Innovantes et fiables, elles accompagnent entreprises et particuliers dans leur transformation digitale. Fournisseur<\/p>\n","protected":false},"author":2,"featured_media":3988,"parent":2255,"menu_order":0,"comment_status":"closed","ping_status":"closed","template":"fullscreen","meta":{"footnotes":""},"class_list":["post-2286","page","type-page","status-publish","has-post-thumbnail","hentry"],"yoast_head":"<!-- This site is optimized with the Yoast SEO plugin v25.5 - https:\/\/yoast.com\/wordpress\/plugins\/seo\/ -->\n<title>Fournisseur identit\u00e9 : - Kipmi<\/title>\n<meta name=\"description\" content=\"Fournisseurs de solutions d&#039;identit\u00e9 num\u00e9rique de services tels que signature \u00e9lectronique, gestion des profils utilisateurs ...\" \/>\n<meta name=\"robots\" content=\"index, follow, max-snippet:-1, max-image-preview:large, max-video-preview:-1\" \/>\n<link rel=\"canonical\" href=\"https:\/\/www.kipmi.com\/index.php\/produits\/fournisseurs-identite\/\" \/>\n<meta property=\"og:locale\" content=\"fr_FR\" \/>\n<meta property=\"og:type\" content=\"article\" \/>\n<meta property=\"og:title\" content=\"Fournisseur identit\u00e9 : - Kipmi\" \/>\n<meta property=\"og:description\" content=\"Fournisseurs de solutions d&#039;identit\u00e9 num\u00e9rique de services tels que signature \u00e9lectronique, gestion des profils utilisateurs ...\" \/>\n<meta property=\"og:url\" content=\"https:\/\/www.kipmi.com\/index.php\/produits\/fournisseurs-identite\/\" \/>\n<meta property=\"og:site_name\" content=\"Kipmi\" \/>\n<meta property=\"article:modified_time\" content=\"2025-07-17T12:28:04+00:00\" \/>\n<meta property=\"og:image\" content=\"https:\/\/www.kipmi.com\/wp-content\/uploads\/2025\/07\/fournisseurs-1024x577-1.png\" \/>\n\t<meta property=\"og:image:width\" content=\"1024\" \/>\n\t<meta property=\"og:image:height\" content=\"577\" \/>\n\t<meta property=\"og:image:type\" content=\"image\/png\" \/>\n<meta name=\"twitter:card\" content=\"summary_large_image\" \/>\n<meta name=\"twitter:label1\" content=\"Dur\u00e9e de lecture estim\u00e9e\" \/>\n\t<meta name=\"twitter:data1\" content=\"1 minute\" \/>\n<script type=\"application\/ld+json\" class=\"yoast-schema-graph\">{\"@context\":\"https:\/\/schema.org\",\"@graph\":[{\"@type\":\"WebPage\",\"@id\":\"https:\/\/www.kipmi.com\/index.php\/produits\/fournisseurs-identite\/\",\"url\":\"https:\/\/www.kipmi.com\/index.php\/produits\/fournisseurs-identite\/\",\"name\":\"Fournisseur identit\u00e9 : - Kipmi\",\"isPartOf\":{\"@id\":\"https:\/\/www.kipmi.com\/#website\"},\"primaryImageOfPage\":{\"@id\":\"https:\/\/www.kipmi.com\/index.php\/produits\/fournisseurs-identite\/#primaryimage\"},\"image\":{\"@id\":\"https:\/\/www.kipmi.com\/index.php\/produits\/fournisseurs-identite\/#primaryimage\"},\"thumbnailUrl\":\"https:\/\/www.kipmi.com\/wp-content\/uploads\/2025\/07\/fournisseurs-1024x577-1.png\",\"datePublished\":\"2025-04-25T09:13:22+00:00\",\"dateModified\":\"2025-07-17T12:28:04+00:00\",\"description\":\"Fournisseurs de solutions d'identit\u00e9 num\u00e9rique de services tels que signature \u00e9lectronique, gestion des profils utilisateurs ...\",\"breadcrumb\":{\"@id\":\"https:\/\/www.kipmi.com\/index.php\/produits\/fournisseurs-identite\/#breadcrumb\"},\"inLanguage\":\"fr-FR\",\"potentialAction\":[{\"@type\":\"ReadAction\",\"target\":[\"https:\/\/www.kipmi.com\/index.php\/produits\/fournisseurs-identite\/\"]}]},{\"@type\":\"ImageObject\",\"inLanguage\":\"fr-FR\",\"@id\":\"https:\/\/www.kipmi.com\/index.php\/produits\/fournisseurs-identite\/#primaryimage\",\"url\":\"https:\/\/www.kipmi.com\/wp-content\/uploads\/2025\/07\/fournisseurs-1024x577-1.png\",\"contentUrl\":\"https:\/\/www.kipmi.com\/wp-content\/uploads\/2025\/07\/fournisseurs-1024x577-1.png\",\"width\":1024,\"height\":577},{\"@type\":\"BreadcrumbList\",\"@id\":\"https:\/\/www.kipmi.com\/index.php\/produits\/fournisseurs-identite\/#breadcrumb\",\"itemListElement\":[{\"@type\":\"ListItem\",\"position\":1,\"name\":\"Home\",\"item\":\"https:\/\/www.kipmi.com\/\"},{\"@type\":\"ListItem\",\"position\":2,\"name\":\"Offres\",\"item\":\"https:\/\/www.kipmi.com\/index.php\/produits\/\"},{\"@type\":\"ListItem\",\"position\":3,\"name\":\"Fournisseur\"}]},{\"@type\":\"WebSite\",\"@id\":\"https:\/\/www.kipmi.com\/#website\",\"url\":\"https:\/\/www.kipmi.com\/\",\"name\":\"Kipmi\",\"description\":\"Digital Trust Continuity\",\"publisher\":{\"@id\":\"https:\/\/www.kipmi.com\/#organization\"},\"potentialAction\":[{\"@type\":\"SearchAction\",\"target\":{\"@type\":\"EntryPoint\",\"urlTemplate\":\"https:\/\/www.kipmi.com\/?s={search_term_string}\"},\"query-input\":{\"@type\":\"PropertyValueSpecification\",\"valueRequired\":true,\"valueName\":\"search_term_string\"}}],\"inLanguage\":\"fr-FR\"},{\"@type\":\"Organization\",\"@id\":\"https:\/\/www.kipmi.com\/#organization\",\"name\":\"Kipmi\",\"url\":\"https:\/\/www.kipmi.com\/\",\"logo\":{\"@type\":\"ImageObject\",\"inLanguage\":\"fr-FR\",\"@id\":\"https:\/\/www.kipmi.com\/#\/schema\/logo\/image\/\",\"url\":\"https:\/\/www.kipmi.com\/wp-content\/uploads\/2025\/07\/logo-kipmi.svg\",\"contentUrl\":\"https:\/\/www.kipmi.com\/wp-content\/uploads\/2025\/07\/logo-kipmi.svg\",\"width\":636,\"height\":135,\"caption\":\"Kipmi\"},\"image\":{\"@id\":\"https:\/\/www.kipmi.com\/#\/schema\/logo\/image\/\"}}]}<\/script>\n<!-- \/ Yoast SEO plugin. -->","yoast_head_json":{"title":"Fournisseur identit\u00e9 : - Kipmi","description":"Fournisseurs de solutions d'identit\u00e9 num\u00e9rique de services tels que signature \u00e9lectronique, gestion des profils utilisateurs ...","robots":{"index":"index","follow":"follow","max-snippet":"max-snippet:-1","max-image-preview":"max-image-preview:large","max-video-preview":"max-video-preview:-1"},"canonical":"https:\/\/www.kipmi.com\/index.php\/produits\/fournisseurs-identite\/","og_locale":"fr_FR","og_type":"article","og_title":"Fournisseur identit\u00e9 : - Kipmi","og_description":"Fournisseurs de solutions d'identit\u00e9 num\u00e9rique de services tels que signature \u00e9lectronique, gestion des profils utilisateurs ...","og_url":"https:\/\/www.kipmi.com\/index.php\/produits\/fournisseurs-identite\/","og_site_name":"Kipmi","article_modified_time":"2025-07-17T12:28:04+00:00","og_image":[{"width":1024,"height":577,"url":"https:\/\/www.kipmi.com\/wp-content\/uploads\/2025\/07\/fournisseurs-1024x577-1.png","type":"image\/png"}],"twitter_card":"summary_large_image","twitter_misc":{"Dur\u00e9e de lecture estim\u00e9e":"1 minute"},"schema":{"@context":"https:\/\/schema.org","@graph":[{"@type":"WebPage","@id":"https:\/\/www.kipmi.com\/index.php\/produits\/fournisseurs-identite\/","url":"https:\/\/www.kipmi.com\/index.php\/produits\/fournisseurs-identite\/","name":"Fournisseur identit\u00e9 : - Kipmi","isPartOf":{"@id":"https:\/\/www.kipmi.com\/#website"},"primaryImageOfPage":{"@id":"https:\/\/www.kipmi.com\/index.php\/produits\/fournisseurs-identite\/#primaryimage"},"image":{"@id":"https:\/\/www.kipmi.com\/index.php\/produits\/fournisseurs-identite\/#primaryimage"},"thumbnailUrl":"https:\/\/www.kipmi.com\/wp-content\/uploads\/2025\/07\/fournisseurs-1024x577-1.png","datePublished":"2025-04-25T09:13:22+00:00","dateModified":"2025-07-17T12:28:04+00:00","description":"Fournisseurs de solutions d'identit\u00e9 num\u00e9rique de services tels que signature \u00e9lectronique, gestion des profils utilisateurs ...","breadcrumb":{"@id":"https:\/\/www.kipmi.com\/index.php\/produits\/fournisseurs-identite\/#breadcrumb"},"inLanguage":"fr-FR","potentialAction":[{"@type":"ReadAction","target":["https:\/\/www.kipmi.com\/index.php\/produits\/fournisseurs-identite\/"]}]},{"@type":"ImageObject","inLanguage":"fr-FR","@id":"https:\/\/www.kipmi.com\/index.php\/produits\/fournisseurs-identite\/#primaryimage","url":"https:\/\/www.kipmi.com\/wp-content\/uploads\/2025\/07\/fournisseurs-1024x577-1.png","contentUrl":"https:\/\/www.kipmi.com\/wp-content\/uploads\/2025\/07\/fournisseurs-1024x577-1.png","width":1024,"height":577},{"@type":"BreadcrumbList","@id":"https:\/\/www.kipmi.com\/index.php\/produits\/fournisseurs-identite\/#breadcrumb","itemListElement":[{"@type":"ListItem","position":1,"name":"Home","item":"https:\/\/www.kipmi.com\/"},{"@type":"ListItem","position":2,"name":"Offres","item":"https:\/\/www.kipmi.com\/index.php\/produits\/"},{"@type":"ListItem","position":3,"name":"Fournisseur"}]},{"@type":"WebSite","@id":"https:\/\/www.kipmi.com\/#website","url":"https:\/\/www.kipmi.com\/","name":"Kipmi","description":"Digital Trust Continuity","publisher":{"@id":"https:\/\/www.kipmi.com\/#organization"},"potentialAction":[{"@type":"SearchAction","target":{"@type":"EntryPoint","urlTemplate":"https:\/\/www.kipmi.com\/?s={search_term_string}"},"query-input":{"@type":"PropertyValueSpecification","valueRequired":true,"valueName":"search_term_string"}}],"inLanguage":"fr-FR"},{"@type":"Organization","@id":"https:\/\/www.kipmi.com\/#organization","name":"Kipmi","url":"https:\/\/www.kipmi.com\/","logo":{"@type":"ImageObject","inLanguage":"fr-FR","@id":"https:\/\/www.kipmi.com\/#\/schema\/logo\/image\/","url":"https:\/\/www.kipmi.com\/wp-content\/uploads\/2025\/07\/logo-kipmi.svg","contentUrl":"https:\/\/www.kipmi.com\/wp-content\/uploads\/2025\/07\/logo-kipmi.svg","width":636,"height":135,"caption":"Kipmi"},"image":{"@id":"https:\/\/www.kipmi.com\/#\/schema\/logo\/image\/"}}]}},"_links":{"self":[{"href":"https:\/\/www.kipmi.com\/index.php\/wp-json\/wp\/v2\/pages\/2286","targetHints":{"allow":["GET"]}}],"collection":[{"href":"https:\/\/www.kipmi.com\/index.php\/wp-json\/wp\/v2\/pages"}],"about":[{"href":"https:\/\/www.kipmi.com\/index.php\/wp-json\/wp\/v2\/types\/page"}],"author":[{"embeddable":true,"href":"https:\/\/www.kipmi.com\/index.php\/wp-json\/wp\/v2\/users\/2"}],"replies":[{"embeddable":true,"href":"https:\/\/www.kipmi.com\/index.php\/wp-json\/wp\/v2\/comments?post=2286"}],"version-history":[{"count":1,"href":"https:\/\/www.kipmi.com\/index.php\/wp-json\/wp\/v2\/pages\/2286\/revisions"}],"predecessor-version":[{"id":4368,"href":"https:\/\/www.kipmi.com\/index.php\/wp-json\/wp\/v2\/pages\/2286\/revisions\/4368"}],"up":[{"embeddable":true,"href":"https:\/\/www.kipmi.com\/index.php\/wp-json\/wp\/v2\/pages\/2255"}],"wp:featuredmedia":[{"embeddable":true,"href":"https:\/\/www.kipmi.com\/index.php\/wp-json\/wp\/v2\/media\/3988"}],"wp:attachment":[{"href":"https:\/\/www.kipmi.com\/index.php\/wp-json\/wp\/v2\/media?parent=2286"}],"curies":[{"name":"wp","href":"https:\/\/api.w.org\/{rel}","templated":true}]}}