{"id":2284,"date":"2025-04-25T11:12:45","date_gmt":"2025-04-25T09:12:45","guid":{"rendered":"http:\/\/localhost:8888\/MAMP\/kipmi\/?page_id=2284"},"modified":"2026-03-02T14:10:04","modified_gmt":"2026-03-02T13:10:04","slug":"confiance-numerique-solutions","status":"publish","type":"page","link":"https:\/\/www.kipmi.com\/index.php\/produits\/confiance-numerique-solutions\/","title":{"rendered":"Nos solutions"},"content":{"rendered":"\n<div class=\"wp-block-group has-global-padding is-layout-constrained wp-container-core-group-is-layout-71b76342 wp-block-group-is-layout-constrained has-background\" style=\"padding-top:var(--wp--preset--spacing--50);padding-right:var(--wp--preset--spacing--30);padding-bottom:var(--wp--preset--spacing--30);padding-left:var(--wp--preset--spacing--30);background-image:url(&apos;https:\/\/www.kipmi.com\/wp-content\/uploads\/2025\/07\/header-bg-3-scaled-1.png&apos;);background-size:cover;\"><div style=\"--bb--crumb-gap:.4em; padding-top:var(--wp--preset--spacing--30);padding-bottom:var(--wp--preset--spacing--30);\" class=\"wp-block-boldblocks-breadcrumb-block\"><nav role=\"navigation\" aria-label=\"Breadcrumbs\" class=\"breadcrumb\"><ol class=\"breadcrumb-items\"><li class=\"breadcrumb-item breadcrumb-item--current breadcrumb-item--home\"><span class=\"breadcrumb-item-name\">Accueil<\/span><\/li><\/ol><\/nav><\/div>\n\n\n<div class=\"wp-block-columns is-layout-flex wp-container-core-columns-is-layout-28f84493 wp-block-columns-is-layout-flex\">\n<div class=\"wp-block-column is-layout-flow wp-block-column-is-layout-flow\" style=\"flex-basis:60%\">\n<h2 class=\"wp-block-heading\">Nos Solutions<\/h2>\n\n\n\n<p>D\u00e9couvrez KIPMI Platform, la plateforme r\u00e9volutionnaire qui r\u00e9invente la gestion de la confiance num\u00e9rique pour garantir la s\u00e9curit\u00e9 totale de votre parcours client. Avec KIPMI, la puissance et la flexibilit\u00e9 sont \u00e0 port\u00e9e de main, vous permettant d\u2019impl\u00e9menter des solutions intelligentes partout dans le monde, quel que soit votre secteur d\u2019activit\u00e9.<\/p>\n<\/div>\n\n\n\n<div class=\"wp-block-column is-layout-flow wp-block-column-is-layout-flow\" style=\"flex-basis:5%\"><\/div>\n\n\n\n<div class=\"wp-block-column is-layout-flow wp-block-column-is-layout-flow\" style=\"flex-basis:35%\"><figure class=\"wp-block-post-featured-image\"><img loading=\"lazy\" decoding=\"async\" width=\"752\" height=\"424\" src=\"https:\/\/www.kipmi.com\/wp-content\/uploads\/2025\/07\/solutions-kipmi.png\" class=\"attachment-post-thumbnail size-post-thumbnail wp-post-image\" alt=\"\" style=\"object-fit:cover;\" srcset=\"https:\/\/www.kipmi.com\/wp-content\/uploads\/2025\/07\/solutions-kipmi.png 752w, https:\/\/www.kipmi.com\/wp-content\/uploads\/2025\/07\/solutions-kipmi-300x169.png 300w\" sizes=\"auto, (max-width: 752px) 100vw, 752px\" \/><\/figure><\/div>\n<\/div>\n<\/div>\n\n\n\n<div class=\"wp-block-group has-global-padding is-layout-constrained wp-container-core-group-is-layout-7a94f013 wp-block-group-is-layout-constrained\" style=\"padding-top:var(--wp--preset--spacing--30);padding-right:var(--wp--preset--spacing--30);padding-bottom:var(--wp--preset--spacing--30);padding-left:var(--wp--preset--spacing--30)\">\n<p class=\"has-text-align-center desc\">Nos solutions<\/p>\n\n\n\n<h2 class=\"wp-block-heading has-text-align-center\">Notre \u00e9cosyst\u00e8me de solutions de<br><strong>confiance num\u00e9rique <\/strong><\/h2>\n\n\n\n<div class=\"wp-block-columns is-layout-flex wp-container-core-columns-is-layout-73586557 wp-block-columns-is-layout-flex\" style=\"margin-top:var(--wp--preset--spacing--40);margin-bottom:var(--wp--preset--spacing--40);padding-right:0;padding-left:0\">\n<div class=\"wp-block-column is-layout-flow wp-block-column-is-layout-flow\">\n<div class=\"wp-block-group has-global-padding is-layout-constrained wp-block-group-is-layout-constrained\">\n<figure class=\"wp-block-image size-full\"><a href=\"https:\/\/www.kipmi.com\/index.php\/produits\/solutions\/kipmi-application-identite-numerique\/\"><img decoding=\"async\" src=\"https:\/\/www.kipmi.com\/wp-content\/uploads\/2025\/07\/Kipmi.webp\" alt=\"Solutions identit\u00e9 num\u00e9rique - confiance num\u00e9rique - kipmi\" class=\"wp-image-3689\"\/><\/a><\/figure>\n\n\n\n<h3 class=\"wp-block-heading\"><a href=\"https:\/\/www.kipmi.com\/index.php\/produits\/solutions\/kipmi-application-identite-numerique\/\">Kipmi : wallet augment\u00e9<\/a><\/h3>\n\n\n\n<div style=\"height:32px\" aria-hidden=\"true\" class=\"wp-block-spacer\"><\/div>\n\n\n\n<figure class=\"wp-block-image size-full\"><a href=\"https:\/\/www.kipmi.com\/index.php\/produits\/solutions\/verification-identite-kyc\/\"><img decoding=\"async\" src=\"https:\/\/www.kipmi.com\/wp-content\/uploads\/2025\/07\/kyc-kipmi-1-1.webp\" alt=\"Solutions identit\u00e9 num\u00e9rique - confiance num\u00e9rique - KYC\" class=\"wp-image-3290\"\/><\/a><\/figure>\n\n\n\n<h3 class=\"wp-block-heading\"><a href=\"https:\/\/www.kipmi.com\/index.php\/produits\/solutions\/verification-identite-kyc\/\">KnowMi : KYC<\/a><\/h3>\n<\/div>\n<\/div>\n\n\n\n<div class=\"wp-block-column is-layout-flow wp-block-column-is-layout-flow\">\n<div class=\"wp-block-group has-global-padding is-layout-constrained wp-block-group-is-layout-constrained\">\n<figure class=\"wp-block-image size-full\"><a href=\"https:\/\/www.kipmi.com\/index.php\/solutions-identite-numerique-produits\/confiance-numerique-solutions\/signature-electronique\/\"><img decoding=\"async\" src=\"https:\/\/www.kipmi.com\/wp-content\/uploads\/2025\/07\/signature-electronique-kipmi-3.png\" alt=\"Solutions identit\u00e9 num\u00e9rique - confiance num\u00e9rique - signature electronique\" class=\"wp-image-3289\"\/><\/a><\/figure>\n\n\n\n<h3 class=\"wp-block-heading\"><a href=\"https:\/\/www.kipmi.com\/index.php\/produits\/solutions\/signature-electronique\/\">SignMi : signature \u00e9lectronique<\/a><\/h3>\n\n\n\n<div style=\"height:32px\" aria-hidden=\"true\" class=\"wp-block-spacer\"><\/div>\n\n\n\n<figure class=\"wp-block-image size-large\"><a href=\"https:\/\/www.kipmi.com\/index.php\/solutions-identite-numerique-produits\/confiance-numerique-solutions\/archives-electroniques-archivage\/\"><img decoding=\"async\" src=\"https:\/\/www.kipmi.com\/wp-content\/uploads\/2025\/07\/Archivage-kipmi-1.png\" alt=\"Solutions identit\u00e9 num\u00e9rique - confiance num\u00e9rique - archives \u00e9lectroniques\"\/><\/a><\/figure>\n\n\n\n<h3 class=\"wp-block-heading\"><a href=\"https:\/\/www.kipmi.com\/index.php\/solutions-identite-numerique-produits\/confiance-numerique-solutions\/archives-electroniques-archivage\/\">Archivage<\/a><\/h3>\n<\/div>\n<\/div>\n\n\n\n<div class=\"wp-block-column is-layout-flow wp-block-column-is-layout-flow\">\n<div class=\"wp-block-group has-global-padding is-layout-constrained wp-block-group-is-layout-constrained\">\n<figure class=\"wp-block-image size-large\"><a href=\"https:\/\/www.kipmi.com\/index.php\/produits\/solutions\/lettre-recommandee-electronique\/\"><img decoding=\"async\" src=\"https:\/\/www.kipmi.com\/wp-content\/uploads\/2025\/07\/lre-kipmi.png\" alt=\"Solutions identit\u00e9 num\u00e9rique - confiance num\u00e9rique - lettre recommand\u00e9e \u00e9lectronique\"\/><\/a><\/figure>\n\n\n\n<h3 class=\"wp-block-heading\"><a href=\"https:\/\/www.kipmi.com\/index.php\/produits\/solutions\/lettre-recommandee-electronique\/\">PostMi : LRE, ERE, avis \u00e9lectronique<\/a><\/h3>\n<\/div>\n<\/div>\n<\/div>\n<\/div>\n","protected":false},"excerpt":{"rendered":"<p>Nos Solutions D\u00e9couvrez KIPMI Platform, la plateforme r\u00e9volutionnaire qui r\u00e9invente la gestion de la confiance num\u00e9rique pour garantir la s\u00e9curit\u00e9 totale de votre parcours client. Avec KIPMI, la puissance et la flexibilit\u00e9 sont \u00e0 port\u00e9e de main, vous permettant d\u2019impl\u00e9menter des solutions intelligentes partout dans le monde, quel que soit votre secteur d\u2019activit\u00e9. Nos solutions [&hellip;]<\/p>\n","protected":false},"author":2,"featured_media":4041,"parent":2255,"menu_order":0,"comment_status":"closed","ping_status":"closed","template":"fullscreen","meta":{"footnotes":""},"class_list":["post-2284","page","type-page","status-publish","has-post-thumbnail","hentry"],"yoast_head":"<!-- This site is optimized with the Yoast SEO plugin v25.5 - https:\/\/yoast.com\/wordpress\/plugins\/seo\/ -->\n<title>Confiance num\u00e9rique - Nos solutions - Kipmi<\/title>\n<meta name=\"description\" content=\"D\u00e9couvrez KIPMI, la plateforme qui r\u00e9invente la gestion de la confiance num\u00e9rique pour garantir la s\u00e9curit\u00e9 de vos parcours client.\" \/>\n<meta name=\"robots\" content=\"index, follow, max-snippet:-1, max-image-preview:large, max-video-preview:-1\" \/>\n<link rel=\"canonical\" href=\"https:\/\/www.kipmi.com\/index.php\/produits\/confiance-numerique-solutions\/\" \/>\n<meta property=\"og:locale\" content=\"fr_FR\" \/>\n<meta property=\"og:type\" content=\"article\" \/>\n<meta property=\"og:title\" content=\"Confiance num\u00e9rique - Nos solutions - Kipmi\" \/>\n<meta property=\"og:description\" content=\"D\u00e9couvrez KIPMI, la plateforme qui r\u00e9invente la gestion de la confiance num\u00e9rique pour garantir la s\u00e9curit\u00e9 de vos parcours client.\" \/>\n<meta property=\"og:url\" content=\"https:\/\/www.kipmi.com\/index.php\/produits\/confiance-numerique-solutions\/\" \/>\n<meta property=\"og:site_name\" content=\"Kipmi\" \/>\n<meta property=\"article:modified_time\" content=\"2026-03-02T13:10:04+00:00\" \/>\n<meta property=\"og:image\" content=\"https:\/\/www.kipmi.com\/wp-content\/uploads\/2025\/07\/solutions-kipmi.png\" \/>\n\t<meta property=\"og:image:width\" content=\"752\" \/>\n\t<meta property=\"og:image:height\" content=\"424\" \/>\n\t<meta property=\"og:image:type\" content=\"image\/png\" \/>\n<meta name=\"twitter:card\" content=\"summary_large_image\" \/>\n<meta name=\"twitter:label1\" content=\"Dur\u00e9e de lecture estim\u00e9e\" \/>\n\t<meta name=\"twitter:data1\" content=\"1 minute\" \/>\n<script type=\"application\/ld+json\" class=\"yoast-schema-graph\">{\"@context\":\"https:\/\/schema.org\",\"@graph\":[{\"@type\":\"WebPage\",\"@id\":\"https:\/\/www.kipmi.com\/index.php\/produits\/confiance-numerique-solutions\/\",\"url\":\"https:\/\/www.kipmi.com\/index.php\/produits\/confiance-numerique-solutions\/\",\"name\":\"Confiance num\u00e9rique - Nos solutions - Kipmi\",\"isPartOf\":{\"@id\":\"https:\/\/www.kipmi.com\/#website\"},\"primaryImageOfPage\":{\"@id\":\"https:\/\/www.kipmi.com\/index.php\/produits\/confiance-numerique-solutions\/#primaryimage\"},\"image\":{\"@id\":\"https:\/\/www.kipmi.com\/index.php\/produits\/confiance-numerique-solutions\/#primaryimage\"},\"thumbnailUrl\":\"https:\/\/www.kipmi.com\/wp-content\/uploads\/2025\/07\/solutions-kipmi.png\",\"datePublished\":\"2025-04-25T09:12:45+00:00\",\"dateModified\":\"2026-03-02T13:10:04+00:00\",\"description\":\"D\u00e9couvrez KIPMI, la plateforme qui r\u00e9invente la gestion de la confiance num\u00e9rique pour garantir la s\u00e9curit\u00e9 de vos parcours client.\",\"breadcrumb\":{\"@id\":\"https:\/\/www.kipmi.com\/index.php\/produits\/confiance-numerique-solutions\/#breadcrumb\"},\"inLanguage\":\"fr-FR\",\"potentialAction\":[{\"@type\":\"ReadAction\",\"target\":[\"https:\/\/www.kipmi.com\/index.php\/produits\/confiance-numerique-solutions\/\"]}]},{\"@type\":\"ImageObject\",\"inLanguage\":\"fr-FR\",\"@id\":\"https:\/\/www.kipmi.com\/index.php\/produits\/confiance-numerique-solutions\/#primaryimage\",\"url\":\"https:\/\/www.kipmi.com\/wp-content\/uploads\/2025\/07\/solutions-kipmi.png\",\"contentUrl\":\"https:\/\/www.kipmi.com\/wp-content\/uploads\/2025\/07\/solutions-kipmi.png\",\"width\":752,\"height\":424},{\"@type\":\"BreadcrumbList\",\"@id\":\"https:\/\/www.kipmi.com\/index.php\/produits\/confiance-numerique-solutions\/#breadcrumb\",\"itemListElement\":[{\"@type\":\"ListItem\",\"position\":1,\"name\":\"Home\",\"item\":\"https:\/\/www.kipmi.com\/\"},{\"@type\":\"ListItem\",\"position\":2,\"name\":\"Offres\",\"item\":\"https:\/\/www.kipmi.com\/index.php\/produits\/\"},{\"@type\":\"ListItem\",\"position\":3,\"name\":\"Nos solutions\"}]},{\"@type\":\"WebSite\",\"@id\":\"https:\/\/www.kipmi.com\/#website\",\"url\":\"https:\/\/www.kipmi.com\/\",\"name\":\"Kipmi\",\"description\":\"Digital Trust Continuity\",\"publisher\":{\"@id\":\"https:\/\/www.kipmi.com\/#organization\"},\"potentialAction\":[{\"@type\":\"SearchAction\",\"target\":{\"@type\":\"EntryPoint\",\"urlTemplate\":\"https:\/\/www.kipmi.com\/?s={search_term_string}\"},\"query-input\":{\"@type\":\"PropertyValueSpecification\",\"valueRequired\":true,\"valueName\":\"search_term_string\"}}],\"inLanguage\":\"fr-FR\"},{\"@type\":\"Organization\",\"@id\":\"https:\/\/www.kipmi.com\/#organization\",\"name\":\"Kipmi\",\"url\":\"https:\/\/www.kipmi.com\/\",\"logo\":{\"@type\":\"ImageObject\",\"inLanguage\":\"fr-FR\",\"@id\":\"https:\/\/www.kipmi.com\/#\/schema\/logo\/image\/\",\"url\":\"https:\/\/www.kipmi.com\/wp-content\/uploads\/2025\/07\/logo-kipmi.svg\",\"contentUrl\":\"https:\/\/www.kipmi.com\/wp-content\/uploads\/2025\/07\/logo-kipmi.svg\",\"width\":636,\"height\":135,\"caption\":\"Kipmi\"},\"image\":{\"@id\":\"https:\/\/www.kipmi.com\/#\/schema\/logo\/image\/\"}}]}<\/script>\n<!-- \/ Yoast SEO plugin. -->","yoast_head_json":{"title":"Confiance num\u00e9rique - Nos solutions - Kipmi","description":"D\u00e9couvrez KIPMI, la plateforme qui r\u00e9invente la gestion de la confiance num\u00e9rique pour garantir la s\u00e9curit\u00e9 de vos parcours client.","robots":{"index":"index","follow":"follow","max-snippet":"max-snippet:-1","max-image-preview":"max-image-preview:large","max-video-preview":"max-video-preview:-1"},"canonical":"https:\/\/www.kipmi.com\/index.php\/produits\/confiance-numerique-solutions\/","og_locale":"fr_FR","og_type":"article","og_title":"Confiance num\u00e9rique - Nos solutions - Kipmi","og_description":"D\u00e9couvrez KIPMI, la plateforme qui r\u00e9invente la gestion de la confiance num\u00e9rique pour garantir la s\u00e9curit\u00e9 de vos parcours client.","og_url":"https:\/\/www.kipmi.com\/index.php\/produits\/confiance-numerique-solutions\/","og_site_name":"Kipmi","article_modified_time":"2026-03-02T13:10:04+00:00","og_image":[{"width":752,"height":424,"url":"https:\/\/www.kipmi.com\/wp-content\/uploads\/2025\/07\/solutions-kipmi.png","type":"image\/png"}],"twitter_card":"summary_large_image","twitter_misc":{"Dur\u00e9e de lecture estim\u00e9e":"1 minute"},"schema":{"@context":"https:\/\/schema.org","@graph":[{"@type":"WebPage","@id":"https:\/\/www.kipmi.com\/index.php\/produits\/confiance-numerique-solutions\/","url":"https:\/\/www.kipmi.com\/index.php\/produits\/confiance-numerique-solutions\/","name":"Confiance num\u00e9rique - Nos solutions - Kipmi","isPartOf":{"@id":"https:\/\/www.kipmi.com\/#website"},"primaryImageOfPage":{"@id":"https:\/\/www.kipmi.com\/index.php\/produits\/confiance-numerique-solutions\/#primaryimage"},"image":{"@id":"https:\/\/www.kipmi.com\/index.php\/produits\/confiance-numerique-solutions\/#primaryimage"},"thumbnailUrl":"https:\/\/www.kipmi.com\/wp-content\/uploads\/2025\/07\/solutions-kipmi.png","datePublished":"2025-04-25T09:12:45+00:00","dateModified":"2026-03-02T13:10:04+00:00","description":"D\u00e9couvrez KIPMI, la plateforme qui r\u00e9invente la gestion de la confiance num\u00e9rique pour garantir la s\u00e9curit\u00e9 de vos parcours client.","breadcrumb":{"@id":"https:\/\/www.kipmi.com\/index.php\/produits\/confiance-numerique-solutions\/#breadcrumb"},"inLanguage":"fr-FR","potentialAction":[{"@type":"ReadAction","target":["https:\/\/www.kipmi.com\/index.php\/produits\/confiance-numerique-solutions\/"]}]},{"@type":"ImageObject","inLanguage":"fr-FR","@id":"https:\/\/www.kipmi.com\/index.php\/produits\/confiance-numerique-solutions\/#primaryimage","url":"https:\/\/www.kipmi.com\/wp-content\/uploads\/2025\/07\/solutions-kipmi.png","contentUrl":"https:\/\/www.kipmi.com\/wp-content\/uploads\/2025\/07\/solutions-kipmi.png","width":752,"height":424},{"@type":"BreadcrumbList","@id":"https:\/\/www.kipmi.com\/index.php\/produits\/confiance-numerique-solutions\/#breadcrumb","itemListElement":[{"@type":"ListItem","position":1,"name":"Home","item":"https:\/\/www.kipmi.com\/"},{"@type":"ListItem","position":2,"name":"Offres","item":"https:\/\/www.kipmi.com\/index.php\/produits\/"},{"@type":"ListItem","position":3,"name":"Nos solutions"}]},{"@type":"WebSite","@id":"https:\/\/www.kipmi.com\/#website","url":"https:\/\/www.kipmi.com\/","name":"Kipmi","description":"Digital Trust Continuity","publisher":{"@id":"https:\/\/www.kipmi.com\/#organization"},"potentialAction":[{"@type":"SearchAction","target":{"@type":"EntryPoint","urlTemplate":"https:\/\/www.kipmi.com\/?s={search_term_string}"},"query-input":{"@type":"PropertyValueSpecification","valueRequired":true,"valueName":"search_term_string"}}],"inLanguage":"fr-FR"},{"@type":"Organization","@id":"https:\/\/www.kipmi.com\/#organization","name":"Kipmi","url":"https:\/\/www.kipmi.com\/","logo":{"@type":"ImageObject","inLanguage":"fr-FR","@id":"https:\/\/www.kipmi.com\/#\/schema\/logo\/image\/","url":"https:\/\/www.kipmi.com\/wp-content\/uploads\/2025\/07\/logo-kipmi.svg","contentUrl":"https:\/\/www.kipmi.com\/wp-content\/uploads\/2025\/07\/logo-kipmi.svg","width":636,"height":135,"caption":"Kipmi"},"image":{"@id":"https:\/\/www.kipmi.com\/#\/schema\/logo\/image\/"}}]}},"_links":{"self":[{"href":"https:\/\/www.kipmi.com\/index.php\/wp-json\/wp\/v2\/pages\/2284","targetHints":{"allow":["GET"]}}],"collection":[{"href":"https:\/\/www.kipmi.com\/index.php\/wp-json\/wp\/v2\/pages"}],"about":[{"href":"https:\/\/www.kipmi.com\/index.php\/wp-json\/wp\/v2\/types\/page"}],"author":[{"embeddable":true,"href":"https:\/\/www.kipmi.com\/index.php\/wp-json\/wp\/v2\/users\/2"}],"replies":[{"embeddable":true,"href":"https:\/\/www.kipmi.com\/index.php\/wp-json\/wp\/v2\/comments?post=2284"}],"version-history":[{"count":3,"href":"https:\/\/www.kipmi.com\/index.php\/wp-json\/wp\/v2\/pages\/2284\/revisions"}],"predecessor-version":[{"id":4913,"href":"https:\/\/www.kipmi.com\/index.php\/wp-json\/wp\/v2\/pages\/2284\/revisions\/4913"}],"up":[{"embeddable":true,"href":"https:\/\/www.kipmi.com\/index.php\/wp-json\/wp\/v2\/pages\/2255"}],"wp:featuredmedia":[{"embeddable":true,"href":"https:\/\/www.kipmi.com\/index.php\/wp-json\/wp\/v2\/media\/4041"}],"wp:attachment":[{"href":"https:\/\/www.kipmi.com\/index.php\/wp-json\/wp\/v2\/media?parent=2284"}],"curies":[{"name":"wp","href":"https:\/\/api.w.org\/{rel}","templated":true}]}}