{"id":2249,"date":"2025-04-25T10:26:41","date_gmt":"2025-04-25T08:26:41","guid":{"rendered":"http:\/\/localhost:8888\/MAMP\/kipmi\/?page_id=2249"},"modified":"2025-07-16T18:41:45","modified_gmt":"2025-07-16T16:41:45","slug":"ressources","status":"publish","type":"page","link":"https:\/\/www.kipmi.com\/index.php\/ressources\/","title":{"rendered":"Ressources"},"content":{"rendered":"\n<div class=\"wp-block-group has-global-padding is-layout-constrained wp-container-core-group-is-layout-71b76342 wp-block-group-is-layout-constrained has-background\" style=\"padding-top:var(--wp--preset--spacing--50);padding-right:var(--wp--preset--spacing--30);padding-bottom:var(--wp--preset--spacing--30);padding-left:var(--wp--preset--spacing--30);background-image:url(&apos;https:\/\/www.kipmi.com\/wp-content\/uploads\/2025\/07\/header-bg-3-scaled-1.png&apos;);background-size:cover;\"><div style=\"--bb--crumb-gap:.4em; padding-top:var(--wp--preset--spacing--30);padding-bottom:var(--wp--preset--spacing--30);\" class=\"wp-block-boldblocks-breadcrumb-block\"><nav role=\"navigation\" aria-label=\"Breadcrumbs\" class=\"breadcrumb\"><ol class=\"breadcrumb-items\"><li class=\"breadcrumb-item breadcrumb-item--current breadcrumb-item--home\"><span class=\"breadcrumb-item-name\">Accueil<\/span><\/li><\/ol><\/nav><\/div>\n\n\n<div class=\"wp-block-columns is-layout-flex wp-container-core-columns-is-layout-28f84493 wp-block-columns-is-layout-flex\">\n<div class=\"wp-block-column is-layout-flow wp-block-column-is-layout-flow\" style=\"flex-basis:60%\">\n<h1 class=\"wp-block-heading\">Explorez notre <br><strong>centre de connaissances<\/strong><\/h1>\n\n\n\n<p>D\u00e9couvrez notre centre de connaissances, une ressource essentielle pour tout savoir sur l\u2019identit\u00e9 num\u00e9rique et les r\u00e9glementations eIDAS. Acc\u00e9dez \u00e0 une collection d\u2019e-books informatifs et explorez notre blog, qui propose des articles approfondis sur des sujets cl\u00e9s tels que la valeur juridique de la signature \u00e9lectronique, les avantages de l\u2019envoi de lettres recommand\u00e9es en ligne et les enjeux du KYC en Europe. Restez inform\u00e9 sur les derni\u00e8res tendances et r\u00e9glementations pour optimiser votre gestion des identit\u00e9s num\u00e9riques et s\u00e9curiser vos transactions en ligne.<\/p>\n<\/div>\n\n\n\n<div class=\"wp-block-column is-layout-flow wp-block-column-is-layout-flow\" style=\"flex-basis:5%\"><\/div>\n\n\n\n<div class=\"wp-block-column is-layout-flow wp-block-column-is-layout-flow\" style=\"flex-basis:35%\"><figure class=\"wp-block-post-featured-image\"><img loading=\"lazy\" decoding=\"async\" width=\"752\" height=\"424\" src=\"https:\/\/www.kipmi.com\/wp-content\/uploads\/2025\/07\/UseCases_IndustriesAndOccupation_GlobalImage.png\" class=\"attachment-post-thumbnail size-post-thumbnail wp-post-image\" alt=\"\" style=\"object-fit:cover;\" srcset=\"https:\/\/www.kipmi.com\/wp-content\/uploads\/2025\/07\/UseCases_IndustriesAndOccupation_GlobalImage.png 752w, https:\/\/www.kipmi.com\/wp-content\/uploads\/2025\/07\/UseCases_IndustriesAndOccupation_GlobalImage-300x169.png 300w\" sizes=\"auto, (max-width: 752px) 100vw, 752px\" \/><\/figure><\/div>\n<\/div>\n<\/div>\n\n\n\n<div class=\"wp-block-group has-global-padding is-layout-constrained wp-container-core-group-is-layout-7a94f013 wp-block-group-is-layout-constrained\" style=\"padding-top:var(--wp--preset--spacing--30);padding-right:var(--wp--preset--spacing--30);padding-bottom:var(--wp--preset--spacing--30);padding-left:var(--wp--preset--spacing--30)\">\n<p class=\"has-text-align-center desc\">Ebooks<\/p>\n\n\n\n<h2 class=\"wp-block-heading has-text-align-center\">Obtenez des <br><strong>informations pr\u00e9cieuses<\/strong><\/h2>\n\n\n\n<div class=\"wp-block-columns is-layout-flex wp-container-core-columns-is-layout-28f84493 wp-block-columns-is-layout-flex\">\n<div class=\"wp-block-column is-layout-flow wp-block-column-is-layout-flow\">\n<div class=\"wp-block-group has-global-padding is-layout-constrained wp-block-group-is-layout-constrained\" style=\"margin-top:0;margin-bottom:var(--wp--preset--spacing--30);padding-bottom:0\">\n<figure class=\"wp-block-image size-full has-custom-border\"><a href=\"https:\/\/www.kipmi.com\/index.php\/ressources\/centre-de-connaissance\/wallet-confiance-numerique\/\"><img decoding=\"async\" src=\"https:\/\/www.kipmi.com\/wp-content\/uploads\/2025\/07\/Wallet-et-Confiance-numerique.png\" alt=\"\" class=\"wp-image-3333\" style=\"border-radius:1rem\"\/><\/a><\/figure>\n\n\n\n<h3 class=\"wp-block-heading\"><a href=\"https:\/\/www.kipmi.com\/index.php\/ressources\/centre-de-connaissance\/wallet-confiance-numerique\/\">Wallet &amp; Confiance num\u00e9rique<\/a><\/h3>\n<\/div>\n<\/div>\n\n\n\n<div class=\"wp-block-column is-layout-flow wp-block-column-is-layout-flow\">\n<div class=\"wp-block-group has-global-padding is-layout-constrained wp-block-group-is-layout-constrained\">\n<figure class=\"wp-block-image size-full has-custom-border\"><a href=\"https:\/\/www.kipmi.com\/index.php\/ressources\/ebooks-centre-de-connaissance\/comprendre-la-reglementation-eidas\/\"><img decoding=\"async\" src=\"https:\/\/www.kipmi.com\/wp-content\/uploads\/2025\/07\/eBook-kipmi-reglementation-eidas.png\" alt=\"\" class=\"wp-image-3334\" style=\"border-radius:1rem\"\/><\/a><\/figure>\n\n\n\n<h3 class=\"wp-block-heading\"><a href=\"https:\/\/www.kipmi.com\/index.php\/ressources\/centre-de-connaissance\/comprendre-la-reglementation-eidas\/\">Comprendre la r\u00e9glementation eIDAS<\/a><\/h3>\n<\/div>\n<\/div>\n\n\n\n<div class=\"wp-block-column is-layout-flow wp-block-column-is-layout-flow\">\n<div class=\"wp-block-group has-global-padding is-layout-constrained wp-block-group-is-layout-constrained\">\n<figure class=\"wp-block-image size-full has-custom-border\"><a href=\"https:\/\/www.kipmi.com\/index.php\/ressources\/ebooks-centre-de-connaissance\/know-your-customer-kyc\/\"><img decoding=\"async\" src=\"https:\/\/www.kipmi.com\/wp-content\/uploads\/2025\/07\/KYC-business.png\" alt=\"\" class=\"wp-image-3337\" style=\"border-radius:1rem\"\/><\/a><\/figure>\n\n\n\n<h3 class=\"wp-block-heading\"><a href=\"https:\/\/www.kipmi.com\/index.php\/ressources\/centre-de-connaissance\/know-your-customer-kyc\/\">KYC : Comment faire d\u2019une obligation une opportunit\u00e9 business ?<\/a><\/h3>\n<\/div>\n<\/div>\n<\/div>\n\n\n\n<div class=\"wp-block-columns is-layout-flex wp-container-core-columns-is-layout-28f84493 wp-block-columns-is-layout-flex\">\n<div class=\"wp-block-column is-layout-flow wp-block-column-is-layout-flow\">\n<div class=\"wp-block-group has-global-padding is-layout-constrained wp-block-group-is-layout-constrained\">\n<figure class=\"wp-block-image size-full has-custom-border\"><a href=\"https:\/\/www.kipmi.com\/index.php\/ressources\/centre-de-connaissance\/comprendre-la-reglementation-eidas-les-services-de-confiance\/\"><img decoding=\"async\" src=\"https:\/\/www.kipmi.com\/wp-content\/uploads\/2025\/07\/comprendre-la-reglementation-eidas-ebook-gratuit.png\" alt=\"\" class=\"wp-image-3336\" style=\"border-radius:1rem\"\/><\/a><\/figure>\n\n\n\n<h3 class=\"wp-block-heading\"><a href=\"https:\/\/www.kipmi.com\/index.php\/ressources\/centre-de-connaissance\/comprendre-la-reglementation-eidas-les-services-de-confiance\/\">Comprendre la r\u00e9gl\u00e9mentation eIDAS \u2013 Les services de confiance<\/a><\/h3>\n<\/div>\n<\/div>\n\n\n\n<div class=\"wp-block-column is-layout-flow wp-block-column-is-layout-flow\"><\/div>\n\n\n\n<div class=\"wp-block-column is-layout-flow wp-block-column-is-layout-flow\"><\/div>\n<\/div>\n<\/div>\n","protected":false},"excerpt":{"rendered":"<p>Explorez notre centre de connaissances D\u00e9couvrez notre centre de connaissances, une ressource essentielle pour tout savoir sur l\u2019identit\u00e9 num\u00e9rique et les r\u00e9glementations eIDAS. Acc\u00e9dez \u00e0 une collection d\u2019e-books informatifs et explorez notre blog, qui propose des articles approfondis sur des sujets cl\u00e9s tels que la valeur juridique de la signature \u00e9lectronique, les avantages de l\u2019envoi [&hellip;]<\/p>\n","protected":false},"author":2,"featured_media":4056,"parent":0,"menu_order":4,"comment_status":"closed","ping_status":"closed","template":"fullscreen","meta":{"footnotes":""},"class_list":["post-2249","page","type-page","status-publish","has-post-thumbnail","hentry"],"yoast_head":"<!-- This site is optimized with the Yoast SEO plugin v25.5 - https:\/\/yoast.com\/wordpress\/plugins\/seo\/ -->\n<title>Ressources - Kipmi<\/title>\n<meta name=\"robots\" content=\"index, follow, max-snippet:-1, max-image-preview:large, max-video-preview:-1\" \/>\n<link rel=\"canonical\" href=\"https:\/\/www.kipmi.com\/index.php\/ressources\/\" \/>\n<meta property=\"og:locale\" content=\"fr_FR\" \/>\n<meta property=\"og:type\" content=\"article\" \/>\n<meta property=\"og:title\" content=\"Ressources - Kipmi\" \/>\n<meta property=\"og:description\" content=\"Explorez notre centre de connaissances D\u00e9couvrez notre centre de connaissances, une ressource essentielle pour tout savoir sur l\u2019identit\u00e9 num\u00e9rique et les r\u00e9glementations eIDAS. Acc\u00e9dez \u00e0 une collection d\u2019e-books informatifs et explorez notre blog, qui propose des articles approfondis sur des sujets cl\u00e9s tels que la valeur juridique de la signature \u00e9lectronique, les avantages de l\u2019envoi [&hellip;]\" \/>\n<meta property=\"og:url\" content=\"https:\/\/www.kipmi.com\/index.php\/ressources\/\" \/>\n<meta property=\"og:site_name\" content=\"Kipmi\" \/>\n<meta property=\"article:modified_time\" content=\"2025-07-16T16:41:45+00:00\" \/>\n<meta property=\"og:image\" content=\"https:\/\/www.kipmi.com\/wp-content\/uploads\/2025\/07\/UseCases_IndustriesAndOccupation_GlobalImage.png\" \/>\n\t<meta property=\"og:image:width\" content=\"752\" \/>\n\t<meta property=\"og:image:height\" content=\"424\" \/>\n\t<meta property=\"og:image:type\" content=\"image\/png\" \/>\n<meta name=\"twitter:card\" content=\"summary_large_image\" \/>\n<meta name=\"twitter:label1\" content=\"Dur\u00e9e de lecture estim\u00e9e\" \/>\n\t<meta name=\"twitter:data1\" content=\"2 minutes\" \/>\n<script type=\"application\/ld+json\" class=\"yoast-schema-graph\">{\"@context\":\"https:\/\/schema.org\",\"@graph\":[{\"@type\":\"WebPage\",\"@id\":\"https:\/\/www.kipmi.com\/index.php\/ressources\/\",\"url\":\"https:\/\/www.kipmi.com\/index.php\/ressources\/\",\"name\":\"Ressources - Kipmi\",\"isPartOf\":{\"@id\":\"https:\/\/www.kipmi.com\/#website\"},\"primaryImageOfPage\":{\"@id\":\"https:\/\/www.kipmi.com\/index.php\/ressources\/#primaryimage\"},\"image\":{\"@id\":\"https:\/\/www.kipmi.com\/index.php\/ressources\/#primaryimage\"},\"thumbnailUrl\":\"https:\/\/www.kipmi.com\/wp-content\/uploads\/2025\/07\/UseCases_IndustriesAndOccupation_GlobalImage.png\",\"datePublished\":\"2025-04-25T08:26:41+00:00\",\"dateModified\":\"2025-07-16T16:41:45+00:00\",\"breadcrumb\":{\"@id\":\"https:\/\/www.kipmi.com\/index.php\/ressources\/#breadcrumb\"},\"inLanguage\":\"fr-FR\",\"potentialAction\":[{\"@type\":\"ReadAction\",\"target\":[\"https:\/\/www.kipmi.com\/index.php\/ressources\/\"]}]},{\"@type\":\"ImageObject\",\"inLanguage\":\"fr-FR\",\"@id\":\"https:\/\/www.kipmi.com\/index.php\/ressources\/#primaryimage\",\"url\":\"https:\/\/www.kipmi.com\/wp-content\/uploads\/2025\/07\/UseCases_IndustriesAndOccupation_GlobalImage.png\",\"contentUrl\":\"https:\/\/www.kipmi.com\/wp-content\/uploads\/2025\/07\/UseCases_IndustriesAndOccupation_GlobalImage.png\",\"width\":752,\"height\":424},{\"@type\":\"BreadcrumbList\",\"@id\":\"https:\/\/www.kipmi.com\/index.php\/ressources\/#breadcrumb\",\"itemListElement\":[{\"@type\":\"ListItem\",\"position\":1,\"name\":\"Home\",\"item\":\"https:\/\/www.kipmi.com\/\"},{\"@type\":\"ListItem\",\"position\":2,\"name\":\"Ressources\"}]},{\"@type\":\"WebSite\",\"@id\":\"https:\/\/www.kipmi.com\/#website\",\"url\":\"https:\/\/www.kipmi.com\/\",\"name\":\"Kipmi\",\"description\":\"Digital Trust Continuity\",\"publisher\":{\"@id\":\"https:\/\/www.kipmi.com\/#organization\"},\"potentialAction\":[{\"@type\":\"SearchAction\",\"target\":{\"@type\":\"EntryPoint\",\"urlTemplate\":\"https:\/\/www.kipmi.com\/?s={search_term_string}\"},\"query-input\":{\"@type\":\"PropertyValueSpecification\",\"valueRequired\":true,\"valueName\":\"search_term_string\"}}],\"inLanguage\":\"fr-FR\"},{\"@type\":\"Organization\",\"@id\":\"https:\/\/www.kipmi.com\/#organization\",\"name\":\"Kipmi\",\"url\":\"https:\/\/www.kipmi.com\/\",\"logo\":{\"@type\":\"ImageObject\",\"inLanguage\":\"fr-FR\",\"@id\":\"https:\/\/www.kipmi.com\/#\/schema\/logo\/image\/\",\"url\":\"https:\/\/www.kipmi.com\/wp-content\/uploads\/2025\/07\/logo-kipmi.svg\",\"contentUrl\":\"https:\/\/www.kipmi.com\/wp-content\/uploads\/2025\/07\/logo-kipmi.svg\",\"width\":636,\"height\":135,\"caption\":\"Kipmi\"},\"image\":{\"@id\":\"https:\/\/www.kipmi.com\/#\/schema\/logo\/image\/\"}}]}<\/script>\n<!-- \/ Yoast SEO plugin. -->","yoast_head_json":{"title":"Ressources - Kipmi","robots":{"index":"index","follow":"follow","max-snippet":"max-snippet:-1","max-image-preview":"max-image-preview:large","max-video-preview":"max-video-preview:-1"},"canonical":"https:\/\/www.kipmi.com\/index.php\/ressources\/","og_locale":"fr_FR","og_type":"article","og_title":"Ressources - Kipmi","og_description":"Explorez notre centre de connaissances D\u00e9couvrez notre centre de connaissances, une ressource essentielle pour tout savoir sur l\u2019identit\u00e9 num\u00e9rique et les r\u00e9glementations eIDAS. Acc\u00e9dez \u00e0 une collection d\u2019e-books informatifs et explorez notre blog, qui propose des articles approfondis sur des sujets cl\u00e9s tels que la valeur juridique de la signature \u00e9lectronique, les avantages de l\u2019envoi [&hellip;]","og_url":"https:\/\/www.kipmi.com\/index.php\/ressources\/","og_site_name":"Kipmi","article_modified_time":"2025-07-16T16:41:45+00:00","og_image":[{"width":752,"height":424,"url":"https:\/\/www.kipmi.com\/wp-content\/uploads\/2025\/07\/UseCases_IndustriesAndOccupation_GlobalImage.png","type":"image\/png"}],"twitter_card":"summary_large_image","twitter_misc":{"Dur\u00e9e de lecture estim\u00e9e":"2 minutes"},"schema":{"@context":"https:\/\/schema.org","@graph":[{"@type":"WebPage","@id":"https:\/\/www.kipmi.com\/index.php\/ressources\/","url":"https:\/\/www.kipmi.com\/index.php\/ressources\/","name":"Ressources - Kipmi","isPartOf":{"@id":"https:\/\/www.kipmi.com\/#website"},"primaryImageOfPage":{"@id":"https:\/\/www.kipmi.com\/index.php\/ressources\/#primaryimage"},"image":{"@id":"https:\/\/www.kipmi.com\/index.php\/ressources\/#primaryimage"},"thumbnailUrl":"https:\/\/www.kipmi.com\/wp-content\/uploads\/2025\/07\/UseCases_IndustriesAndOccupation_GlobalImage.png","datePublished":"2025-04-25T08:26:41+00:00","dateModified":"2025-07-16T16:41:45+00:00","breadcrumb":{"@id":"https:\/\/www.kipmi.com\/index.php\/ressources\/#breadcrumb"},"inLanguage":"fr-FR","potentialAction":[{"@type":"ReadAction","target":["https:\/\/www.kipmi.com\/index.php\/ressources\/"]}]},{"@type":"ImageObject","inLanguage":"fr-FR","@id":"https:\/\/www.kipmi.com\/index.php\/ressources\/#primaryimage","url":"https:\/\/www.kipmi.com\/wp-content\/uploads\/2025\/07\/UseCases_IndustriesAndOccupation_GlobalImage.png","contentUrl":"https:\/\/www.kipmi.com\/wp-content\/uploads\/2025\/07\/UseCases_IndustriesAndOccupation_GlobalImage.png","width":752,"height":424},{"@type":"BreadcrumbList","@id":"https:\/\/www.kipmi.com\/index.php\/ressources\/#breadcrumb","itemListElement":[{"@type":"ListItem","position":1,"name":"Home","item":"https:\/\/www.kipmi.com\/"},{"@type":"ListItem","position":2,"name":"Ressources"}]},{"@type":"WebSite","@id":"https:\/\/www.kipmi.com\/#website","url":"https:\/\/www.kipmi.com\/","name":"Kipmi","description":"Digital Trust Continuity","publisher":{"@id":"https:\/\/www.kipmi.com\/#organization"},"potentialAction":[{"@type":"SearchAction","target":{"@type":"EntryPoint","urlTemplate":"https:\/\/www.kipmi.com\/?s={search_term_string}"},"query-input":{"@type":"PropertyValueSpecification","valueRequired":true,"valueName":"search_term_string"}}],"inLanguage":"fr-FR"},{"@type":"Organization","@id":"https:\/\/www.kipmi.com\/#organization","name":"Kipmi","url":"https:\/\/www.kipmi.com\/","logo":{"@type":"ImageObject","inLanguage":"fr-FR","@id":"https:\/\/www.kipmi.com\/#\/schema\/logo\/image\/","url":"https:\/\/www.kipmi.com\/wp-content\/uploads\/2025\/07\/logo-kipmi.svg","contentUrl":"https:\/\/www.kipmi.com\/wp-content\/uploads\/2025\/07\/logo-kipmi.svg","width":636,"height":135,"caption":"Kipmi"},"image":{"@id":"https:\/\/www.kipmi.com\/#\/schema\/logo\/image\/"}}]}},"_links":{"self":[{"href":"https:\/\/www.kipmi.com\/index.php\/wp-json\/wp\/v2\/pages\/2249","targetHints":{"allow":["GET"]}}],"collection":[{"href":"https:\/\/www.kipmi.com\/index.php\/wp-json\/wp\/v2\/pages"}],"about":[{"href":"https:\/\/www.kipmi.com\/index.php\/wp-json\/wp\/v2\/types\/page"}],"author":[{"embeddable":true,"href":"https:\/\/www.kipmi.com\/index.php\/wp-json\/wp\/v2\/users\/2"}],"replies":[{"embeddable":true,"href":"https:\/\/www.kipmi.com\/index.php\/wp-json\/wp\/v2\/comments?post=2249"}],"version-history":[{"count":2,"href":"https:\/\/www.kipmi.com\/index.php\/wp-json\/wp\/v2\/pages\/2249\/revisions"}],"predecessor-version":[{"id":4417,"href":"https:\/\/www.kipmi.com\/index.php\/wp-json\/wp\/v2\/pages\/2249\/revisions\/4417"}],"wp:featuredmedia":[{"embeddable":true,"href":"https:\/\/www.kipmi.com\/index.php\/wp-json\/wp\/v2\/media\/4056"}],"wp:attachment":[{"href":"https:\/\/www.kipmi.com\/index.php\/wp-json\/wp\/v2\/media?parent=2249"}],"curies":[{"name":"wp","href":"https:\/\/api.w.org\/{rel}","templated":true}]}}