{"id":17,"date":"2024-10-30T06:32:02","date_gmt":"2024-10-30T06:32:02","guid":{"rendered":"http:\/\/localhost\/beys-web\/?page_id=3"},"modified":"2025-09-29T11:45:08","modified_gmt":"2025-09-29T09:45:08","slug":"politique-de-confidentialite-2","status":"publish","type":"page","link":"https:\/\/www.kipmi.com\/index.php\/politique-de-confidentialite-2\/","title":{"rendered":"Politique de confidentialit\u00e9"},"content":{"rendered":"\n<h3 class=\"wp-block-heading\" id=\"h-nos-engagements\">1. Nos engagements<\/h3>\n\n\n\n<p>Les&nbsp;<strong>Entit\u00e9s<\/strong>&nbsp;du&nbsp;<strong>Groupe (<\/strong>d\u00e9signe ci-apr\u00e8s dans leur ensemble les entreprises ou \u00e9tablissements de&nbsp;<strong>la soci\u00e9t\u00e9 BE INVEST International S.A.<\/strong>&nbsp;et ses filiales,&nbsp;dans le cadre de leurs activit\u00e9s, s\u2019engagent&nbsp;<strong>au respect de la r\u00e9glementation en vigueur sur la protection des donn\u00e9es \u00e0 caract\u00e8re personnel, \u00e0&nbsp;&nbsp;savoir&nbsp;<\/strong>:&nbsp;<\/p>\n\n\n\n<ul class=\"wp-block-list\">\n<li>Le r\u00e8glement (UE) 2016\/679 du Parlement europ\u00e9en et du Conseil du 27 avril 2016 applicable depuis le 25 mai 2018 (ci-apr\u00e8s, \u00ab le r\u00e8glement europ\u00e9en sur la protection des donn\u00e9es \u00bb ou \u00ab RGPD \u00bb).\u00a0<\/li>\n\n\n\n<li>La Loi Informatique et Libert\u00e9s n\u00b078-17 du 6 janvier 1978 modifi\u00e9e.\u00a0<\/li>\n\n\n\n<li>Les avis et recommandations des autorit\u00e9s de Contr\u00f4le, du Groupe de protection des personnes \u00e0 l\u2019\u00e9gard du Traitement des donn\u00e9es \u00e0 caract\u00e8re personnel (\u00ab Groupe G29 \u00bb) ou du Comit\u00e9 europ\u00e9en de la protection des donn\u00e9es (CEPD).<\/li>\n<\/ul>\n\n\n\n<p>Elles garantissent ainsi la conformit\u00e9 de l\u2019utilisation de ces donn\u00e9es aux exigences l\u00e9gales, r\u00e9glementaires, ainsi que dans le respect du droit des personnes concern\u00e9es.<\/p>\n\n\n\n<p><strong>LE D\u00c9L\u00c9GU\u00c9 \u00c0 LA PROTECTION DES DONN\u00c9ES<\/strong><\/p>\n\n\n\n<p>Les&nbsp;<strong>Entit\u00e9s<\/strong>&nbsp;du Groupe d\u00e9signent un D\u00e9l\u00e9gu\u00e9 \u00e0 la Protection des Donn\u00e9es (DPO)afin de veiller au respect des exigences et coordonner les actions des diff\u00e9rentes entit\u00e9s en mati\u00e8re de protection des donn\u00e9es.<\/p>\n\n\n\n<p><strong>Form\u00e9 et certifi\u00e9 sp\u00e9cifiquement \u00e0 la protection des donn\u00e9es et \u00e0 l\u2019application du R\u00e8glement G\u00e9n\u00e9ral sur la Protection des Donn\u00e9es<\/strong>&nbsp;(UE) 2016\/679, \u00bb, le D\u00e9l\u00e9gu\u00e9 \u00e0 la Protection des Donn\u00e9es est d\u00e9clar\u00e9 aupr\u00e8s des autorit\u00e9s de contr\u00f4le europ\u00e9ennes dont il est le principal interlocuteur.<\/p>\n\n\n\n<p><strong>PRINCIPES RELATIFS \u00c0 LA COLLECTE ET AU TRAITEMENT DES DONN\u00c9ES PERSONNELLES&nbsp;&nbsp;&nbsp;<\/strong><\/p>\n\n\n\n<p>Toutes les&nbsp;<strong>Entit\u00e9s<\/strong>&nbsp;du&nbsp;<strong>Groupe<\/strong>, quels que soient leurs r\u00f4les et responsabilit\u00e9s dans le traitement (Responsable de traitement ou Sous-traitant), s\u2019engagent \u00e0 collecter (directement ou indirectement) et traiter les donn\u00e9es \u00e0 caract\u00e8re personnel de fa\u00e7on licite, sur la base des fondements juridiques pr\u00e9vus par la r\u00e9glementation :<\/p>\n\n\n\n<ul class=\"wp-block-list\">\n<li>Pour des objectifs pr\u00e9cis finalit\u00e9s explicites, l\u00e9gitimes et d\u00e9termin\u00e9es, port\u00e9s \u00e0 la connaissance des personnes concern\u00e9es\u00a0;<\/li>\n\n\n\n<li>De fa\u00e7on loyale et transparente ; aucune donn\u00e9e n\u2019est collect\u00e9e \u00e0 l\u2019insu des personnes\u00a0;<\/li>\n\n\n\n<li>Dans la stricte limitation de ce qui est n\u00e9cessaire \u00e0 l\u2019objectif poursuivi par la collecte (minimisation)\u00a0;<\/li>\n<\/ul>\n\n\n\n<p>En respectant l\u2019exactitude des donn\u00e9es et, si n\u00e9cessaire, tenues \u00e0 jour. Toutes les mesures raisonnables doivent \u00eatre prises pour que les donn\u00e9es \u00e0 caract\u00e8re personnel qui sont\u00a0inexactes, eu \u00e9gard aux finalit\u00e9s pour lesquelles elles sont trait\u00e9es, soient effac\u00e9es ou rectifi\u00e9es ;\u00a0\u00a0<\/p>\n\n\n\n<p>En mettant en \u0153uvre des moyens techniques et physiques pour garantir la confidentialit\u00e9 et la s\u00e9curit\u00e9 des donn\u00e9es,<\/p>\n\n\n\n<p>En ne conservant aussi longtemps qu\u2019elles seront n\u00e9cessaires \u00e0 la r\u00e9alisation des finalit\u00e9s pour lesquelles elles ont \u00e9t\u00e9 collect\u00e9es et trait\u00e9es. Cependant, ces dur\u00e9es peuvent \u00eatre \u00e9tendues afin de se conformer aux obligations l\u00e9gales et aux d\u00e9lais de prescriptions applicables selon les traitements.<\/p>\n\n\n\n<p>Le traitement n&rsquo;est licite que si, et dans la mesure o\u00f9, au moins une des conditions suivantes est remplie :&nbsp;<\/p>\n\n\n\n<ul class=\"wp-block-list\">\n<li>La personne concern\u00e9e a consenti au traitement de ses donn\u00e9es \u00e0 caract\u00e8re personnel pour une ou plusieurs finalit\u00e9s sp\u00e9cifiques ;<\/li>\n\n\n\n<li>Le traitement est n\u00e9cessaire \u00e0 l&rsquo;ex\u00e9cution d&rsquo;un contrat auquel la personne concern\u00e9e est partie ou \u00e0 l&rsquo;ex\u00e9cution de mesures pr\u00e9contractuelles prises \u00e0 la demande de celle-ci ;\u00a0<\/li>\n\n\n\n<li>Le traitement est n\u00e9cessaire au respect d&rsquo;une obligation l\u00e9gale \u00e0 laquelle le responsable du traitement est soumis ;\u00a0<\/li>\n\n\n\n<li>Le traitement est n\u00e9cessaire \u00e0 la sauvegarde des int\u00e9r\u00eats vitaux de la personne concern\u00e9e ou d&rsquo;une autre personne physique ;\u00a0<\/li>\n\n\n\n<li>Le traitement est n\u00e9cessaire \u00e0 l&rsquo;ex\u00e9cution d&rsquo;une mission d&rsquo;int\u00e9r\u00eat public ou relevant de l&rsquo;exercice de l&rsquo;autorit\u00e9 publique dont est investi le responsable du traitement ;\u00a0<\/li>\n\n\n\n<li>Le traitement est n\u00e9cessaire aux fins des int\u00e9r\u00eats l\u00e9gitimes poursuivis par le responsable du traitement ou par un tiers, \u00e0 moins que ne pr\u00e9valent les int\u00e9r\u00eats ou les libert\u00e9s et droits fondamentaux de la personne concern\u00e9e qui exigent une protection des donn\u00e9es \u00e0 caract\u00e8re personnel, notamment lorsque la personne concern\u00e9e est un enfant.\u00a0<\/li>\n<\/ul>\n\n\n\n<p>Les&nbsp;<strong>Entit\u00e9s<\/strong>&nbsp;du&nbsp;<strong>Groupe<\/strong>&nbsp;s\u2019assurent que les donn\u00e9es sont trait\u00e9es en toute s\u00e9curit\u00e9 et confidentialit\u00e9.<\/p>\n\n\n\n<p>Elles mettent ainsi en \u0153uvre, d\u00e8s la conception des traitements, l\u2019ensemble des ressources humaines, mat\u00e9rielles, logiques et physiques pour assurer un haut niveau de s\u00e9curit\u00e9. Ces mesures sont adapt\u00e9es selon le niveau de sensibilit\u00e9 des donn\u00e9es trait\u00e9es et selon le niveau de risque que pr\u00e9sente le traitement ou sa mise en \u0153uvre.<\/p>\n\n\n\n<p><strong>Les Entit\u00e9s du Groupe s\u2019engagent \u00e0 ne jamais commercialiser les donn\u00e9es \u00e0 caract\u00e8re personnel trait\u00e9es, quels que soient les contextes et les finalit\u00e9s des traitements.<\/strong><\/p>\n\n\n\n<h3 class=\"wp-block-heading\" id=\"h-un-controle-des-transferts-de-donnees\">2. L&rsquo;utilisation des donn\u00e9es \u00e0 caract\u00e8re personnel<\/h3>\n\n\n\n<p>Cette Politique s\u2019applique \u00e0 toutes les Donn\u00e9es Personnelles trait\u00e9es dans le cadre de la fourniture des services et produits des Entit\u00e9s du Groupe.<\/p>\n\n\n\n<p>D\u2019une mani\u00e8re g\u00e9n\u00e9rale, les finalit\u00e9s, les donn\u00e9es trait\u00e9es, la dur\u00e9e de conservation et la base l\u00e9gale diff\u00e8rent selon les services et produits concern\u00e9s.<\/p>\n\n\n\n<p>Cette Politique sera compl\u00e9t\u00e9e par une Politique d\u00e9di\u00e9e \u00e0 chaque service et produit et qui sera accessible d\u00e8s que n\u00e9cessaire.\u00a0<\/p>\n\n\n\n<h3 class=\"wp-block-heading\">3. Un contr\u00f4le des transferts des donn\u00e9es <\/h3>\n\n\n\n<p>Les&nbsp;<strong>Entit\u00e9s&nbsp;<\/strong>du&nbsp;<strong>Groupe<\/strong>&nbsp;ne communiquent les donn\u00e9es \u00e0 caract\u00e8re personnel qu\u2019\u00e0 des destinataires d\u00fbment habilit\u00e9s et conform\u00e9ment aux r\u00e8glementations en vigueur. Elles exigent&nbsp;<strong>contractuellement<\/strong>&nbsp;que chaque sous-traitant pr\u00e9sente le m\u00eame niveau de s\u00e9curit\u00e9 et de respect de la r\u00e8glementation.<\/p>\n\n\n\n<p>Si un transfert de donn\u00e9es \u00e0 caract\u00e8re personnel est op\u00e9r\u00e9 en dehors de l\u2019Union Europ\u00e9enne, les&nbsp;<strong>Entit\u00e9s<\/strong>&nbsp;du&nbsp;<strong>Groupe<\/strong>s\u2019engagent \u00e0 le r\u00e9aliser conform\u00e9ment \u00e0 la R\u00e8glementation en vigueur et&nbsp;<strong>en l\u2019encadrant des clauses contractuelles types approuv\u00e9es par la Commission Europ\u00e9enne pour garantir la protection des donn\u00e9es<\/strong><strong>&nbsp;et \u00e9ventuellement de la r\u00e9alisation d\u2019une Analyse d\u2019Impact des Transferts de Donn\u00e9es (AITD)<\/strong>.<\/p>\n\n\n\n<h3 class=\"wp-block-heading\">4. Droits des personnes <\/h3>\n\n\n\n<p>Conform\u00e9ment \u00e0 la loi n\u00b078-17 du 6 janvier 1978 modifi\u00e9e relative \u00e0 l\u2019informatique, aux fichiers et aux libert\u00e9s, modifi\u00e9e, et au R\u00e8glement G\u00e9n\u00e9ral pour la Protection des Donn\u00e9es (UE) 2016\/679, du 27\/04\/2016, le \u00ab&nbsp;<strong>RGPD<\/strong>&nbsp;\u00bb,&nbsp;<strong>les personnes concern\u00e9es par les traitements de donn\u00e9es \u00e0 caract\u00e8re personnel peuvent exercer leurs droits&nbsp;<\/strong>(droit d\u2019information, droit d\u2019acc\u00e8s, de rectification, de limitation, de suppression ou de portabilit\u00e9 des donn\u00e9es \u00e0 caract\u00e8re personnel&nbsp;ou de ne pas faire l\u2019objet d\u2019une d\u00e9cision individuelle automatis\u00e9e, y compris le profilage) \u00e0 tout moment, en justifiant de leur identit\u00e9. Elles peuvent \u00e9galement, pour ces motifs l\u00e9gitimes, s\u2019opposer totalement ou partiellement \u00e0 tout traitement de leurs donn\u00e9es, ou retirer un consentement pr\u00e9alablement donn\u00e9.<\/p>\n\n\n\n<p>Ces demandes d\u2019exercice de droit sont \u00e0 formuler aupr\u00e8s de notre D\u00e9l\u00e9gu\u00e9 \u00e0 la Protection des Donn\u00e9es en lui adressant un courriel \u00e0 l\u2019adresse&nbsp;:&nbsp;<a href=\"mailto:dpo@be-ys.com\">dpo@be-ys.com<\/a>&nbsp;ou dpo@almerys.com.<\/p>\n\n\n\n<p>Ces demandes sont r\u00e9ceptionn\u00e9es par le D\u00e9l\u00e9gu\u00e9 \u00e0 la Protection des Donn\u00e9es lui-m\u00eame afin de garantir la confidentialit\u00e9 des \u00e9changes. Les processus de traitement sont d\u00e8s lors enclench\u00e9s et pilot\u00e9s par le D\u00e9l\u00e9gu\u00e9 \u00e0 la Protection des Donn\u00e9es afin de respecter les d\u00e9lais l\u00e9gaux de r\u00e9ponse aux demandes d\u2019exercice de droit.<\/p>\n\n\n\n<p>Si les \u00e9changes n\u2019ont pas \u00e9t\u00e9 satisfait avec les\u00a0<strong>Entit\u00e9s<\/strong>\u00a0du\u00a0<strong>Groupe<\/strong>, la personne concern\u00e9e a la possibilit\u00e9 d\u2019introduire une r\u00e9clamation aupr\u00e8s de la Commission Nationale de l\u2019Informatique et des Libert\u00e9s (CNIL), autorit\u00e9 de contr\u00f4le en charge du respect des obligations en mati\u00e8re de donn\u00e9es \u00e0 caract\u00e8re personnel en France, ou aupr\u00e8s de toute autre autorit\u00e9 de contr\u00f4le d\u2019un autre pays membre de l\u2019UE (Commission Nationale pour la Protection des Donn\u00e9es, CNPD au Luxembourg).<\/p>\n\n\n\n<h3 class=\"wp-block-heading\">5. Conditions de modification de la politique de protection des donn\u00e9es<\/h3>\n\n\n\n<p>La pr\u00e9sente politique de protection des donn\u00e9es personnelles peut \u00eatre modifi\u00e9e et actualis\u00e9e \u00e0 tout moment.<\/p>\n","protected":false},"excerpt":{"rendered":"<p>Les Entit\u00e9s du Groupe, dans le cadre de leurs activit\u00e9s, s\u2019engagent au respect de la r\u00e9glementation en vigueur sur la protection des donn\u00e9es \u00e0 caract\u00e8re personnel.<\/p>\n","protected":false},"author":2,"featured_media":0,"parent":0,"menu_order":99,"comment_status":"closed","ping_status":"closed","template":"","meta":{"footnotes":""},"class_list":["post-17","page","type-page","status-publish","hentry"],"yoast_head":"<!-- This site is optimized with the Yoast SEO plugin v25.5 - https:\/\/yoast.com\/wordpress\/plugins\/seo\/ -->\n<title>Politique de confidentialit\u00e9 - Kipmi<\/title>\n<meta name=\"robots\" content=\"index, follow, max-snippet:-1, max-image-preview:large, max-video-preview:-1\" \/>\n<link rel=\"canonical\" href=\"https:\/\/www.kipmi.com\/index.php\/politique-de-confidentialite-2\/\" \/>\n<meta property=\"og:locale\" content=\"fr_FR\" \/>\n<meta property=\"og:type\" content=\"article\" \/>\n<meta property=\"og:title\" content=\"Politique de confidentialit\u00e9 - Kipmi\" \/>\n<meta property=\"og:description\" content=\"Les Entit\u00e9s du Groupe, dans le cadre de leurs activit\u00e9s, s\u2019engagent au respect de la r\u00e9glementation en vigueur sur la protection des donn\u00e9es \u00e0 caract\u00e8re personnel.\" \/>\n<meta property=\"og:url\" content=\"https:\/\/www.kipmi.com\/index.php\/politique-de-confidentialite-2\/\" \/>\n<meta property=\"og:site_name\" content=\"Kipmi\" \/>\n<meta property=\"article:modified_time\" content=\"2025-09-29T09:45:08+00:00\" \/>\n<meta name=\"twitter:card\" content=\"summary_large_image\" \/>\n<meta name=\"twitter:label1\" content=\"Dur\u00e9e de lecture estim\u00e9e\" \/>\n\t<meta name=\"twitter:data1\" content=\"7 minutes\" \/>\n<script type=\"application\/ld+json\" class=\"yoast-schema-graph\">{\"@context\":\"https:\/\/schema.org\",\"@graph\":[{\"@type\":\"WebPage\",\"@id\":\"https:\/\/www.kipmi.com\/index.php\/politique-de-confidentialite-2\/\",\"url\":\"https:\/\/www.kipmi.com\/index.php\/politique-de-confidentialite-2\/\",\"name\":\"Politique de confidentialit\u00e9 - Kipmi\",\"isPartOf\":{\"@id\":\"https:\/\/www.kipmi.com\/#website\"},\"datePublished\":\"2024-10-30T06:32:02+00:00\",\"dateModified\":\"2025-09-29T09:45:08+00:00\",\"breadcrumb\":{\"@id\":\"https:\/\/www.kipmi.com\/index.php\/politique-de-confidentialite-2\/#breadcrumb\"},\"inLanguage\":\"fr-FR\",\"potentialAction\":[{\"@type\":\"ReadAction\",\"target\":[\"https:\/\/www.kipmi.com\/index.php\/politique-de-confidentialite-2\/\"]}]},{\"@type\":\"BreadcrumbList\",\"@id\":\"https:\/\/www.kipmi.com\/index.php\/politique-de-confidentialite-2\/#breadcrumb\",\"itemListElement\":[{\"@type\":\"ListItem\",\"position\":1,\"name\":\"Home\",\"item\":\"https:\/\/www.kipmi.com\/\"},{\"@type\":\"ListItem\",\"position\":2,\"name\":\"Politique de confidentialit\u00e9\"}]},{\"@type\":\"WebSite\",\"@id\":\"https:\/\/www.kipmi.com\/#website\",\"url\":\"https:\/\/www.kipmi.com\/\",\"name\":\"Kipmi\",\"description\":\"Digital Trust Continuity\",\"publisher\":{\"@id\":\"https:\/\/www.kipmi.com\/#organization\"},\"potentialAction\":[{\"@type\":\"SearchAction\",\"target\":{\"@type\":\"EntryPoint\",\"urlTemplate\":\"https:\/\/www.kipmi.com\/?s={search_term_string}\"},\"query-input\":{\"@type\":\"PropertyValueSpecification\",\"valueRequired\":true,\"valueName\":\"search_term_string\"}}],\"inLanguage\":\"fr-FR\"},{\"@type\":\"Organization\",\"@id\":\"https:\/\/www.kipmi.com\/#organization\",\"name\":\"Kipmi\",\"url\":\"https:\/\/www.kipmi.com\/\",\"logo\":{\"@type\":\"ImageObject\",\"inLanguage\":\"fr-FR\",\"@id\":\"https:\/\/www.kipmi.com\/#\/schema\/logo\/image\/\",\"url\":\"https:\/\/www.kipmi.com\/wp-content\/uploads\/2025\/07\/logo-kipmi.svg\",\"contentUrl\":\"https:\/\/www.kipmi.com\/wp-content\/uploads\/2025\/07\/logo-kipmi.svg\",\"width\":636,\"height\":135,\"caption\":\"Kipmi\"},\"image\":{\"@id\":\"https:\/\/www.kipmi.com\/#\/schema\/logo\/image\/\"}}]}<\/script>\n<!-- \/ Yoast SEO plugin. -->","yoast_head_json":{"title":"Politique de confidentialit\u00e9 - Kipmi","robots":{"index":"index","follow":"follow","max-snippet":"max-snippet:-1","max-image-preview":"max-image-preview:large","max-video-preview":"max-video-preview:-1"},"canonical":"https:\/\/www.kipmi.com\/index.php\/politique-de-confidentialite-2\/","og_locale":"fr_FR","og_type":"article","og_title":"Politique de confidentialit\u00e9 - Kipmi","og_description":"Les Entit\u00e9s du Groupe, dans le cadre de leurs activit\u00e9s, s\u2019engagent au respect de la r\u00e9glementation en vigueur sur la protection des donn\u00e9es \u00e0 caract\u00e8re personnel.","og_url":"https:\/\/www.kipmi.com\/index.php\/politique-de-confidentialite-2\/","og_site_name":"Kipmi","article_modified_time":"2025-09-29T09:45:08+00:00","twitter_card":"summary_large_image","twitter_misc":{"Dur\u00e9e de lecture estim\u00e9e":"7 minutes"},"schema":{"@context":"https:\/\/schema.org","@graph":[{"@type":"WebPage","@id":"https:\/\/www.kipmi.com\/index.php\/politique-de-confidentialite-2\/","url":"https:\/\/www.kipmi.com\/index.php\/politique-de-confidentialite-2\/","name":"Politique de confidentialit\u00e9 - Kipmi","isPartOf":{"@id":"https:\/\/www.kipmi.com\/#website"},"datePublished":"2024-10-30T06:32:02+00:00","dateModified":"2025-09-29T09:45:08+00:00","breadcrumb":{"@id":"https:\/\/www.kipmi.com\/index.php\/politique-de-confidentialite-2\/#breadcrumb"},"inLanguage":"fr-FR","potentialAction":[{"@type":"ReadAction","target":["https:\/\/www.kipmi.com\/index.php\/politique-de-confidentialite-2\/"]}]},{"@type":"BreadcrumbList","@id":"https:\/\/www.kipmi.com\/index.php\/politique-de-confidentialite-2\/#breadcrumb","itemListElement":[{"@type":"ListItem","position":1,"name":"Home","item":"https:\/\/www.kipmi.com\/"},{"@type":"ListItem","position":2,"name":"Politique de confidentialit\u00e9"}]},{"@type":"WebSite","@id":"https:\/\/www.kipmi.com\/#website","url":"https:\/\/www.kipmi.com\/","name":"Kipmi","description":"Digital Trust Continuity","publisher":{"@id":"https:\/\/www.kipmi.com\/#organization"},"potentialAction":[{"@type":"SearchAction","target":{"@type":"EntryPoint","urlTemplate":"https:\/\/www.kipmi.com\/?s={search_term_string}"},"query-input":{"@type":"PropertyValueSpecification","valueRequired":true,"valueName":"search_term_string"}}],"inLanguage":"fr-FR"},{"@type":"Organization","@id":"https:\/\/www.kipmi.com\/#organization","name":"Kipmi","url":"https:\/\/www.kipmi.com\/","logo":{"@type":"ImageObject","inLanguage":"fr-FR","@id":"https:\/\/www.kipmi.com\/#\/schema\/logo\/image\/","url":"https:\/\/www.kipmi.com\/wp-content\/uploads\/2025\/07\/logo-kipmi.svg","contentUrl":"https:\/\/www.kipmi.com\/wp-content\/uploads\/2025\/07\/logo-kipmi.svg","width":636,"height":135,"caption":"Kipmi"},"image":{"@id":"https:\/\/www.kipmi.com\/#\/schema\/logo\/image\/"}}]}},"_links":{"self":[{"href":"https:\/\/www.kipmi.com\/index.php\/wp-json\/wp\/v2\/pages\/17","targetHints":{"allow":["GET"]}}],"collection":[{"href":"https:\/\/www.kipmi.com\/index.php\/wp-json\/wp\/v2\/pages"}],"about":[{"href":"https:\/\/www.kipmi.com\/index.php\/wp-json\/wp\/v2\/types\/page"}],"author":[{"embeddable":true,"href":"https:\/\/www.kipmi.com\/index.php\/wp-json\/wp\/v2\/users\/2"}],"replies":[{"embeddable":true,"href":"https:\/\/www.kipmi.com\/index.php\/wp-json\/wp\/v2\/comments?post=17"}],"version-history":[{"count":1,"href":"https:\/\/www.kipmi.com\/index.php\/wp-json\/wp\/v2\/pages\/17\/revisions"}],"predecessor-version":[{"id":4559,"href":"https:\/\/www.kipmi.com\/index.php\/wp-json\/wp\/v2\/pages\/17\/revisions\/4559"}],"wp:attachment":[{"href":"https:\/\/www.kipmi.com\/index.php\/wp-json\/wp\/v2\/media?parent=17"}],"curies":[{"name":"wp","href":"https:\/\/api.w.org\/{rel}","templated":true}]}}