{"id":1619,"date":"2025-02-14T14:03:25","date_gmt":"2025-02-14T14:03:25","guid":{"rendered":"https:\/\/kipmi.com\/?page_id=1619"},"modified":"2025-09-26T17:41:45","modified_gmt":"2025-09-26T15:41:45","slug":"politique-de-cookies","status":"publish","type":"page","link":"https:\/\/www.kipmi.com\/index.php\/politique-de-cookies\/","title":{"rendered":"Politique de cookies"},"content":{"rendered":"\n<p><\/p>\n\n\n\n<p>Un cookie est une information conserv\u00e9e par votre navigateur lors de la visite d&rsquo;un site. Il permet de conserver une vari\u00e9t\u00e9 de donn\u00e9es permettant, par exemple, de conserver vos pr\u00e9f\u00e9rences de langue et de navigation sur le site.&nbsp;<\/p>\n\n\n\n<p>Certains de ces cookies n\u00e9cessitent votre accord ; vous avez le choix de les laisser activ\u00e9s ou de les d\u00e9sactiver.&nbsp;<\/p>\n\n\n\n<p>Un cookie ne nous permet pas de vous identifier mais il enregistre des informations relatives \u00e0 la navigation de votre ordinateur sur notre site.&nbsp;&nbsp;&nbsp;<br>Les cookies sur notre site ne servent qu&rsquo;au bon fonctionnement du site ainsi que pour effectuer des statistiques de visite.<\/p>\n\n\n\n<p>Vous pouvez refuser l\u2019utilisation des cookies en configurant les param\u00e8tres de votre navigateur internet. Toutefois nous vous informons que le fait de refuser les cookies peut rendre indisponibles toutes ou certaines parties du site.<\/p>\n\n\n\n<p>Tout param\u00e9trage que vous entreprenez sera susceptible de modifier votre navigation sur Internet et vos conditions d\u2019acc\u00e8s \u00e0 certains services n\u00e9cessitant l\u2019utilisation de Cookies.&nbsp;&nbsp;<br>Vous pouvez faire le choix \u00e0 tout moment de modifier vos souhaits en mati\u00e8re de cookies.<\/p>\n\n\n\n<h2 class=\"wp-block-heading\"><strong>Param\u00e9trage de votre navigateur<\/strong><\/h2>\n\n\n\n<p>Vous pouvez configurer votre logiciel de navigation&nbsp;de mani\u00e8re \u00e0 ce&nbsp;que des cookies soient enregistr\u00e9s dans votre terminal ou au contraire qu\u2019ils soient rejet\u00e9s soit syst\u00e9matiquement, soit selon leur \u00e9metteur. Vous pouvez \u00e9galement configurer votre logiciel de navigation&nbsp;de mani\u00e8re \u00e0 ce&nbsp;que l\u2019acceptation ou le refus des cookies vous soient propos\u00e9s ponctuellement, avant qu\u2019un cookie soit susceptible d\u2019\u00eatre enregistr\u00e9 dans votre terminal.<\/p>\n\n\n\n<p>La configuration de chaque navigateur est diff\u00e9rente. Elle est d\u00e9crite dans le menu d\u2019aide de votre navigateur.<\/p>\n\n\n\n<p>Pour Chrome \u2122<br>Pour Firefox \u2122<br>Pour Edge \u2122<br>Pour Safari \u2122<\/p>\n\n\n\n<p>Pour plus d\u2019information sur les cookies, vous pouvez consulter le site de la Commission Nationale pour la Protection des Donn\u00e9es : https:\/\/cnpd.public.lu\/fr\/dossiers-thematiques\/cookies0.html<br><\/p>\n","protected":false},"excerpt":{"rendered":"<p>Les cookies sont des petits fichiers implant\u00e9s sur le disque dur d\u2019un internaute par le serveur du site qu\u2019il visite.<\/p>\n","protected":false},"author":2,"featured_media":0,"parent":0,"menu_order":99,"comment_status":"closed","ping_status":"closed","template":"","meta":{"footnotes":""},"class_list":["post-1619","page","type-page","status-publish","hentry"],"yoast_head":"<!-- This site is optimized with the Yoast SEO plugin v25.5 - https:\/\/yoast.com\/wordpress\/plugins\/seo\/ -->\n<title>Politique de cookies - Kipmi<\/title>\n<meta name=\"robots\" content=\"index, follow, max-snippet:-1, max-image-preview:large, max-video-preview:-1\" \/>\n<link rel=\"canonical\" href=\"https:\/\/www.kipmi.com\/index.php\/politique-de-cookies\/\" \/>\n<meta property=\"og:locale\" content=\"fr_FR\" \/>\n<meta property=\"og:type\" content=\"article\" \/>\n<meta property=\"og:title\" content=\"Politique de cookies - Kipmi\" \/>\n<meta property=\"og:description\" content=\"Les cookies sont des petits fichiers implant\u00e9s sur le disque dur d\u2019un internaute par le serveur du site qu\u2019il visite.\" \/>\n<meta property=\"og:url\" content=\"https:\/\/www.kipmi.com\/index.php\/politique-de-cookies\/\" \/>\n<meta property=\"og:site_name\" content=\"Kipmi\" \/>\n<meta property=\"article:modified_time\" content=\"2025-09-26T15:41:45+00:00\" \/>\n<meta name=\"twitter:card\" content=\"summary_large_image\" \/>\n<meta name=\"twitter:label1\" content=\"Dur\u00e9e de lecture estim\u00e9e\" \/>\n\t<meta name=\"twitter:data1\" content=\"2 minutes\" \/>\n<script type=\"application\/ld+json\" class=\"yoast-schema-graph\">{\"@context\":\"https:\/\/schema.org\",\"@graph\":[{\"@type\":\"WebPage\",\"@id\":\"https:\/\/www.kipmi.com\/index.php\/politique-de-cookies\/\",\"url\":\"https:\/\/www.kipmi.com\/index.php\/politique-de-cookies\/\",\"name\":\"Politique de cookies - Kipmi\",\"isPartOf\":{\"@id\":\"https:\/\/www.kipmi.com\/#website\"},\"datePublished\":\"2025-02-14T14:03:25+00:00\",\"dateModified\":\"2025-09-26T15:41:45+00:00\",\"breadcrumb\":{\"@id\":\"https:\/\/www.kipmi.com\/index.php\/politique-de-cookies\/#breadcrumb\"},\"inLanguage\":\"fr-FR\",\"potentialAction\":[{\"@type\":\"ReadAction\",\"target\":[\"https:\/\/www.kipmi.com\/index.php\/politique-de-cookies\/\"]}]},{\"@type\":\"BreadcrumbList\",\"@id\":\"https:\/\/www.kipmi.com\/index.php\/politique-de-cookies\/#breadcrumb\",\"itemListElement\":[{\"@type\":\"ListItem\",\"position\":1,\"name\":\"Home\",\"item\":\"https:\/\/www.kipmi.com\/\"},{\"@type\":\"ListItem\",\"position\":2,\"name\":\"Politique de cookies\"}]},{\"@type\":\"WebSite\",\"@id\":\"https:\/\/www.kipmi.com\/#website\",\"url\":\"https:\/\/www.kipmi.com\/\",\"name\":\"Kipmi\",\"description\":\"Digital Trust Continuity\",\"publisher\":{\"@id\":\"https:\/\/www.kipmi.com\/#organization\"},\"potentialAction\":[{\"@type\":\"SearchAction\",\"target\":{\"@type\":\"EntryPoint\",\"urlTemplate\":\"https:\/\/www.kipmi.com\/?s={search_term_string}\"},\"query-input\":{\"@type\":\"PropertyValueSpecification\",\"valueRequired\":true,\"valueName\":\"search_term_string\"}}],\"inLanguage\":\"fr-FR\"},{\"@type\":\"Organization\",\"@id\":\"https:\/\/www.kipmi.com\/#organization\",\"name\":\"Kipmi\",\"url\":\"https:\/\/www.kipmi.com\/\",\"logo\":{\"@type\":\"ImageObject\",\"inLanguage\":\"fr-FR\",\"@id\":\"https:\/\/www.kipmi.com\/#\/schema\/logo\/image\/\",\"url\":\"https:\/\/www.kipmi.com\/wp-content\/uploads\/2025\/07\/logo-kipmi.svg\",\"contentUrl\":\"https:\/\/www.kipmi.com\/wp-content\/uploads\/2025\/07\/logo-kipmi.svg\",\"width\":636,\"height\":135,\"caption\":\"Kipmi\"},\"image\":{\"@id\":\"https:\/\/www.kipmi.com\/#\/schema\/logo\/image\/\"}}]}<\/script>\n<!-- \/ Yoast SEO plugin. -->","yoast_head_json":{"title":"Politique de cookies - Kipmi","robots":{"index":"index","follow":"follow","max-snippet":"max-snippet:-1","max-image-preview":"max-image-preview:large","max-video-preview":"max-video-preview:-1"},"canonical":"https:\/\/www.kipmi.com\/index.php\/politique-de-cookies\/","og_locale":"fr_FR","og_type":"article","og_title":"Politique de cookies - Kipmi","og_description":"Les cookies sont des petits fichiers implant\u00e9s sur le disque dur d\u2019un internaute par le serveur du site qu\u2019il visite.","og_url":"https:\/\/www.kipmi.com\/index.php\/politique-de-cookies\/","og_site_name":"Kipmi","article_modified_time":"2025-09-26T15:41:45+00:00","twitter_card":"summary_large_image","twitter_misc":{"Dur\u00e9e de lecture estim\u00e9e":"2 minutes"},"schema":{"@context":"https:\/\/schema.org","@graph":[{"@type":"WebPage","@id":"https:\/\/www.kipmi.com\/index.php\/politique-de-cookies\/","url":"https:\/\/www.kipmi.com\/index.php\/politique-de-cookies\/","name":"Politique de cookies - Kipmi","isPartOf":{"@id":"https:\/\/www.kipmi.com\/#website"},"datePublished":"2025-02-14T14:03:25+00:00","dateModified":"2025-09-26T15:41:45+00:00","breadcrumb":{"@id":"https:\/\/www.kipmi.com\/index.php\/politique-de-cookies\/#breadcrumb"},"inLanguage":"fr-FR","potentialAction":[{"@type":"ReadAction","target":["https:\/\/www.kipmi.com\/index.php\/politique-de-cookies\/"]}]},{"@type":"BreadcrumbList","@id":"https:\/\/www.kipmi.com\/index.php\/politique-de-cookies\/#breadcrumb","itemListElement":[{"@type":"ListItem","position":1,"name":"Home","item":"https:\/\/www.kipmi.com\/"},{"@type":"ListItem","position":2,"name":"Politique de cookies"}]},{"@type":"WebSite","@id":"https:\/\/www.kipmi.com\/#website","url":"https:\/\/www.kipmi.com\/","name":"Kipmi","description":"Digital Trust Continuity","publisher":{"@id":"https:\/\/www.kipmi.com\/#organization"},"potentialAction":[{"@type":"SearchAction","target":{"@type":"EntryPoint","urlTemplate":"https:\/\/www.kipmi.com\/?s={search_term_string}"},"query-input":{"@type":"PropertyValueSpecification","valueRequired":true,"valueName":"search_term_string"}}],"inLanguage":"fr-FR"},{"@type":"Organization","@id":"https:\/\/www.kipmi.com\/#organization","name":"Kipmi","url":"https:\/\/www.kipmi.com\/","logo":{"@type":"ImageObject","inLanguage":"fr-FR","@id":"https:\/\/www.kipmi.com\/#\/schema\/logo\/image\/","url":"https:\/\/www.kipmi.com\/wp-content\/uploads\/2025\/07\/logo-kipmi.svg","contentUrl":"https:\/\/www.kipmi.com\/wp-content\/uploads\/2025\/07\/logo-kipmi.svg","width":636,"height":135,"caption":"Kipmi"},"image":{"@id":"https:\/\/www.kipmi.com\/#\/schema\/logo\/image\/"}}]}},"_links":{"self":[{"href":"https:\/\/www.kipmi.com\/index.php\/wp-json\/wp\/v2\/pages\/1619","targetHints":{"allow":["GET"]}}],"collection":[{"href":"https:\/\/www.kipmi.com\/index.php\/wp-json\/wp\/v2\/pages"}],"about":[{"href":"https:\/\/www.kipmi.com\/index.php\/wp-json\/wp\/v2\/types\/page"}],"author":[{"embeddable":true,"href":"https:\/\/www.kipmi.com\/index.php\/wp-json\/wp\/v2\/users\/2"}],"replies":[{"embeddable":true,"href":"https:\/\/www.kipmi.com\/index.php\/wp-json\/wp\/v2\/comments?post=1619"}],"version-history":[{"count":1,"href":"https:\/\/www.kipmi.com\/index.php\/wp-json\/wp\/v2\/pages\/1619\/revisions"}],"predecessor-version":[{"id":4553,"href":"https:\/\/www.kipmi.com\/index.php\/wp-json\/wp\/v2\/pages\/1619\/revisions\/4553"}],"wp:attachment":[{"href":"https:\/\/www.kipmi.com\/index.php\/wp-json\/wp\/v2\/media?parent=1619"}],"curies":[{"name":"wp","href":"https:\/\/api.w.org\/{rel}","templated":true}]}}