{"id":1611,"date":"2025-02-14T13:55:01","date_gmt":"2025-02-14T13:55:01","guid":{"rendered":"https:\/\/kipmi.com\/?page_id=1611"},"modified":"2025-09-29T11:44:39","modified_gmt":"2025-09-29T09:44:39","slug":"conditions-generales","status":"publish","type":"page","link":"https:\/\/www.kipmi.com\/index.php\/conditions-generales\/","title":{"rendered":"Conditions g\u00e9n\u00e9rales\u00a0"},"content":{"rendered":"\n<p>Version en vigueur au 26 septembre 2025<\/p>\n\n\n\n<div class=\"wp-block-columns is-layout-flex wp-container-core-columns-is-layout-8d88fe0f wp-block-columns-is-layout-flex\" style=\"padding-top:var(--wp--preset--spacing--20);padding-bottom:var(--wp--preset--spacing--20)\">\n<div class=\"wp-block-column is-layout-flow wp-block-column-is-layout-flow\" style=\"padding-top:var(--wp--preset--spacing--20);padding-right:var(--wp--preset--spacing--20);padding-bottom:var(--wp--preset--spacing--20);padding-left:var(--wp--preset--spacing--20);flex-basis:66.66%\">\n<h3 class=\"wp-block-heading\"><strong>Loi applicable et juridiction comp\u00e9tente<\/strong><\/h3>\n\n\n\n<p>Le contenu du pr\u00e9sent site web ainsi que tous les litiges li\u00e9s \u00e0 son utilisation sont r\u00e9gis par la loi luxembourgeoise. Les juridictions de la ville de Luxembourg sont seules comp\u00e9tentes, ceci tant pour les r\u00e8gles de fond que pour les r\u00e8gles de forme. Les r\u00e8gles de conflits de loi sont exclues au profit de l\u2019application compl\u00e8te et sans r\u00e9serve de la loi luxembourgeoise.<\/p>\n\n\n\n<h3 class=\"wp-block-heading\" id=\"h-politique-de-protection-des-donnees\"><strong>Donn\u00e9es<\/strong> \u00e0 caract\u00e8re personnel<\/h3>\n\n\n\n<p>Le groupe&nbsp;BeYs, dont BE INVEST International S.A. est la holding, b\u00e9n\u00e9ficie d\u2019une&nbsp;Politique de protection des donn\u00e9es&nbsp;encadrant la gestion et l\u2019utilisation des donn\u00e9es \u00e0 caract\u00e8re personnel au sein de toutes ses filiales, consultable \u00e0 tout moment.<\/p>\n\n\n\n<p>Pour exercer vos droits ou pour toute question relative \u00e0 vos donn\u00e9es, vous pouvez adresser un mail \u00e0 : dpo@be-ys.com.<\/p>\n\n\n\n<h3 class=\"wp-block-heading\">Cookies<\/h3>\n\n\n\n<p>Un cookie est une information conserv\u00e9e par votre navigateur lors de la visite d&rsquo;un site. Il permet de conserver une vari\u00e9t\u00e9 de donn\u00e9es permettant, par exemple, de conserver vos pr\u00e9f\u00e9rences de langue et de navigation sur le site.&nbsp;<\/p>\n\n\n\n<p>Certains de ces cookies n\u00e9cessitent votre accord ; vous avez le choix de les laisser activ\u00e9s ou de les d\u00e9sactiver.&nbsp;<\/p>\n\n\n\n<p>Un cookie ne nous permet pas de vous identifier mais il enregistre des informations relatives \u00e0 la navigation de votre ordinateur sur notre site.&nbsp;&nbsp;&nbsp;<br>Les cookies sur notre site ne servent qu&rsquo;au bon fonctionnement du site ainsi que pour effectuer des statistiques de visite.<\/p>\n\n\n\n<p>Vous pouvez refuser l\u2019utilisation des cookies en configurant les param\u00e8tres de votre navigateur internet. Toutefois nous vous informons que le fait de refuser les cookies peut rendre indisponibles toutes ou certaines parties du site.<\/p>\n\n\n\n<p>Tout param\u00e9trage que vous entreprenez sera susceptible de modifier votre navigation sur Internet et vos conditions d\u2019acc\u00e8s \u00e0 certains services n\u00e9cessitant l\u2019utilisation de Cookies.&nbsp;&nbsp;<br>Vous pouvez faire le choix \u00e0 tout moment de modifier vos souhaits en mati\u00e8re de cookies.<\/p>\n\n\n\n<h3 class=\"wp-block-heading\">Param\u00e9trage de votre navigateur<\/h3>\n\n\n\n<p>Vous pouvez configurer votre logiciel de navigation&nbsp;de mani\u00e8re \u00e0 ce&nbsp;que des cookies soient enregistr\u00e9s dans votre terminal ou au contraire qu\u2019ils soient rejet\u00e9s soit syst\u00e9matiquement, soit selon leur \u00e9metteur. Vous pouvez \u00e9galement configurer votre logiciel de navigation&nbsp;de mani\u00e8re \u00e0 ce&nbsp;que l\u2019acceptation ou le refus des cookies vous soient propos\u00e9s ponctuellement, avant qu\u2019un cookie soit susceptible d\u2019\u00eatre enregistr\u00e9 dans votre terminal.<\/p>\n\n\n\n<p>La configuration de chaque navigateur est diff\u00e9rente. Elle est d\u00e9crite dans le menu d\u2019aide de votre navigateur.<\/p>\n\n\n\n<p>Pour Chrome \u2122<br>Pour Firefox \u2122<br>Pour Edge \u2122<br>Pour Safari \u2122<\/p>\n\n\n\n<p>Pour plus d\u2019information sur les cookies, vous pouvez consulter le site de la Commission Nationale pour la Protection des Donn\u00e9es : https:\/\/cnpd.public.lu\/fr\/dossiers-thematiques\/cookies0.html<\/p>\n\n\n\n<h3 class=\"wp-block-heading\" id=\"h-avertissement\"><strong>Propri\u00e9t\u00e9 intellectuelle<\/strong><\/h3>\n\n\n\n<p>Les textes, logos, pictogrammes, photographies, dessins, sch\u00e9mas, ainsi que toutes les \u0153uvres intellectuelles de ce site sont la propri\u00e9t\u00e9 de BE INVEST International S.A. ou de tiers, ayant autoris\u00e9 BE INVEST International S.A. \u00e0 les utiliser.<\/p>\n\n\n\n<p>Toute repr\u00e9sentation totale ou partielle de ce site par quel que proc\u00e9d\u00e9 que ce soit, sans l&rsquo;autorisation expresse de BE INVEST International S.A. est interdite et constituerait une contrefa\u00e7on sanctionn\u00e9e par les dispositions juridiques en vigueur en mati\u00e8re de propri\u00e9t\u00e9 intellectuelle au Grand-Duch\u00e9 de Luxembourg.<\/p>\n\n\n\n<p>Toute utilisation ou reproduction par tout moyen, et sur quelque support que ce soit, de tout ou partie du contenu du site qu\u2019il soit textuel, graphique ou sonore est interdite. Toute utilisation, reproduction, copie, diffusion \u00e0 des fins commerciales, sans accord pr\u00e9alable \u00e9crit de l\u2019Editeur est interdite.<\/p>\n\n\n\n<p>La consultation ou la r\u00e9ception de documents \u00e0 partir du site KIPMI.com n&rsquo;entra\u00eene aucun transfert de droit de propri\u00e9t\u00e9 intellectuelle en faveur de l&rsquo;utilisateur.<\/p>\n\n\n\n<h3 class=\"wp-block-heading\" id=\"h-liens-hypertextes\"><strong>Acc\u00e8s au site<\/strong><\/h3>\n\n\n\n<p>BE INVEST International S.A. se r\u00e9serve le droit de modifier, de r\u00e9silier, de suspendre ou d\u2019interrompre \u00e0 tout moment, pour toutes raisons et \u00e0 sa seule discr\u00e9tion, l\u2019acc\u00e8s \u00e0 tout ou partie du site KIPMI.com, y compris le contenu, les fonctionnalit\u00e9s ou les heures de disponibilit\u00e9 sans avis pr\u00e9alable.<\/p>\n\n\n\n<p>BE INVEST International S.A. n\u2019apporte aucune garantie quant au fonctionnement du pr\u00e9sent site de mani\u00e8re performante et ininterrompue.<\/p>\n\n\n\n<h3 class=\"wp-block-heading\" id=\"h-acces-au-site\"><strong>Liens hypertextes<\/strong><\/h3>\n\n\n\n<p>L\u2019existence de liens hypertextes vers d\u2019autres sites internet ne constitue ni une recommandation, ni une validation de ces sites et de leurs contenus par BE INVEST International S.A..<\/p>\n\n\n\n<p>Le contenu et le fonctionnement de ces sites restent sous la seule et enti\u00e8re responsabilit\u00e9 de chaque site concern\u00e9. BE INVEST International S.A. d\u00e9cline toute responsabilit\u00e9 quant au contenu des informations ou services fournis sur lesdits sites.<\/p>\n\n\n\n<h3 class=\"wp-block-heading\" id=\"h-propriete-intellectuelle\"><strong>Avertissement<\/strong><\/h3>\n\n\n\n<p>BE INVEST International S.A. met tout en \u0153uvre pour assurer l\u2019exactitude et la mise \u00e0 jour des informations fournies sur le site KIPMI.com.<\/p>\n\n\n\n<p>Toutefois, BE INVEST International S.A. ne saurait garantir l\u2019exactitude, l\u2019exhaustivit\u00e9 et l\u2019ad\u00e9quation des informations et \u00e9l\u00e9ments du site avec vos besoins professionnels ou personnels.<\/p>\n\n\n\n<p>La responsabilit\u00e9 de BE INVEST International S.A. et de ses filiales est exclue dans les limites autoris\u00e9es par la loi, pour toute demande en r\u00e9paration de tous dommages qui pourraient \u00eatre caus\u00e9s par l\u2019acc\u00e8s aux informations diffus\u00e9es sur le site KIPMI.com, par leur utilisation ou non-utilisation, par le mauvais usage de la connexion ou par des probl\u00e8mes techniques.<\/p>\n<\/div>\n<\/div>\n","protected":false},"excerpt":{"rendered":"<p>Mentions l\u00e9gales<\/p>\n","protected":false},"author":2,"featured_media":0,"parent":0,"menu_order":99,"comment_status":"closed","ping_status":"closed","template":"","meta":{"footnotes":""},"class_list":["post-1611","page","type-page","status-publish","hentry"],"yoast_head":"<!-- This site is optimized with the Yoast SEO plugin v25.5 - https:\/\/yoast.com\/wordpress\/plugins\/seo\/ -->\n<title>Conditions g\u00e9n\u00e9rales\u00a0 - Kipmi<\/title>\n<meta name=\"robots\" content=\"index, follow, max-snippet:-1, max-image-preview:large, max-video-preview:-1\" \/>\n<link rel=\"canonical\" href=\"https:\/\/www.kipmi.com\/index.php\/conditions-generales\/\" \/>\n<meta property=\"og:locale\" content=\"fr_FR\" \/>\n<meta property=\"og:type\" content=\"article\" \/>\n<meta property=\"og:title\" content=\"Conditions g\u00e9n\u00e9rales\u00a0 - Kipmi\" \/>\n<meta property=\"og:description\" content=\"Mentions l\u00e9gales\" \/>\n<meta property=\"og:url\" content=\"https:\/\/www.kipmi.com\/index.php\/conditions-generales\/\" \/>\n<meta property=\"og:site_name\" content=\"Kipmi\" \/>\n<meta property=\"article:modified_time\" content=\"2025-09-29T09:44:39+00:00\" \/>\n<meta name=\"twitter:card\" content=\"summary_large_image\" \/>\n<meta name=\"twitter:label1\" content=\"Dur\u00e9e de lecture estim\u00e9e\" \/>\n\t<meta name=\"twitter:data1\" content=\"5 minutes\" \/>\n<script type=\"application\/ld+json\" class=\"yoast-schema-graph\">{\"@context\":\"https:\/\/schema.org\",\"@graph\":[{\"@type\":\"WebPage\",\"@id\":\"https:\/\/www.kipmi.com\/index.php\/conditions-generales\/\",\"url\":\"https:\/\/www.kipmi.com\/index.php\/conditions-generales\/\",\"name\":\"Conditions g\u00e9n\u00e9rales\u00a0 - Kipmi\",\"isPartOf\":{\"@id\":\"https:\/\/www.kipmi.com\/#website\"},\"datePublished\":\"2025-02-14T13:55:01+00:00\",\"dateModified\":\"2025-09-29T09:44:39+00:00\",\"breadcrumb\":{\"@id\":\"https:\/\/www.kipmi.com\/index.php\/conditions-generales\/#breadcrumb\"},\"inLanguage\":\"fr-FR\",\"potentialAction\":[{\"@type\":\"ReadAction\",\"target\":[\"https:\/\/www.kipmi.com\/index.php\/conditions-generales\/\"]}]},{\"@type\":\"BreadcrumbList\",\"@id\":\"https:\/\/www.kipmi.com\/index.php\/conditions-generales\/#breadcrumb\",\"itemListElement\":[{\"@type\":\"ListItem\",\"position\":1,\"name\":\"Home\",\"item\":\"https:\/\/www.kipmi.com\/\"},{\"@type\":\"ListItem\",\"position\":2,\"name\":\"Conditions g\u00e9n\u00e9rales\u00a0\"}]},{\"@type\":\"WebSite\",\"@id\":\"https:\/\/www.kipmi.com\/#website\",\"url\":\"https:\/\/www.kipmi.com\/\",\"name\":\"Kipmi\",\"description\":\"Digital Trust Continuity\",\"publisher\":{\"@id\":\"https:\/\/www.kipmi.com\/#organization\"},\"potentialAction\":[{\"@type\":\"SearchAction\",\"target\":{\"@type\":\"EntryPoint\",\"urlTemplate\":\"https:\/\/www.kipmi.com\/?s={search_term_string}\"},\"query-input\":{\"@type\":\"PropertyValueSpecification\",\"valueRequired\":true,\"valueName\":\"search_term_string\"}}],\"inLanguage\":\"fr-FR\"},{\"@type\":\"Organization\",\"@id\":\"https:\/\/www.kipmi.com\/#organization\",\"name\":\"Kipmi\",\"url\":\"https:\/\/www.kipmi.com\/\",\"logo\":{\"@type\":\"ImageObject\",\"inLanguage\":\"fr-FR\",\"@id\":\"https:\/\/www.kipmi.com\/#\/schema\/logo\/image\/\",\"url\":\"https:\/\/www.kipmi.com\/wp-content\/uploads\/2025\/07\/logo-kipmi.svg\",\"contentUrl\":\"https:\/\/www.kipmi.com\/wp-content\/uploads\/2025\/07\/logo-kipmi.svg\",\"width\":636,\"height\":135,\"caption\":\"Kipmi\"},\"image\":{\"@id\":\"https:\/\/www.kipmi.com\/#\/schema\/logo\/image\/\"}}]}<\/script>\n<!-- \/ Yoast SEO plugin. -->","yoast_head_json":{"title":"Conditions g\u00e9n\u00e9rales\u00a0 - Kipmi","robots":{"index":"index","follow":"follow","max-snippet":"max-snippet:-1","max-image-preview":"max-image-preview:large","max-video-preview":"max-video-preview:-1"},"canonical":"https:\/\/www.kipmi.com\/index.php\/conditions-generales\/","og_locale":"fr_FR","og_type":"article","og_title":"Conditions g\u00e9n\u00e9rales\u00a0 - Kipmi","og_description":"Mentions l\u00e9gales","og_url":"https:\/\/www.kipmi.com\/index.php\/conditions-generales\/","og_site_name":"Kipmi","article_modified_time":"2025-09-29T09:44:39+00:00","twitter_card":"summary_large_image","twitter_misc":{"Dur\u00e9e de lecture estim\u00e9e":"5 minutes"},"schema":{"@context":"https:\/\/schema.org","@graph":[{"@type":"WebPage","@id":"https:\/\/www.kipmi.com\/index.php\/conditions-generales\/","url":"https:\/\/www.kipmi.com\/index.php\/conditions-generales\/","name":"Conditions g\u00e9n\u00e9rales\u00a0 - Kipmi","isPartOf":{"@id":"https:\/\/www.kipmi.com\/#website"},"datePublished":"2025-02-14T13:55:01+00:00","dateModified":"2025-09-29T09:44:39+00:00","breadcrumb":{"@id":"https:\/\/www.kipmi.com\/index.php\/conditions-generales\/#breadcrumb"},"inLanguage":"fr-FR","potentialAction":[{"@type":"ReadAction","target":["https:\/\/www.kipmi.com\/index.php\/conditions-generales\/"]}]},{"@type":"BreadcrumbList","@id":"https:\/\/www.kipmi.com\/index.php\/conditions-generales\/#breadcrumb","itemListElement":[{"@type":"ListItem","position":1,"name":"Home","item":"https:\/\/www.kipmi.com\/"},{"@type":"ListItem","position":2,"name":"Conditions g\u00e9n\u00e9rales\u00a0"}]},{"@type":"WebSite","@id":"https:\/\/www.kipmi.com\/#website","url":"https:\/\/www.kipmi.com\/","name":"Kipmi","description":"Digital Trust Continuity","publisher":{"@id":"https:\/\/www.kipmi.com\/#organization"},"potentialAction":[{"@type":"SearchAction","target":{"@type":"EntryPoint","urlTemplate":"https:\/\/www.kipmi.com\/?s={search_term_string}"},"query-input":{"@type":"PropertyValueSpecification","valueRequired":true,"valueName":"search_term_string"}}],"inLanguage":"fr-FR"},{"@type":"Organization","@id":"https:\/\/www.kipmi.com\/#organization","name":"Kipmi","url":"https:\/\/www.kipmi.com\/","logo":{"@type":"ImageObject","inLanguage":"fr-FR","@id":"https:\/\/www.kipmi.com\/#\/schema\/logo\/image\/","url":"https:\/\/www.kipmi.com\/wp-content\/uploads\/2025\/07\/logo-kipmi.svg","contentUrl":"https:\/\/www.kipmi.com\/wp-content\/uploads\/2025\/07\/logo-kipmi.svg","width":636,"height":135,"caption":"Kipmi"},"image":{"@id":"https:\/\/www.kipmi.com\/#\/schema\/logo\/image\/"}}]}},"_links":{"self":[{"href":"https:\/\/www.kipmi.com\/index.php\/wp-json\/wp\/v2\/pages\/1611","targetHints":{"allow":["GET"]}}],"collection":[{"href":"https:\/\/www.kipmi.com\/index.php\/wp-json\/wp\/v2\/pages"}],"about":[{"href":"https:\/\/www.kipmi.com\/index.php\/wp-json\/wp\/v2\/types\/page"}],"author":[{"embeddable":true,"href":"https:\/\/www.kipmi.com\/index.php\/wp-json\/wp\/v2\/users\/2"}],"replies":[{"embeddable":true,"href":"https:\/\/www.kipmi.com\/index.php\/wp-json\/wp\/v2\/comments?post=1611"}],"version-history":[{"count":6,"href":"https:\/\/www.kipmi.com\/index.php\/wp-json\/wp\/v2\/pages\/1611\/revisions"}],"predecessor-version":[{"id":4570,"href":"https:\/\/www.kipmi.com\/index.php\/wp-json\/wp\/v2\/pages\/1611\/revisions\/4570"}],"wp:attachment":[{"href":"https:\/\/www.kipmi.com\/index.php\/wp-json\/wp\/v2\/media?parent=1611"}],"curies":[{"name":"wp","href":"https:\/\/api.w.org\/{rel}","templated":true}]}}